{"id":3069,"date":"2022-06-19T22:10:56","date_gmt":"2022-06-19T20:10:56","guid":{"rendered":"https:\/\/www.madelsur.com\/?page_id=3069"},"modified":"2025-02-19T12:40:21","modified_gmt":"2025-02-19T11:40:21","slug":"politica-de-privacidad","status":"publish","type":"page","link":"https:\/\/pabano.com\/pt\/politica-de-privacidad\/","title":{"rendered":"pol\u00edtica de Privacidade"},"content":{"rendered":"<p><strong>pol\u00edtica de Privacidade<\/strong><\/p>\r\n<p>Este texto legal fornece detalhes sobre como coletamos e processamos seus dados pessoais por meio do uso do nosso site http:\/\/www.pabano.com, incluindo quaisquer informa\u00e7\u00f5es que voc\u00ea possa nos fornecer por meio do site quando fornecer seus dados por meio do formul\u00e1rio fornecido para essa finalidade.<\/p>\r\n<p>Ao nos fornecer seus dados, informamos que nossos servi\u00e7os n\u00e3o s\u00e3o poss\u00edveis para aquelas pessoas que est\u00e3o impedidas por lei de dar consentimento, portanto, ao nos enviar os formul\u00e1rios, voc\u00ea garante que tem capacidade suficiente para dar consentimento.<\/p>\r\n<p>Abaixo informamos sobre a pol\u00edtica de prote\u00e7\u00e3o de dados de: <strong>Dismaduch, SL<\/strong><\/p>\r\n<ol>\r\n<li><strong> Controlador de dados.<\/strong><\/li>\r\n<\/ol>\r\n<p>Dados de contato do respons\u00e1vel:<\/p>\r\n<p><strong>Dismaduch, SL, <\/strong>com CIF: B44983955 e endere\u00e7o em: Calle Canada n\u00ba 27, 29006 M\u00e1laga e telefone: 952336266. E-mail: dismaduchsl@outlook.com<\/p>\r\n<p>Registo Comercial de M\u00e1laga, Tomo 6323, Livro 5231, F\u00f3lio 183, Sec\u00e7\u00e3o 8, Folha MA173761, Inscri\u00e7\u00e3o 1 (21\/04\/23).<\/p>\r\n<p><strong>Dismaduch, SL<\/strong>, \u00e9 respons\u00e1vel pelos seus dados. (doravante n\u00f3s ou nosso).<\/p>\r\n<ol start=\"2\">\r\n<li><strong> Quais dados coletamos? <\/strong><\/li>\r\n<\/ol>\r\n<p>O Regulamento Geral de Prote\u00e7\u00e3o de Dados define o <strong>dados pessoais<\/strong> como qualquer informa\u00e7\u00e3o relativa a uma pessoa f\u00edsica identificada ou identific\u00e1vel, ou seja, qualquer informa\u00e7\u00e3o capaz de identificar uma pessoa. Isso n\u00e3o incluiria dados an\u00f4nimos ou percentuais.<\/p>\r\n<p>Os dados pessoais que possam ser recolhidos diretamente do interessado ser\u00e3o tratados de forma confidencial e ser\u00e3o incorporados nas correspondentes atividades de tratamento, titularidade dos mesmos. <strong>Dismaduch, SL<\/strong>.<\/p>\r\n<p>Em nosso site, podemos processar certos tipos de dados pessoais, que podem incluir:<\/p>\r\n<ul>\r\n<li>Dados de identidade: nome<\/li>\r\n<li>Informa\u00e7\u00f5es de contato: e-mail e telefone.<\/li>\r\n<\/ul>\r\n<p>N\u00e3o coletamos nenhum dado relacionado a categorias especiais de dados pessoais (aqueles que revelam sua origem racial ou \u00e9tnica, opini\u00f5es pol\u00edticas, cren\u00e7as religiosas ou filos\u00f3ficas, filia\u00e7\u00e3o sindical e informa\u00e7\u00f5es sobre sua sa\u00fade, dados gen\u00e9ticos ou biom\u00e9tricos).<\/p>\r\n<p>Se formos obrigados a coletar dados pessoais por lei ou pelos termos de um contrato entre n\u00f3s, e voc\u00ea se recusar a fornecer esses dados, talvez n\u00e3o consigamos executar o contrato ou fornecer o servi\u00e7o e voc\u00ea dever\u00e1 nos notificar com anteced\u00eancia.\u00a0<\/p>\r\n<ol start=\"3\">\r\n<li><strong> Como coletamos seus dados pessoais? <\/strong><\/li>\r\n<\/ol>\r\n<p>Os meios que usamos para coletar dados pessoais s\u00e3o:<\/p>\r\n<ul>\r\n<li><strong>Atrav\u00e9s do formul\u00e1rio no nosso site, atrav\u00e9s do nosso e-mail de contacto, por telefone ou correio, quando:<\/strong>\r\n<ul>\r\n<li>Solicite informa\u00e7\u00f5es sobre nossos produtos ou servi\u00e7os<\/li>\r\n<\/ul>\r\n<\/li>\r\n<\/ul>\r\n<p>Para garantir a qualidade do nosso portal, temos que reservar o <strong>direito de rejeitar qualquer pedido de registro<\/strong> ou suspender ou cancelar um registro previamente aceito se acreditarmos que ele n\u00e3o est\u00e1 em conformidade com esses requisitos ou qualquer outra lei ou regulamento. Se isso acontecer, tentaremos explicar os motivos da nossa decis\u00e3o, mas n\u00e3o podemos nos comprometer a fazer isso em todos os casos.<\/p>\r\n<ul>\r\n<li><strong>Por meio de tecnologia ou intera\u00e7\u00f5es automatizadas<\/strong>: Em nosso site, podemos coletar automaticamente dados t\u00e9cnicos sobre seu equipamento, a\u00e7\u00f5es de navega\u00e7\u00e3o e padr\u00f5es de uso. Esses dados s\u00e3o coletados por meio de cookies ou tecnologias semelhantes. Se desejar mais informa\u00e7\u00f5es, pode consultar o nosso <a href=\"https:\/\/pabano.com\/pt\/politica-de-cookies\/\" target=\"_blank\" rel=\"noopener\">pol\u00edtica de cookies aqui<\/a>.<\/li>\r\n<li><strong>Por meio de terceiros:<\/strong>\r\n<ul>\r\n<li><strong>Google: <\/strong>dados anal\u00edticos ou dados de pesquisa. Fora da Uni\u00e3o Europeia.<\/li>\r\n<\/ul>\r\n<\/li>\r\n<\/ul>\r\n<ol start=\"4\">\r\n<li><strong> Finalidade e legitimidade do uso dos seus dados. <\/strong><\/li>\r\n<\/ol>\r\n<p>Os usos mais comuns dos seus dados pessoais s\u00e3o:<\/p>\r\n<ul>\r\n<li>Para a formaliza\u00e7\u00e3o de um contrato entre <strong>Dismaduch, SL<\/strong> e voc\u00ea.<\/li>\r\n<li>Quando voc\u00ea d\u00e1 seu consentimento para o processamento dos seus dados.<\/li>\r\n<li>Quando precisamos deles para cumprir uma obriga\u00e7\u00e3o legal ou regulat\u00f3ria.<\/li>\r\n<li>Quando necess\u00e1rio para nosso interesse leg\u00edtimo ou de terceiros.<\/li>\r\n<\/ul>\r\n<p>O Usu\u00e1rio poder\u00e1 revogar o consentimento dado a qualquer momento, enviando um e-mail para dismaduchsl@outlook.com ou consultando a se\u00e7\u00e3o sobre exerc\u00edcio de direitos abaixo.<\/p>\r\n<p>Abaixo, anexamos uma tabela na qual voc\u00ea pode consultar as formas como utilizaremos seus dados pessoais e a legitimidade para seu uso, al\u00e9m de saber que tipo de dados pessoais trataremos. Podemos processar alguns dados pessoais por motivos legais adicionais, portanto, se voc\u00ea precisar de detalhes sobre isso, envie um e-mail para dismaduchsl@outlook.com<\/p>\r\n<table width=\"670\">\r\n<tbody>\r\n<tr>\r\n<td width=\"118\">\r\n<p><strong>Forma<\/strong><\/p>\r\n<\/td>\r\n<td width=\"165\">\r\n<p><strong>Prop\u00f3sito<\/strong><\/p>\r\n<\/td>\r\n<td width=\"238\">\r\n<p><strong>Tipo de dados<\/strong><\/p>\r\n<\/td>\r\n<td width=\"150\">\r\n<p><strong>Legitimidade para seu tratamento<\/strong><\/p>\r\n<\/td>\r\n<\/tr>\r\n<tr>\r\n<td width=\"118\">\r\n<p>Contacto<\/p>\r\n<\/td>\r\n<td width=\"165\">\r\n<p>O objetivo \u00e9 gerenciar contatos e solicita\u00e7\u00f5es de informa\u00e7\u00f5es recebidas via web.<\/p>\r\n<\/td>\r\n<td width=\"238\">\r\n<p>-      Nome<\/p>\r\n<p>- E-mail<\/p>\r\n<p>-      Telefone<\/p>\r\n<p>&nbsp;<\/p>\r\n<\/td>\r\n<td width=\"150\">\r\n<p>Consentimento do interessado (art. 6.1.a RGPD)<\/p>\r\n<p>&nbsp;<\/p>\r\n<p>Medidas pr\u00e9-contratuais (art. 6.1.b RGPD)<\/p>\r\n<p>O processamento \u00e9 necess\u00e1rio para os fins dos interesses leg\u00edtimos prosseguidos pelo controlador (Art. 6.1f GDPR)<\/p>\r\n<\/td>\r\n<\/tr>\r\n<\/tbody>\r\n<\/table>\r\n<p><strong>Prop\u00f3sito<\/strong>: Usaremos seus dados somente para os prop\u00f3sitos para os quais os coletamos, a menos que consideremos razoavelmente que devemos us\u00e1-los para outro prop\u00f3sito, notificando-o com anteced\u00eancia para que voc\u00ea esteja ciente do motivo legal para process\u00e1-los e desde que o prop\u00f3sito seja compat\u00edvel com o prop\u00f3sito original.<\/p>\r\n<ol start=\"5\">\r\n<li><strong> Por quanto tempo reteremos seus dados?<\/strong><\/li>\r\n<\/ol>\r\n<p>Ser\u00e3o conservados durante o tempo necess\u00e1rio para cumprir a finalidade para a qual foram recolhidos e para determinar eventuais responsabilidades que possam advir da referida finalidade e do tratamento dos dados. Ser\u00e3o aplicadas as disposi\u00e7\u00f5es dos diferentes regulamentos relativos ao prazo de conserva\u00e7\u00e3o, na medida em que sejam aplic\u00e1veis a este tratamento.<\/p>\r\n<ol start=\"6\">\r\n<li><strong> Menores.<\/strong><\/li>\r\n<\/ol>\r\n<p><strong>Dismaduch, SL <\/strong>n\u00e3o autoriza menores de 14 anos a fornecerem seus dados pessoais atrav\u00e9s dos meios disponibilizados neste site (preenchimento de formul\u00e1rios web para solicita\u00e7\u00e3o de servi\u00e7os, contato ou envio de e-mails). Portanto, as pessoas que fornecem dados pessoais por estes meios declaram formalmente que s\u00e3o maiores de 14 anos e est\u00e3o <strong>Dismaduch, SL<\/strong> isento de qualquer responsabilidade pelo n\u00e3o cumprimento deste requisito.<\/p>\r\n<p>Se seu filho menor de idade tiver fornecido informa\u00e7\u00f5es pessoais para <strong>Dismaduch, SL<\/strong>, entre em contato conosco para solicitar o exerc\u00edcio dos seus direitos aplic\u00e1veis.<\/p>\r\n<p>Nos casos em que os servi\u00e7os oferecidos pela <strong>Dismaduch, SL<\/strong> forem destinados a menores de 14 anos, os meios disponibilizados ser\u00e3o mediante obten\u00e7\u00e3o da autoriza\u00e7\u00e3o dos pais ou respons\u00e1veis legais do menor.<\/p>\r\n<ol start=\"7\">\r\n<li><strong> Exerc\u00edcio dos direitos de prote\u00e7\u00e3o de dados:<\/strong><\/li>\r\n<\/ol>\r\n<p><strong>Como exercer esses direitos?<\/strong> Os usu\u00e1rios podem enviar uma comunica\u00e7\u00e3o para a sede social de <strong>Dismaduch, SL<\/strong> ou endere\u00e7o de e-mail dismaduchsl@outlook.com, incluindo em ambos os casos uma fotoc\u00f3pia do seu documento de identifica\u00e7\u00e3o ou outro documento de identifica\u00e7\u00e3o semelhante, para solicitar o exerc\u00edcio dos seguintes direitos:<\/p>\r\n<ul>\r\n<li><strong><u>Acesso<\/u><\/strong> aos seus dados pessoais: voc\u00ea pode perguntar <strong>Dismaduch, SL<\/strong> se voc\u00ea estiver usando seus dados pessoais.<\/li>\r\n<li>Para solicitar seu <strong><u>retifica\u00e7\u00e3o<\/u><\/strong>, se n\u00e3o estivessem corretas, ou para exercer o <strong><u>direito de ser esquecido<\/u><\/strong> com rela\u00e7\u00e3o a eles.<\/li>\r\n<li>Para solicitar o <strong><u>limita\u00e7\u00e3o do tratamento<\/u><\/strong>, neste caso, ser\u00e3o mantidos apenas por <strong>Dismaduch, SL<\/strong> para o exerc\u00edcio ou defesa de reivindica\u00e7\u00f5es<\/li>\r\n<li>PARA <strong><u>objeto<\/u><\/strong> para o seu tratamento: <strong>Dismaduch, SL<\/strong> permitir\u00e1 que os dados sejam processados da forma que voc\u00ea nos indicar, a menos que por motivos leg\u00edtimos ou para o exerc\u00edcio ou defesa de poss\u00edveis reivindica\u00e7\u00f5es, eles devam continuar sendo processados.<\/li>\r\n<li>Para o <strong><u>portabilidade <\/u><\/strong>dos dados: caso voc\u00ea queira que seus dados sejam processados por outra empresa, <strong>Dismaduch, SL<\/strong>, facilitar\u00e1 a portabilidade dos seus dados para o novo controlador.<\/li>\r\n<\/ul>\r\n<p>Voc\u00ea pode utilizar os formul\u00e1rios disponibilizados pela Ag\u00eancia Espanhola de Prote\u00e7\u00e3o de Dados para exercer seus direitos anteriores: <a href=\"https:\/\/www.aepd.es\/reglamento\/derechos\/index.html\" target=\"_blank\" rel=\"noopener\">Aqui<\/a><\/p>\r\n<p>Reclamar \u00e0 AEPD: se considerar que existe um problema com a forma como\u00a0\u00a0 <strong>Dismaduch, SL<\/strong> estiver processando seus dados, voc\u00ea poder\u00e1 direcionar suas reclama\u00e7\u00f5es \u00e0 autoridade de controle correspondente, que na Espanha \u00e9 a autoridade competente para essa finalidade: <a href=\"https:\/\/sedeagpd.gob.es\/sede-electronica-web\/vistas\/formNuevaReclamacion\/solicitudReclamacion.jsf;jsessionid=5085E2038B4210818633610065963C3E\" target=\"_blank\" rel=\"noopener\">Ag\u00eancia Espanhola de Prote\u00e7\u00e3o de Dados.<\/a><\/p>\r\n<p>Solicitaremos informa\u00e7\u00f5es espec\u00edficas para nos ajudar a confirmar sua identidade e garantir seu direito de acessar seus dados pessoais (ou exercer qualquer um dos outros direitos listados acima). Esta \u00e9 uma medida de seguran\u00e7a para garantir que dados pessoais n\u00e3o sejam divulgados a nenhuma pessoa que n\u00e3o tenha o direito de receb\u00ea-los.<\/p>\r\n<p>Resolveremos todas as solicita\u00e7\u00f5es dentro do prazo legalmente indicado de um m\u00eas. No entanto, pode levar mais de um m\u00eas se sua solicita\u00e7\u00e3o for particularmente complexa. Nesse caso, iremos notific\u00e1-lo e mant\u00ea-lo atualizado.<\/p>\r\n<ol start=\"8\">\r\n<li><strong> Comunica\u00e7\u00e3o de dados: presta\u00e7\u00e3o de servi\u00e7os.<\/strong><\/li>\r\n<\/ol>\r\n<p>No decorrer do nosso trabalho, poderemos necessitar da ajuda de terceiros, que apenas tratar\u00e3o os dados para prestar o servi\u00e7o contratado, e junto dos quais temos as medidas correspondentes para garantir os seus direitos:<\/p>\r\n<ul>\r\n<li>Provedores de servi\u00e7os que fornecem servi\u00e7os de tecnologia da informa\u00e7\u00e3o e administra\u00e7\u00e3o de sistemas.<\/li>\r\n<li>Consultores profissionais, incluindo advogados, auditores e seguradoras que prestam servi\u00e7os de consultoria banc\u00e1ria, jur\u00eddica, de seguros e de contabilidade<\/li>\r\n<\/ul>\r\n<p>Todos os processadores de dados para os quais transferimos seus dados respeitar\u00e3o a seguran\u00e7a dos seus dados pessoais e os tratar\u00e3o de acordo com o GDPR.<\/p>\r\n<p>Permitimos que tais processadores processem seus dados somente para finalidades espec\u00edficas e de acordo com nossas instru\u00e7\u00f5es. No entanto, para cumprir com a transpar\u00eancia, voc\u00ea pode solicitar uma lista dessas empresas que nos fornecem servi\u00e7os. Voc\u00ea pode fazer isso enviando um e-mail para: dismaduchsl@outlook.com<\/p>\r\n<ol start=\"9\">\r\n<li>9<strong>. Seguran\u00e7a de dados.<\/strong><\/li>\r\n<\/ol>\r\n<p>Implementamos medidas de seguran\u00e7a apropriadas para evitar que seus dados pessoais sejam acidentalmente perdidos, usados ou acessados de forma n\u00e3o autorizada, alterados ou divulgados. Al\u00e9m disso, limitamos o acesso aos seus dados pessoais aos funcion\u00e1rios, contratados, agentes e outros terceiros que tenham necessidade comercial de conhecer tais dados. Eles processar\u00e3o seus dados pessoais somente de acordo com nossas instru\u00e7\u00f5es e estar\u00e3o sujeitos ao dever de confidencialidade.<\/p>\r\n<p>Implementamos procedimentos para lidar com qualquer suspeita de viola\u00e7\u00e3o de dados pessoais e notificaremos voc\u00ea e a Autoridade Supervisora caso ocorra uma viola\u00e7\u00e3o de seguran\u00e7a, conforme regulamentado no GDPR em seus artigos 33 e 34.<\/p>","protected":false},"excerpt":{"rendered":"<p>Pol\u00edtica de Privacidad Este texto legal le da detalles de c\u00f3mo recopilamos y procesamos sus datos personales a trav\u00e9s del uso de nuestro sitio web http:\/\/www.pabano.com, incluyendo cualquier informaci\u00f3n que pueda proporcionarnos a trav\u00e9s del sitio cuando proporciona sus datos a trav\u00e9s del formulario habilitado para tal fin. Al proporcionarnos los datos, le informamos que [&#8230;]\n","protected":false},"author":3484,"featured_media":0,"parent":0,"menu_order":0,"comment_status":"closed","ping_status":"closed","template":"page-blank-title-center.php","meta":{"footnotes":""},"class_list":["post-3069","page","type-page","status-publish","hentry"],"_links":{"self":[{"href":"https:\/\/pabano.com\/pt\/wp-json\/wp\/v2\/pages\/3069","targetHints":{"allow":["GET"]}}],"collection":[{"href":"https:\/\/pabano.com\/pt\/wp-json\/wp\/v2\/pages"}],"about":[{"href":"https:\/\/pabano.com\/pt\/wp-json\/wp\/v2\/types\/page"}],"author":[{"embeddable":true,"href":"https:\/\/pabano.com\/pt\/wp-json\/wp\/v2\/users\/3484"}],"replies":[{"embeddable":true,"href":"https:\/\/pabano.com\/pt\/wp-json\/wp\/v2\/comments?post=3069"}],"version-history":[{"count":9,"href":"https:\/\/pabano.com\/pt\/wp-json\/wp\/v2\/pages\/3069\/revisions"}],"predecessor-version":[{"id":3729,"href":"https:\/\/pabano.com\/pt\/wp-json\/wp\/v2\/pages\/3069\/revisions\/3729"}],"wp:attachment":[{"href":"https:\/\/pabano.com\/pt\/wp-json\/wp\/v2\/media?parent=3069"}],"curies":[{"name":"wp","href":"https:\/\/api.w.org\/{rel}","templated":true}]}}