{"id":3071,"date":"2022-06-19T22:11:16","date_gmt":"2022-06-19T22:11:16","guid":{"rendered":"https:\/\/www.madelsur.com\/?page_id=3071"},"modified":"2025-02-28T10:38:31","modified_gmt":"2025-02-28T09:38:31","slug":"politica-de-cookies","status":"publish","type":"page","link":"https:\/\/pabano.com\/pt\/politica-de-cookies\/","title":{"rendered":"Pol\u00edtica de cookies"},"content":{"rendered":"<p><strong>1.<\/strong><strong>&nbsp;O QUE S\u00c3O COOKIES?<\/strong><\/p>\n\n\n\n<p><strong>Dismaduch, SL<\/strong> \u00e9 respons\u00e1vel pelo site http:\/\/www.pabano.com, e utiliza cookies e\/ou outros arquivos com funcionalidade semelhante (doravante \u201cCookies\u201d).<\/p>\n\n\n\n<p>Um cookie \u00e9 um arquivo de texto que um site, aplicativo ou outra plataforma salva no seu dispositivo, como computador, tablet ou smartphone. Cont\u00e9m informa\u00e7\u00f5es sobre sua navega\u00e7\u00e3o ou uso, como uma tag que identifica seu dispositivo. Os cookies s\u00e3o necess\u00e1rios para facilitar a navega\u00e7\u00e3o e entender como os usu\u00e1rios interagem com os sites, permitindo melhorias. Eles tamb\u00e9m s\u00e3o \u00fateis para personalizar publicidade de acordo com suas prefer\u00eancias e para outros prop\u00f3sitos detalhados abaixo. Os cookies n\u00e3o danificam seu dispositivo.<\/p>\n\n\n\n<p><strong>2.<\/strong><strong>&nbsp;TIPOS DE COOKIES<\/strong><\/p>\n\n\n\n<p>Revise esta se\u00e7\u00e3o que fornece uma vis\u00e3o geral dos diferentes tipos de cookies que podem ser usados em um ambiente online.<\/p>\n\n\n\n<p>Dependendo do propriet\u00e1rio dos cookies, eles podem ser classificados como:<\/p>\n\n\n\n<ol style=\"list-style-type:lower-alpha\" class=\"wp-block-list\">\n<li>Cookies pr\u00f3prios: S\u00e3o aqueles enviados ao computador ou dispositivo do utilizador a partir do computador ou dom\u00ednio gerido pelo pr\u00f3prio editor, que fornece o site ou servi\u00e7o solicitado pelo utilizador.<\/li>\n\n\n\n<li>Cookies de terceiros: s\u00e3o aqueles que s\u00e3o enviados ao computador ou dispositivo do usu\u00e1rio a partir de um computador ou dom\u00ednio que n\u00e3o \u00e9 gerenciado pelo editor, mas por outra entidade que processa os dados obtidos por meio dos cookies.<\/li>\n<\/ol>\n\n\n\n<p>Dependendo da finalidade do Cookie, eles podem ser classificados como:<\/p>\n\n\n\n<ul class=\"wp-block-list\">\n<li>O <strong><u>Cookies estritamente necess\u00e1rios (t\u00e9cnicos)<\/u><\/strong> S\u00e3o aqueles que permitem ao usu\u00e1rio navegar em um site, plataforma ou aplicativo e utilizar as diferentes op\u00e7\u00f5es ou servi\u00e7os oferecidos nele. Esses cookies desempenham fun\u00e7\u00f5es essenciais, como controlar o tr\u00e1fego, identificar dados ou sess\u00f5es, acessar se\u00e7\u00f5es restritas, lembrar elementos de um pedido, gerenciar pagamentos, garantir a seguran\u00e7a do servi\u00e7o, permitir a participa\u00e7\u00e3o em eventos, armazenar conte\u00fado multim\u00eddia e compartilhar conte\u00fado em redes sociais. Esses cookies t\u00e9cnicos s\u00e3o baixados automaticamente quando o site \u00e9 exibido ou o servi\u00e7o solicitado pelo usu\u00e1rio \u00e9 fornecido.<\/li>\n<\/ul>\n\n\n\n<ul class=\"wp-block-list\">\n<li>O <strong><u>Cookies de funcionalidade ou personaliza\u00e7\u00e3o<\/u><\/strong> S\u00e3o aqueles que permitem que informa\u00e7\u00f5es sejam lembradas para fornecer ao usu\u00e1rio um servi\u00e7o ou plataforma com caracter\u00edsticas espec\u00edficas que diferenciem sua experi\u00eancia da de outros usu\u00e1rios. Esses recursos podem incluir o idioma, o n\u00famero de resultados exibidos em uma pesquisa, a apar\u00eancia ou o conte\u00fado do servi\u00e7o dependendo do navegador usado ou da regi\u00e3o de onde o servi\u00e7o \u00e9 acessado, entre outros. N\u00e3o aceitar esses cookies pode resultar em desempenho lento do site ou recomenda\u00e7\u00f5es inadequadas.<\/li>\n<\/ul>\n\n\n\n<ul class=\"wp-block-list\">\n<li>O <strong><u>cookies anal\u00edticos<\/u><\/strong> Eles s\u00e3o usados para coletar informa\u00e7\u00f5es sobre o n\u00famero de usu\u00e1rios, as se\u00e7\u00f5es visitadas no site e sua intera\u00e7\u00e3o com ele. Esses dados s\u00e3o usados para realizar uma an\u00e1lise estat\u00edstica de como os usu\u00e1rios utilizam o servi\u00e7o, com o objetivo de identificar \u00e1reas de melhoria com base nos padr\u00f5es de uso.<\/li>\n<\/ul>\n\n\n\n<ul class=\"wp-block-list\">\n<li>O <strong><u>cookies de publicidade comportamental<\/u><\/strong> Eles registram e armazenam informa\u00e7\u00f5es sobre os h\u00e1bitos de navega\u00e7\u00e3o dos usu\u00e1rios, o que facilita a cria\u00e7\u00e3o de perfis espec\u00edficos para exibir an\u00fancios personalizados. Esses cookies permitem a gest\u00e3o eficiente dos espa\u00e7os publicit\u00e1rios que o editor incluiu, seja diretamente ou em colabora\u00e7\u00e3o com terceiros.<\/li>\n<\/ul>\n\n\n\n<p><strong>3.<\/strong><strong>&nbsp;FINALIDADE DOS COOKIES NO NOSSO SITE<\/strong><\/p>\n\n\n\n<p>Os cookies desempenham um papel fundamental no funcionamento do nosso site. Seu principal objetivo \u00e9 permitir uma navega\u00e7\u00e3o mais confort\u00e1vel e eficiente. Por exemplo, eles s\u00e3o usados para lembrar suas prefer\u00eancias durante a navega\u00e7\u00e3o e em visitas futuras.<\/p>\n\n\n\n<p>Eles tamb\u00e9m nos ajudam a personalizar a publicidade com base em seus h\u00e1bitos de navega\u00e7\u00e3o. As informa\u00e7\u00f5es coletadas por meio de cookies nos permitem fazer estimativas estat\u00edsticas e an\u00e1lises de uso, como o n\u00famero de visitas e as se\u00e7\u00f5es mais visitadas. Isso nos permite melhorar nossos servi\u00e7os e adaptar a plataforma aos seus interesses individuais.<\/p>\n\n\n\n<p>\u00c0s vezes, usamos cookies para coletar informa\u00e7\u00f5es que nos permitem exibir an\u00fancios com base em seus h\u00e1bitos de navega\u00e7\u00e3o em nossa plataforma e outras plataformas de terceiros.<\/p>\n\n\n\n<p>Abaixo detalhamos os terceiros que podem configurar e acessar Cookies no seu computador, bem como as finalidades para as quais as informa\u00e7\u00f5es que eles armazenam s\u00e3o utilizadas:<\/p>\n\n\n\n<figure class=\"wp-block-table\"><table class=\"has-fixed-layout\"><tbody><tr><td><strong>PROP\u00d3SITO<\/strong><\/td><td><strong>TERCEIRO<\/strong><\/td><td><strong>MAIS INFORMA\u00c7\u00d5ES<\/strong><\/td><\/tr><tr><td>An\u00e1lise: Cookies anal\u00edticos s\u00e3o usados<br>para criar perfis de navega\u00e7\u00e3o e poder<br>conhecer as prefer\u00eancias dos usu\u00e1rios com<br>a fim de melhorar a oferta de produtos e servi\u00e7os.<\/td><td>Google<\/td><td><a href=\"https:\/\/developers.google.com\/analytics\/devguides\/collection\/analyticsjs\/cookie-usage\" target=\"_blank\" rel=\"noreferrer noopener\">Clique aqui<\/a><\/td><\/tr><tr><td>An\u00e1lise<\/td><td>Google<\/td><td>O Google Analytics usa cookies para coletar dados sobre a navega\u00e7\u00e3o dos usu\u00e1rios, para gerar estat\u00edsticas sobre o tr\u00e1fego da web e o comportamento do usu\u00e1rio. Esses dados nos ajudam a melhorar sua experi\u00eancia na web e o desempenho do site.<\/td><\/tr><tr><td>An\u00fancio<\/td><td>Conformidade<\/td><td>Complianz \u00e9 um plugin do WordPress que gerencia os cookies necess\u00e1rios para exibir o banner de consentimento de cookies e permitir a configura\u00e7\u00e3o do usu\u00e1rio. Garante que o site esteja em conformidade com os regulamentos de privacidade gerenciando consentimentos de cookies automaticamente.<\/td><\/tr><\/tbody><\/table><\/figure>\n\n\n\n<p><strong>4.<\/strong><strong>&nbsp;GEST\u00c3O DE COOKIES NO NOSSO SITE<\/strong><\/p>\n\n\n\n<p>No painel de configura\u00e7\u00f5es de cookies, que voc\u00ea pode acessar a qualquer momento em nossa plataforma, voc\u00ea encontrar\u00e1 informa\u00e7\u00f5es detalhadas sobre os cookies que usamos. Especifica sua finalidade, dura\u00e7\u00e3o e quem os gerencia (n\u00f3s ou terceiros). Este painel permite que voc\u00ea gerencie a ativa\u00e7\u00e3o e desativa\u00e7\u00e3o daqueles cookies que n\u00e3o s\u00e3o estritamente necess\u00e1rios para o funcionamento da plataforma, bem como alterar seu consentimento a qualquer momento.<\/p>\n\n\n\n<p>Voc\u00ea pode acessar as configura\u00e7\u00f5es pressionando <strong><u>aqui<\/u><\/strong>, para alterar suas prefer\u00eancias ou retirar seu consentimento (ativar link)<\/p>\n\n\n\n<p>Por outro lado, voc\u00ea tamb\u00e9m tem a op\u00e7\u00e3o de desabilitar o uso de cookies no seu navegador enquanto navega na Internet. Veja como configurar isso nos navegadores mais comuns:<\/p>\n\n\n\n<ul class=\"wp-block-list\">\n<li><a href=\"https:\/\/support.google.com\/chrome\/answer\/95647?co=GENIE.Platform=Desktop&amp;&amp;hl=es\" target=\"_blank\" rel=\"noreferrer noopener\">Google Chrome<\/a><\/li>\n\n\n\n<li><a href=\"https:\/\/support.mozilla.org\/es\/kb\/impedir-que-los-sitios-web-guarden-sus-preferencia\" target=\"_blank\" rel=\"noreferrer noopener\">Mozilla Firefox<\/a><\/li>\n\n\n\n<li><a href=\"https:\/\/support.microsoft.com\/es-es\/help\/17442\/windows-internet-explorer-delete-manage-cookies\" target=\"_blank\" rel=\"noreferrer noopener\">Internet Explorer<\/a><\/li>\n\n\n\n<li><a href=\"https:\/\/privacy.microsoft.com\/es-ES\/windows-10-microsoft-edge-and-privacy\" target=\"_blank\" rel=\"noreferrer noopener\">Microsoft borda<\/a><\/li>\n\n\n\n<li><a href=\"https:\/\/support.apple.com\/es-es\/HT201265\" target=\"_blank\" rel=\"noreferrer noopener\">Saf\u00e1ri<\/a><\/li>\n\n\n\n<li><a href=\"http:\/\/help.opera.com\/Linux\/10.60\/es-ES\/cookies.html\" target=\"_blank\" rel=\"noreferrer noopener\">\u00d3pera<\/a><\/li>\n<\/ul>\n\n\n\n<p>Voc\u00ea pode exercer esta op\u00e7\u00e3o para evitar o uso de Cookies a qualquer momento. Observe que a gest\u00e3o do painel de configura\u00e7\u00e3o de Cookies e a op\u00e7\u00e3o de rejeit\u00e1-los s\u00e3o espec\u00edficas para cada navegador que voc\u00ea utiliza.<\/p>\n\n\n\n<p>Portanto, se voc\u00ea configurar os Cookies de uma determinada maneira em um dispositivo e quiser que essa op\u00e7\u00e3o se aplique de maneira semelhante em outro dispositivo, voc\u00ea precisar\u00e1 ativar a mesma op\u00e7\u00e3o nesse outro dispositivo.<\/p>\n\n\n\n<p>O usu\u00e1rio deve levar em considera\u00e7\u00e3o que algumas funcionalidades dos conte\u00fados do nosso site somente estar\u00e3o dispon\u00edveis se for permitida a instala\u00e7\u00e3o de Cookies no seu navegador. Se voc\u00ea decidir n\u00e3o aceitar ou bloquear determinados Cookies (dependendo da sua finalidade), isso poder\u00e1 afetar, no todo ou em parte, o funcionamento normal do Site ou impedir o acesso a alguns de seus servi\u00e7os.<\/p>\n\n\n\n<p><strong>5.<\/strong><strong>&nbsp;USO DE INFORMA\u00c7\u00d5ES ARMAZENADAS EM COOKIES<\/strong><\/p>\n\n\n\n<p>As informa\u00e7\u00f5es armazenadas nos Cookies em nosso site s\u00e3o usadas somente por n\u00f3s. No entanto, alguns Cookies de terceiros, gerenciados por entidades externas, podem ser usados para nos fornecer servi\u00e7os adicionais. Para mais detalhes, consulte nosso painel de configura\u00e7\u00f5es de Cookies, acess\u00edvel a qualquer momento em nosso site.<\/p>\n\n\n\n<p>Recomendamos que voc\u00ea revise nossa Pol\u00edtica de Privacidade em nosso site para obter informa\u00e7\u00f5es detalhadas sobre como seus dados pessoais s\u00e3o tratados em nossa colabora\u00e7\u00e3o com terceiros, bem como em transfer\u00eancias internacionais de dados. Al\u00e9m disso, recomendamos que voc\u00ea revise as pol\u00edticas de privacidade e as configura\u00e7\u00f5es de privacidade desses colaboradores terceirizados por meio de suas pr\u00f3prias plataformas.<\/p>\n\n\n\n<p><strong>6.<\/strong><strong>&nbsp;ATUALIZA\u00c7\u00d5ES E ALTERA\u00c7\u00d5ES NA POL\u00cdTICA DE COOKIES<\/strong><\/p>\n\n\n\n<p><strong>Dismaduch, SL<\/strong> poder\u00e1 modificar esta Pol\u00edtica de Cookies em fun\u00e7\u00e3o de novas exig\u00eancias legislativas ou regulamentares, ou com a finalidade de adaptar a referida pol\u00edtica \u00e0s instru\u00e7\u00f5es emitidas pela Ag\u00eancia Espanhola de Prote\u00e7\u00e3o de Dados.<\/p>\n\n\n\n<p>Se desejar mais informa\u00e7\u00f5es sobre como usamos Cookies, envie-nos um e-mail para: <a href=\"mailto:pedidos@pabano.com\">pedidos@pabano.com<\/a><\/p>","protected":false},"excerpt":{"rendered":"<p>1.&nbsp;\u00bfQU\u00c9 SON LAS COOKIES? Dismaduch, S.L es responsable de la p\u00e1gina web http:\/\/www.pabano.com, y utiliza cookies y\/u otros archivos de funcionalidad similar (en adelante \u201cCookies\u201d). Una cookie es un archivo de texto que un sitio web, aplicaci\u00f3n u otra plataforma guarda en tu dispositivo, como tu computadora, tableta o tel\u00e9fono inteligente. Contiene informaci\u00f3n sobre tu [&#8230;]\n","protected":false},"author":3484,"featured_media":0,"parent":0,"menu_order":0,"comment_status":"closed","ping_status":"closed","template":"page-blank-title-center.php","meta":{"footnotes":""},"class_list":["post-3071","page","type-page","status-publish","hentry"],"_links":{"self":[{"href":"https:\/\/pabano.com\/pt\/wp-json\/wp\/v2\/pages\/3071","targetHints":{"allow":["GET"]}}],"collection":[{"href":"https:\/\/pabano.com\/pt\/wp-json\/wp\/v2\/pages"}],"about":[{"href":"https:\/\/pabano.com\/pt\/wp-json\/wp\/v2\/types\/page"}],"author":[{"embeddable":true,"href":"https:\/\/pabano.com\/pt\/wp-json\/wp\/v2\/users\/3484"}],"replies":[{"embeddable":true,"href":"https:\/\/pabano.com\/pt\/wp-json\/wp\/v2\/comments?post=3071"}],"version-history":[{"count":6,"href":"https:\/\/pabano.com\/pt\/wp-json\/wp\/v2\/pages\/3071\/revisions"}],"predecessor-version":[{"id":3801,"href":"https:\/\/pabano.com\/pt\/wp-json\/wp\/v2\/pages\/3071\/revisions\/3801"}],"wp:attachment":[{"href":"https:\/\/pabano.com\/pt\/wp-json\/wp\/v2\/media?parent=3071"}],"curies":[{"name":"wp","href":"https:\/\/api.w.org\/{rel}","templated":true}]}}