{"id":3667,"date":"2025-01-27T20:12:33","date_gmt":"2025-01-27T19:12:33","guid":{"rendered":"https:\/\/pabano.com\/?page_id=3667"},"modified":"2025-01-27T20:12:33","modified_gmt":"2025-01-27T19:12:33","slug":"empresas","status":"publish","type":"page","link":"https:\/\/pabano.com\/pt\/empresas\/","title":{"rendered":"empresas"},"content":{"rendered":"<section class=\"elementor-section elementor-top-section elementor-element elementor-element-5e5f23f elementor-section-boxed elementor-section-height-default elementor-section-height-default\" data-id=\"5e5f23f\" data-element_type=\"section\">\n<div class=\"elementor-container elementor-column-gap-default\">\n<div class=\"elementor-column elementor-col-100 elementor-top-column elementor-element elementor-element-e09a620\" data-id=\"e09a620\" data-element_type=\"column\">\n<div class=\"elementor-widget-wrap elementor-element-populated\">\n<div class=\"elementor-element elementor-element-40abc3f elementor-widget elementor-widget-heading\" data-id=\"40abc3f\" data-element_type=\"widget\" data-widget_type=\"heading.default\">\n<div class=\"elementor-widget-container\">\n<h2 class=\"elementor-heading-title elementor-size-default\">Estrat\u00e9gia com outras empresas<\/h2>\n<\/div>\n<\/div>\n<\/div>\n<\/div>\n<\/div>\n<\/section>\n<div class=\"elementor-element elementor-element-8976257 e-flex e-con-boxed e-con e-parent e-lazyloaded\" data-id=\"8976257\" data-element_type=\"container\">\n<div class=\"e-con-inner\">\n<div class=\"elementor-element elementor-element-a738a75 elementor-widget elementor-widget-text-editor\" data-id=\"a738a75\" data-element_type=\"widget\" data-widget_type=\"text-editor.default\">\n<div class=\"elementor-widget-container\"><main id=\"main\" class=\"site-main\" role=\"main\"><\/p>\n<div class=\"builder-wrap full-width\">\n<article id=\"post-9615\" class=\"post-9615 page type-page status-publish hentry\">\n<div class=\"entry-content\">\n<div class=\"elementor elementor-9615\" data-elementor-type=\"wp-page\" data-elementor-id=\"9615\" data-elementor-post-type=\"page\">\n<div class=\"elementor-element elementor-element-8976257 e-flex e-con-boxed e-con e-parent e-lazyloaded\" data-id=\"8976257\" data-element_type=\"container\">\n<div class=\"e-con-inner\">\n<div class=\"elementor-element elementor-element-a738a75 elementor-widget elementor-widget-text-editor\" data-id=\"a738a75\" data-element_type=\"widget\" data-widget_type=\"text-editor.default\">\n<div class=\"elementor-widget-container\">\n<p>Nosso aplicativo tamb\u00e9m conta com diversas empresas que oferecem uma grande variedade de servi\u00e7os que podem ajudar voc\u00ea com seu projeto:<\/p>\n<ul>\n<li class=\"p1\">Apresentamos-lhe um\u00a0<a title=\"EMPRESA DE GEST\u00c3O DE EDIF\u00cdCIOS QUITO\" href=\"https:\/\/contabilidaddeservicios.com\/administracion-de-edificios-y-condominios-quito\/\" target=\"_blank\" rel=\"noopener\">EMPRESA DE GEST\u00c3O DE EDIF\u00cdCIOS QUITO<\/a>. Que oferecem servi\u00e7os de qualidade de acordo com seu or\u00e7amento.<\/li>\n<\/ul>\n<\/div>\n<\/div>\n<\/div>\n<\/div>\n<\/div>\n<\/div>\n<\/article>\n<\/div>\n<p><\/main><\/div>\n<\/div>\n<\/div>\n<\/div>","protected":false},"excerpt":{"rendered":"<p>Estrategia con otras empresas Nuestra App tambi\u00e9n cuenta con una serie de empresas que prestan una gran variedad de servicios, los mismos que pueden ayudarle en su proyecto: Te presentamos una\u00a0EMPRESA DE ADMINISTRACI\u00d3N DE EDIFICIOS QUITO. Los cuales ofrecen servicios de calidad acordes a tu presupuesto.<\/p>","protected":false},"author":3486,"featured_media":0,"parent":0,"menu_order":0,"comment_status":"closed","ping_status":"closed","template":"","meta":{"footnotes":""},"class_list":["post-3667","page","type-page","status-publish","hentry"],"_links":{"self":[{"href":"https:\/\/pabano.com\/pt\/wp-json\/wp\/v2\/pages\/3667","targetHints":{"allow":["GET"]}}],"collection":[{"href":"https:\/\/pabano.com\/pt\/wp-json\/wp\/v2\/pages"}],"about":[{"href":"https:\/\/pabano.com\/pt\/wp-json\/wp\/v2\/types\/page"}],"author":[{"embeddable":true,"href":"https:\/\/pabano.com\/pt\/wp-json\/wp\/v2\/users\/3486"}],"replies":[{"embeddable":true,"href":"https:\/\/pabano.com\/pt\/wp-json\/wp\/v2\/comments?post=3667"}],"version-history":[{"count":1,"href":"https:\/\/pabano.com\/pt\/wp-json\/wp\/v2\/pages\/3667\/revisions"}],"predecessor-version":[{"id":3668,"href":"https:\/\/pabano.com\/pt\/wp-json\/wp\/v2\/pages\/3667\/revisions\/3668"}],"wp:attachment":[{"href":"https:\/\/pabano.com\/pt\/wp-json\/wp\/v2\/media?parent=3667"}],"curies":[{"name":"wp","href":"https:\/\/api.w.org\/{rel}","templated":true}]}}