{"id":71,"date":"2017-07-12T05:53:59","date_gmt":"2017-07-12T03:53:59","guid":{"rendered":"https:\/\/www.madelsur.com\/about\/"},"modified":"2024-10-04T13:07:08","modified_gmt":"2024-10-04T11:07:08","slug":"mamparas-de-bano-baratas","status":"publish","type":"page","link":"https:\/\/pabano.com\/pt\/mamparas-de-bano-baratas\/","title":{"rendered":"Divis\u00f3rias de chuveiro baratas \u2013 Outlet"},"content":{"rendered":"<section class=\"section\" id=\"section_1908927656\">\n\t\t<div class=\"section-bg fill\" >\n\t\t\t\t\t\t\t\t\t\n\t\t\t\n\n\t\t<\/div>\n\n\t\t\n\n\t\t<div class=\"section-content relative\">\n\t\t\t\n\n<div class=\"row\"  id=\"row-494077939\">\n\n\n\t<div id=\"col-1640137467\" class=\"col small-12 large-12\"  >\n\t\t\t\t<div class=\"col-inner\"  >\n\t\t\t\n\t\t\t\n\n<div class=\"container section-title-container\" ><h3 class=\"section-title section-title-center\"><b aria-hidden=\"true\"><\/b><span class=\"section-title-main\" >renovar a casa de banho sem gastar uma fortuna<\/span><b aria-hidden=\"true\"><\/b><\/h3><\/div>\n\n\t<div id=\"text-740546854\" class=\"text\">\n\t\t\n\n<p>D\u00ea uma vista de olhos a esta sele\u00e7\u00e3o de divis\u00f3rias de duche a pre\u00e7os reduzidos. As divis\u00f3rias de duche baratas s\u00e3o uma escolha popular para quem quer renovar a sua casa de banho sem gastar uma fortuna. Estas divis\u00f3rias oferecem uma solu\u00e7\u00e3o econ\u00f3mica e funcional para separar a zona do duche ou da banheira do resto da casa de banho, acrescentando ao mesmo tempo um toque de estilo e eleg\u00e2ncia. N\u00e3o perca a sec\u00e7\u00e3o outlet da Paba\u00f1o, a mesma qualidade a um pre\u00e7o reduzido.<\/p>\n\t\t\n<style>\n#text-740546854 {\n  text-align: center;\n}\n<\/style>\n\t<\/div>\n\t\n\t\n  \n    <div id=\"product-grid-1013628652\" class=\"row large-columns-4 medium-columns-3 small-columns-2 row-small row-masonry\" data-packery-options='{\"itemSelector\": \".col\", \"gutter\": 0, \"presentageWidth\" : true}'>\n\n  <\/div>\n\n<p>Estas <a href=\"https:\/\/pabano.com\/pt\/mamparas-de-ducha-en-malaga\/\">divis\u00f3rias de duche em Portugal<\/a> est\u00e3o dispon\u00edveis numa grande variedade de estilos e desenhos para se adaptarem a qualquer tipo de casa de banho. Pode encontrar biombos com portas deslizantes, dobr\u00e1veis ou rebat\u00edveis, permitindo-lhe escolher a op\u00e7\u00e3o que melhor se adapta ao espa\u00e7o dispon\u00edvel na sua casa de banho.<\/p>\n<p>Para al\u00e9m da sua fun\u00e7\u00e3o pr\u00e1tica, os biombos podem tamb\u00e9m melhorar a est\u00e9tica da sua casa de banho. O vidro transparente ou transl\u00facido utilizado cria uma sensa\u00e7\u00e3o de espa\u00e7o e luminosidade, fazendo com que a casa de banho pare\u00e7a maior e mais acolhedora.\u00a0<\/p>\n<p>Em suma, o <a href=\"https:\/\/pabano.com\/pt\/mamparas-de-ducha-en-malaga\/\">divis\u00f3rias de duche em Portugal<\/a> s\u00e3o uma op\u00e7\u00e3o econ\u00f3mica e funcional para renovar a sua casa de banho. Oferecem qualidade, durabilidade e uma grande variedade de desenhos que se adaptam \u00e0s suas necessidades e gostos pessoais. N\u00e3o \u00e9 necess\u00e1rio gastar uma fortuna para ter uma casa de banho moderna e elegante, as divis\u00f3rias de duche Paba\u00f1o s\u00e3o a solu\u00e7\u00e3o perfeita!<\/p>\n<p>N\u00e3o hesite em <a href=\"https:\/\/pabano.com\/pt\/contacto\/\" target=\"_blank\" rel=\"noopener\">pedir mais informa\u00e7\u00f5es<\/a>. Teremos todo o prazer em responder a todas as suas perguntas e oferecer-lhe a solu\u00e7\u00e3o que melhor se adapta \u00e0 sua casa de banho.<\/p>\n<div class=\"container section-title-container\" ><h3 class=\"section-title section-title-center\"><b aria-hidden=\"true\"><\/b><span class=\"section-title-main\" >Estes ecr\u00e3s s\u00e3o de menor qualidade?<\/span><b aria-hidden=\"true\"><\/b><\/h3><\/div>\n\n<p>Apesar do seu pre\u00e7o econ\u00f3mico, as divis\u00f3rias de duche baratas da Paba\u00f1o n\u00e3o comprometem a qualidade e a durabilidade. S\u00e3o fabricadas com materiais resistentes \u00e0 \u00e1gua e \u00e0 humidade, como o vidro temperado e o alum\u00ednio, o que garante a sua resist\u00eancia e durabilidade a longo prazo.<\/p>\n<p>O seu pre\u00e7o n\u00e3o tem nada a ver com a sua funcionalidade ou durabilidade. Estas divis\u00f3rias de duche t\u00eam pre\u00e7os especiais por raz\u00f5es que n\u00e3o est\u00e3o relacionadas com a sua qualidade. Pode ser devido \u00e0 renova\u00e7\u00e3o de stock, por estarem fora do cat\u00e1logo atual ou por qualquer raz\u00e3o comercial. Mas a Paba\u00f1o garante a sua qualidade, como qualquer outro dos seus produtos.<\/p>\n\n\t\t<\/div>\n\t\t\t\t\t<\/div>\n\n\t\n\n<\/div>\n\n\t\t<\/div>\n\n\t\t\n<style>\n#section_1908927656 {\n  padding-top: 30px;\n  padding-bottom: 30px;\n}\n<\/style>\n\t<\/section>","protected":false},"excerpt":{"rendered":"","protected":false},"author":3484,"featured_media":0,"parent":0,"menu_order":0,"comment_status":"closed","ping_status":"closed","template":"","meta":{"footnotes":""},"class_list":["post-71","page","type-page","status-publish","hentry"],"_links":{"self":[{"href":"https:\/\/pabano.com\/pt\/wp-json\/wp\/v2\/pages\/71","targetHints":{"allow":["GET"]}}],"collection":[{"href":"https:\/\/pabano.com\/pt\/wp-json\/wp\/v2\/pages"}],"about":[{"href":"https:\/\/pabano.com\/pt\/wp-json\/wp\/v2\/types\/page"}],"author":[{"embeddable":true,"href":"https:\/\/pabano.com\/pt\/wp-json\/wp\/v2\/users\/3484"}],"replies":[{"embeddable":true,"href":"https:\/\/pabano.com\/pt\/wp-json\/wp\/v2\/comments?post=71"}],"version-history":[{"count":13,"href":"https:\/\/pabano.com\/pt\/wp-json\/wp\/v2\/pages\/71\/revisions"}],"predecessor-version":[{"id":3455,"href":"https:\/\/pabano.com\/pt\/wp-json\/wp\/v2\/pages\/71\/revisions\/3455"}],"wp:attachment":[{"href":"https:\/\/pabano.com\/pt\/wp-json\/wp\/v2\/media?parent=71"}],"curies":[{"name":"wp","href":"https:\/\/api.w.org\/{rel}","templated":true}]}}