{"id":73,"date":"2017-07-12T05:54:01","date_gmt":"2017-07-12T05:54:01","guid":{"rendered":"https:\/\/www.madelsur.com\/contact-us\/"},"modified":"2024-10-17T20:34:59","modified_gmt":"2024-10-17T18:34:59","slug":"contacto","status":"publish","type":"page","link":"https:\/\/pabano.com\/pt\/contacto\/","title":{"rendered":"Contacto"},"content":{"rendered":"<section class=\"section\" id=\"section_308961806\">\n\t\t<div class=\"section-bg fill\" >\n\t\t\t\t\t\t\t\t\t\n\t\t\t\n\n\t\t<\/div>\n\n\t\t\n\n\t\t<div class=\"section-content relative\">\n\t\t\t\n\n\n  <div class=\"banner has-hover\" id=\"banner-1550743206\">\n          <div class=\"banner-inner fill\">\n        <div class=\"banner-bg fill\" >\n            <img loading=\"lazy\" decoding=\"async\" width=\"1600\" height=\"900\" src=\"https:\/\/pabano.com\/wp-content\/uploads\/2022\/05\/1600x900px.jpg\" class=\"bg attachment-original size-original\" alt=\"\" \/>                        <div class=\"overlay\"><\/div>            \n                    <\/div>\n\t\t\n        <div class=\"banner-layers container\">\n            <div class=\"fill banner-link\"><\/div>            \n\n   <div id=\"text-box-871593323\" class=\"text-box banner-layer x95 md-x95 lg-x95 y50 md-y50 lg-y50 res-text\">\n                                <div class=\"text-box-content text\">\n              \n              <div class=\"text-inner text-right\">\n                  \n\n<h2 class=\"uppercase\"><strong>Precisa de informa\u00e7\u00f5es?<\/strong><\/h2>\n<h3>Contacto connosco<\/h3>\n\n              <\/div>\n           <\/div>\n                            \n<style>\n#text-box-871593323 {\n  width: 78%;\n}\n#text-box-871593323 .text-box-content {\n  font-size: 100%;\n}\n@media (min-width:550px) {\n  #text-box-871593323 {\n    width: 65%;\n  }\n}\n<\/style>\n    <\/div>\n \n\n        <\/div>\n      <\/div>\n\n            \n<style>\n#banner-1550743206 {\n  padding-top: 400px;\n  background-color: rgb(255, 255, 255);\n}\n#banner-1550743206 .overlay {\n  background-color: rgba(190, 190, 190, 0.2);\n}\n#banner-1550743206 .banner-bg img {\n  object-position: 0% 84%;\n}\n<\/style>\n  <\/div>\n\n\n<div class=\"row row-box-shadow-2\"  id=\"row-26390566\">\n\n\n\t<div id=\"col-235630770\" class=\"col medium-6 small-12 large-6\"  >\n\t\t\t\t<div class=\"col-inner\"  >\n\t\t\t\n\t\t\t\n\n<h3>Enviar-nos uma mensagem<\/h3>\n\n<div class=\"wpcf7 no-js\" id=\"wpcf7-f1754-o1\" lang=\"en-US\" dir=\"ltr\" data-wpcf7-id=\"1754\">\n<div class=\"screen-reader-response\"><p role=\"status\" aria-live=\"polite\" aria-atomic=\"true\"><\/p> <ul><\/ul><\/div>\n<form action=\"\/pt\/wp-json\/wp\/v2\/pages\/73#wpcf7-f1754-o1\" method=\"post\" class=\"wpcf7-form init\" aria-label=\"Formul\u00e1rio de contato\" enctype=\"multipart\/form-data\" novalidate=\"novalidate\" data-status=\"init\" data-trp-original-action=\"\/pt\/wp-json\/wp\/v2\/pages\/73#wpcf7-f1754-o1\">\n<fieldset class=\"hidden-fields-container\"><input type=\"hidden\" name=\"_wpcf7\" value=\"1754\" \/><input type=\"hidden\" name=\"_wpcf7_version\" value=\"6.1.5\" \/><input type=\"hidden\" name=\"_wpcf7_locale\" value=\"en_US\" \/><input type=\"hidden\" name=\"_wpcf7_unit_tag\" value=\"wpcf7-f1754-o1\" \/><input type=\"hidden\" name=\"_wpcf7_container_post\" value=\"0\" \/><input type=\"hidden\" name=\"_wpcf7_posted_data_hash\" value=\"\" \/><input type=\"hidden\" name=\"_wpcf7dtx_version\" value=\"5.0.5\" \/><input type=\"hidden\" name=\"_wpcf7_recaptcha_response\" value=\"\" \/>\n<\/fieldset>\n<p><label> O seu nome (obrigat\u00f3rio)<br \/>\n<span class=\"wpcf7-form-control-wrap\" data-name=\"su-nombre\"><input size=\"40\" maxlength=\"400\" class=\"wpcf7-form-control wpcf7-text wpcf7-validates-as-required\" aria-required=\"true\" aria-invalid=\"false\" placeholder=\"Introduza o seu nome\" value=\"\" type=\"text\" name=\"su-nombre\" \/><\/span> <\/label>\n<\/p>\n<p><label> Telefone (obrigat\u00f3rio)<br \/>\n<span class=\"wpcf7-form-control-wrap\" data-name=\"TELEFONO\"><input size=\"40\" maxlength=\"400\" class=\"wpcf7-form-control wpcf7-tel wpcf7-validates-as-required wpcf7-text wpcf7-validates-as-tel\" aria-required=\"true\" aria-invalid=\"false\" value=\"\" type=\"tel\" name=\"TELEFONO\" \/><\/span> <\/label>\n<\/p>\n<p><label> O seu e-mail (obrigat\u00f3rio)<br \/>\n<span class=\"wpcf7-form-control-wrap\" data-name=\"su-email\"><input size=\"40\" maxlength=\"400\" class=\"wpcf7-form-control wpcf7-email wpcf7-validates-as-required wpcf7-text wpcf7-validates-as-email\" aria-required=\"true\" aria-invalid=\"false\" placeholder=\"Digite seu e-mail\" value=\"\" type=\"email\" name=\"su-email\" \/><\/span> <\/label>\n<\/p>\n<p><label> Selecione um produto<br \/>\n<span class=\"wpcf7-form-control-wrap\" data-name=\"productos\"><select class=\"wpcf7-form-control wpcf7-select wpcf7-validates-as-required\" aria-required=\"true\" aria-invalid=\"false\" name=\"productos\"><option value=\"Seleccione un producto\">Selecione um produto<\/option><option value=\"Repuestos\">Pe\u00e7as de substitui\u00e7\u00e3o<\/option><option value=\"Plato de Ducha ZENIT\">Base de duche ZENIT<\/option><option value=\"Mampara de ba\u00f1o AB-3610\">Divis\u00f3ria de duche AB-3610<\/option><option value=\"Mampara de ba\u00f1o AB-3700\">Divis\u00f3ria de duche AB-3700<\/option><option value=\"Mampara de ba\u00f1o AB-3900\">Divis\u00f3ria de duche AB-3900<\/option><option value=\"Mampara de ba\u00f1o AB-3930\">Divis\u00f3ria de duche AB-3930<\/option><option value=\"Mampara de ba\u00f1o AV-5961\">Divis\u00f3ria de duche AV-5961<\/option><option value=\"Mampara de ba\u00f1o LA-5303\">Divis\u00f3ria de duche LA-5303<\/option><option value=\"Mampara de ba\u00f1o LA-5503\">Divis\u00f3ria de duche LA-5503<\/option><option value=\"Mampara de ba\u00f1o LA-5508\">Divis\u00f3ria de duche LA-5508<\/option><option value=\"Mampara de ba\u00f1o LA-5606\">Divis\u00f3ria de duche LA-5506<\/option><option value=\"Mampara de ba\u00f1o LC-5300\">Divis\u00f3ria de duche LC-5300<\/option><option value=\"Mampara de ba\u00f1o LC-5310\">Divis\u00f3ria de duche LC-5310<\/option><option value=\"Mampara de ba\u00f1o LC-5500\">Divis\u00f3ria de duche LC-5500<\/option><option value=\"Mampara de ba\u00f1o LC-5510\">Divis\u00f3ria de duche LC-5510<\/option><option value=\"Mampara de ba\u00f1o LC-5570\">Divis\u00f3ria de duche LC-5570<\/option><option value=\"Mampara de ba\u00f1o LC-5600\">Divis\u00f3ria de duche LC-5600<\/option><option value=\"Mampara de ba\u00f1o LC-5707\">Divis\u00f3ria de duche LC-5707<\/option><option value=\"Mampara de ba\u00f1o LC-5800\">Divis\u00f3ria de duche LC-5800<\/option><option value=\"Mampara de ba\u00f1o PL-3401\">Divis\u00f3ria de duche PL-3401<\/option><option value=\"Mampara de ba\u00f1o PL-3500\">Divis\u00f3ria de duche PL-3500<\/option><option value=\"Mampara de ba\u00f1o PL-3501\">Divis\u00f3ria de duche PL-3501<\/option><option value=\"Mampara de ba\u00f1o PL-3502\">Divis\u00f3ria de duche PL-3502<\/option><option value=\"Mampara de ba\u00f1o PL-3504\">Divis\u00f3ria de duche PL-3504<\/option><option value=\"Mampara de ba\u00f1o PL-3600\">Divis\u00f3ria de duche PL-3600<\/option><option value=\"Mampara de ducha BS-7111\">Divis\u00f3ria de duche BS-7111<\/option><option value=\"Mampara de ducha BS-7400\">Divis\u00f3ria de duche BS-7400<\/option><option value=\"Mampara de ducha BS-7510\">Divis\u00f3ria de duche BS-7510<\/option><option value=\"Mampara de ducha BS-7600\">Divis\u00f3ria de duche BS-7600<\/option><option value=\"Mampara de ducha BS-7710\">Divis\u00f3ria de duche BS-7710<\/option><option value=\"Mampara de ducha BS-7711\">Divis\u00f3ria de duche BS-7711<\/option><option value=\"Mampara de ducha CR-1005\">Divis\u00f3ria de duche CR-1005<\/option><option value=\"Mampara de ducha CR-1013\">Divis\u00f3ria de duche CR-1013<\/option><option value=\"Mampara de ducha CR-1014\">Divis\u00f3ria de duche CR-1014<\/option><option value=\"Mampara de ducha LC-6100\">Divis\u00f3ria de duche LC-6100<\/option><option value=\"Mampara de ducha LC-6220\">Divis\u00f3ria de duche LC-6220<\/option><option value=\"Mampara de ducha LC-6540\">Divis\u00f3ria de duche LC-6540<\/option><option value=\"Mampara de ducha LC-6550\">Divis\u00f3ria de duche LC-6550<\/option><option value=\"Mampara de ducha LC-6570\">Divis\u00f3ria de duche LC-6570<\/option><option value=\"Mampara de ducha LC-6700\">Divis\u00f3ria de duche LC-6700<\/option><option value=\"Mampara de ducha LC-9300\">Divis\u00f3ria de duche LC-9300<\/option><option value=\"Mampara de ducha LC-9500\">Divis\u00f3ria de duche LC-9500<\/option><option value=\"Mampara de ducha LC-9600\">Divis\u00f3ria de duche LC-9600<\/option><option value=\"Mampara de ducha OX-8121\">Divis\u00f3ria de duche OX-8121<\/option><option value=\"Mampara de ducha OX-8295\">Divis\u00f3ria de duche OX-8295<\/option><option value=\"Mampara de ducha OX-8495\">Divis\u00f3ria de duche OX-8495<\/option><option value=\"Mampara de ducha OX-8660\">Divis\u00f3ria de duche OX-8660<\/option><option value=\"Mampara de ducha OX-8717\">Divis\u00f3ria de duche OX-8717<\/option><option value=\"Mampara de ducha SN-8121\">Divis\u00f3ria de duche SN-8121<\/option><option value=\"Mampara de ducha SN-8295\">Divis\u00f3ria de duche SN-8295<\/option><option value=\"Mampara de ducha SN-8495\">Divis\u00f3ria de duche SN-8495<\/option><option value=\"Mampara de ducha SN-8660\">Divis\u00f3ria de duche SN-8660<\/option><option value=\"Mampara de ducha SN-8717\">Divis\u00f3ria de duche SN-8717<\/option><option value=\"Mampara de ducha ST-1450\">Divis\u00f3ria de duche ST-1450<\/option><option value=\"Mampara de ducha ST-1451\">Divis\u00f3ria de duche ST-1451<\/option><option value=\"Mampara de ducha VT-8121\">Divis\u00f3ria de duche VT-8121<\/option><option value=\"Mampara de ducha VT-8295\">Divis\u00f3ria de duche VT-8295<\/option><option value=\"Mampara de ducha VT-8495\">Divis\u00f3ria de duche VT-8495<\/option><option value=\"Mampara de ducha VT-8660\">Divis\u00f3ria de duche VT-8660<\/option><option value=\"Mampara de ducha VT-8717\">Divis\u00f3ria de duche VT-8717<\/option><\/select><\/span><br \/>\n<\/label>\n<\/p>\n<span class=\"wpcf7-form-control-wrap producto_dynamic\" data-name=\"producto_dynamic\"><input type=\"hidden\" name=\"producto_dynamic\" class=\"wpcf7-form-control wpcf7-hidden wpcf7dtx wpcf7dtx-hidden\" aria-invalid=\"false\"><\/span>\n<p><label> O que \u00e9 que precisa (obrigat\u00f3rio)<br \/>\n<span class=\"wpcf7-form-control-wrap\" data-name=\"Textodelasunto\"><textarea cols=\"40\" rows=\"10\" maxlength=\"2000\" class=\"wpcf7-form-control wpcf7-textarea wpcf7-validates-as-required\" aria-required=\"true\" aria-invalid=\"false\" placeholder=\"Explique resumidamente o que voc\u00ea precisa\" name=\"Textodelasunto\"><\/textarea><\/span> <\/label>\n<\/p>\n<p><label> Anexar fotos (opcional)<br \/>\n<span class=\"wpcf7-form-control-wrap\" data-name=\"foto-adjunta\"><input size=\"40\" class=\"wpcf7-form-control wpcf7-file\" accept=\".jpg,.jpeg,.png,.gif,.pdf\" aria-invalid=\"false\" type=\"file\" name=\"foto-adjunta\" \/><\/span> <\/label>\n<\/p>\n<p><span class=\"wpcf7-form-control-wrap\" data-name=\"Aceptolapolticadeprivacidad\"><span class=\"wpcf7-form-control wpcf7-acceptance\"><span class=\"wpcf7-list-item\"><input type=\"checkbox\" name=\"Aceptolapolticadeprivacidad\" value=\"1\" aria-invalid=\"false\" \/><\/span><\/span><\/span> Aceito.\n<\/p>\n<p>Li, compreendi e aceito os termos e condi\u00e7\u00f5es <a href='https:\/\/pabano.com\/pt\/aviso-legal\/' target='_blank'>Aviso Legal<\/a> e o <a href='https:\/\/pabano.com\/pt\/politica-de-privacidad\/' target='_blank'>pol\u00edtica de Privacidade<\/a>.\n<\/p>\n<p><input class=\"wpcf7-form-control wpcf7-submit has-spinner\" type=\"submit\" value=\"Enviar\" \/>\n<\/p><div class=\"wpcf7-response-output\" aria-hidden=\"true\"><\/div>\n<input type=\"hidden\" name=\"trp-form-language\" value=\"pt\"\/><\/form>\n<\/div>\n\n\n\n\t\t<\/div>\n\t\t\t\t\t<\/div>\n\n\t\n\n\t<div id=\"col-1808699730\" class=\"col medium-6 small-12 large-6\"  >\n\t\t\t\t<div class=\"col-inner\"  >\n\t\t\t\n\t\t\t\n\n<p style=\"text-align: left;\"><span style=\"color: #282828;\"><strong>Estamos em: C\/ Canad\u00e1, 27, 29006 M\u00e1laga<\/strong><\/span><\/p>\n<p><span style=\"color: #282828;\"><strong>Contacte-nos atrav\u00e9s do n\u00famero: +34 952 336 266<\/strong><\/span><\/p>\n<p style=\"text-align: center;\"><span style=\"color: #282828;\"><strong>Siga-nos em<\/strong><\/span><\/p>\n<div class=\"social-icons follow-icons full-width text-center\" style=\"font-size:130%\"><a href=\"https:\/\/es-es.facebook.com\/Pabano\/\" target=\"_blank\" data-label=\"Facebook\" class=\"icon primary button circle tooltip facebook\" title=\"Siga no Facebook\" aria-label=\"Siga no Facebook\" rel=\"noopener nofollow\"><i class=\"icon-facebook\" aria-hidden=\"true\"><\/i><\/a><a href=\"https:\/\/www.instagram.com\/pabanopabano\/\" target=\"_blank\" data-label=\"Instagram\" class=\"icon primary button circle tooltip instagram\" title=\"Siga no Instagram\" aria-label=\"Siga no Instagram\" rel=\"noopener nofollow\"><i class=\"icon-instagram\" aria-hidden=\"true\"><\/i><\/a><\/div>\n\n\n\t\t<\/div>\n\t\t\t\t\n<style>\n#col-1808699730 > .col-inner {\n  padding: 9px 0px 0px 0px;\n  margin: - 0px 0px 0px;\n}\n<\/style>\n\t<\/div>\n\n\t\n\n\n<style>\n#row-26390566 > .col > .col-inner {\n  padding: 10px 10px 10px 10px;\n  border-radius: 6px;\n}\n<\/style>\n<\/div>\n\n\t\t<\/div>\n\n\t\t\n<style>\n#section_308961806 {\n  padding-top: 0px;\n  padding-bottom: 0px;\n}\n<\/style>\n\t<\/section>","protected":false},"excerpt":{"rendered":"","protected":false},"author":439,"featured_media":0,"parent":0,"menu_order":0,"comment_status":"closed","ping_status":"closed","template":"","meta":{"footnotes":""},"class_list":["post-73","page","type-page","status-publish","hentry"],"_links":{"self":[{"href":"https:\/\/pabano.com\/pt\/wp-json\/wp\/v2\/pages\/73","targetHints":{"allow":["GET"]}}],"collection":[{"href":"https:\/\/pabano.com\/pt\/wp-json\/wp\/v2\/pages"}],"about":[{"href":"https:\/\/pabano.com\/pt\/wp-json\/wp\/v2\/types\/page"}],"author":[{"embeddable":true,"href":"https:\/\/pabano.com\/pt\/wp-json\/wp\/v2\/users\/439"}],"replies":[{"embeddable":true,"href":"https:\/\/pabano.com\/pt\/wp-json\/wp\/v2\/comments?post=73"}],"version-history":[{"count":14,"href":"https:\/\/pabano.com\/pt\/wp-json\/wp\/v2\/pages\/73\/revisions"}],"predecessor-version":[{"id":3474,"href":"https:\/\/pabano.com\/pt\/wp-json\/wp\/v2\/pages\/73\/revisions\/3474"}],"wp:attachment":[{"href":"https:\/\/pabano.com\/pt\/wp-json\/wp\/v2\/media?parent=73"}],"curies":[{"name":"wp","href":"https:\/\/api.w.org\/{rel}","templated":true}]}}