{"id":3321,"date":"2023-09-28T20:26:16","date_gmt":"2023-09-28T18:26:16","guid":{"rendered":"https:\/\/pabano.com\/?post_type=product&#038;p=3321"},"modified":"2025-01-22T09:32:57","modified_gmt":"2025-01-22T08:32:57","slug":"mampara-cr-1014","status":"publish","type":"product","link":"https:\/\/pabano.com\/pt\/produto\/mampara-cr-1014\/","title":{"rendered":"Divis\u00f3ria de duche CR-1014"},"content":{"rendered":"<p>Biombo de banheira e duche em laca branca. \u00c9 uma divis\u00f3ria frontal com 3 pain\u00e9is deslizantes, tanto para a base de duche como para a banheira. At\u00e9 25 mm de regula\u00e7\u00e3o de cada lado.<br \/>\nDispon\u00edvel em vidro temperado com uma espessura de 4 mm.<br \/>\nEncontrar\u00e1 tamb\u00e9m dispon\u00edvel uma saia (opcional) para ajudar as pessoas com mobilidade reduzida.<\/p>\n<p>As divis\u00f3rias de duche frontais s\u00e3o uma das op\u00e7\u00f5es mais populares para proteger o espa\u00e7o do duche da \u00e1gua. Este tipo de divis\u00f3ria \u00e9 instalado na parede frontal do duche, proporcionando uma barreira completa que impede que a \u00e1gua salpique para fora do espa\u00e7o do duche.<\/p>\n<p>As divis\u00f3rias de duche frontais oferecem uma s\u00e9rie de vantagens, incluindo as seguintes<br \/>\nProteger o espa\u00e7o de duche da \u00e1gua: As divis\u00f3rias de duche frontais proporcionam uma barreira completa que impede que a \u00e1gua salpique para fora do espa\u00e7o de duche. Isto \u00e9 especialmente importante em casas de banho pequenas, onde o espa\u00e7o \u00e9 limitado.<br \/>\nOferecem privacidade: As divis\u00f3rias de duche frontais proporcionam privacidade durante o duche. Isto \u00e9 especialmente importante se partilhar a casa de banho com outras pessoas.<br \/>\nF\u00e1cil de limpar: As divis\u00f3rias de duche frontais s\u00e3o relativamente f\u00e1ceis de limpar. Basta passar uma esponja com \u00e1gua e sab\u00e3o para remover a sujidade e o sab\u00e3o.<\/p>\n<p>Para manter as divis\u00f3rias de duche frontais em bom estado, \u00e9 importante limp\u00e1-las regularmente. Basta passar uma esponja com \u00e1gua e sab\u00e3o para remover a sujidade e o sab\u00e3o. Se o ecr\u00e3 for de vidro temperado, pode utilizar um produto de limpeza de vidros para remover as manchas mais dif\u00edceis.<\/p>","protected":false},"excerpt":{"rendered":"<p>Ecr\u00e3 frontal para duche ou banheira com 3 pain\u00e9is deslizantes.<\/p>\n<p>&nbsp;<\/p>\n<a href=\"https:\/\/pabano.com\/pt\/contacto\/?producto=Mampara%20de%20ducha%20CR-1014\" target=\"_blank\" class=\"button primary is-primary is-medium\" rel=\"noopener\" >\n\t\t<span>Solicite mais informa\u00e7\u00f5es<\/span>\n\t<\/a>","protected":false},"featured_media":3196,"comment_status":"open","ping_status":"closed","template":"","meta":[],"product_brand":[],"product_cat":[251],"product_tag":[],"class_list":{"0":"post-3321","1":"product","2":"type-product","3":"status-publish","4":"has-post-thumbnail","6":"product_cat-serie-1000-2","8":"first","9":"instock","10":"featured","11":"taxable","12":"shipping-taxable","13":"product-type-simple"},"_links":{"self":[{"href":"https:\/\/pabano.com\/pt\/wp-json\/wp\/v2\/product\/3321","targetHints":{"allow":["GET"]}}],"collection":[{"href":"https:\/\/pabano.com\/pt\/wp-json\/wp\/v2\/product"}],"about":[{"href":"https:\/\/pabano.com\/pt\/wp-json\/wp\/v2\/types\/product"}],"replies":[{"embeddable":true,"href":"https:\/\/pabano.com\/pt\/wp-json\/wp\/v2\/comments?post=3321"}],"wp:featuredmedia":[{"embeddable":true,"href":"https:\/\/pabano.com\/pt\/wp-json\/wp\/v2\/media\/3196"}],"wp:attachment":[{"href":"https:\/\/pabano.com\/pt\/wp-json\/wp\/v2\/media?parent=3321"}],"wp:term":[{"taxonomy":"product_brand","embeddable":true,"href":"https:\/\/pabano.com\/pt\/wp-json\/wp\/v2\/product_brand?post=3321"},{"taxonomy":"product_cat","embeddable":true,"href":"https:\/\/pabano.com\/pt\/wp-json\/wp\/v2\/product_cat?post=3321"},{"taxonomy":"product_tag","embeddable":true,"href":"https:\/\/pabano.com\/pt\/wp-json\/wp\/v2\/product_tag?post=3321"}],"curies":[{"name":"wp","href":"https:\/\/api.w.org\/{rel}","templated":true}]}}