{"id":3322,"date":"2023-09-28T20:26:17","date_gmt":"2023-09-28T18:26:17","guid":{"rendered":"https:\/\/pabano.com\/?post_type=product&#038;p=3322"},"modified":"2025-02-11T08:25:19","modified_gmt":"2025-02-11T07:25:19","slug":"mampara-cr-1013","status":"publish","type":"product","link":"https:\/\/pabano.com\/pt\/produto\/mampara-cr-1013\/","title":{"rendered":"Resguardo de duche CR-1013"},"content":{"rendered":"<p>Consulte todas as op\u00e7\u00f5es dispon\u00edveis sem compromisso.<\/p>\n<p data-start=\"220\" data-end=\"538\">O <strong data-start=\"224\" data-end=\"253\">telas de chuveiro<\/strong> Portas de chuveiro de uma folha s\u00e3o uma op\u00e7\u00e3o funcional e est\u00e9tica para quem procura uma solu\u00e7\u00e3o pr\u00e1tica para seu banheiro ou banheira. Com estrutura laqueada em branco e diferentes acabamentos dispon\u00edveis, essas divis\u00f3rias oferecem um design moderno e vers\u00e1til, perfeitas para qualquer tipo de banheiro.<\/p>\n<p data-start=\"540\" data-end=\"603\"><strong data-start=\"540\" data-end=\"602\">Vantagens das divis\u00f3rias de chuveiro de uma s\u00f3 folha<\/strong>:<\/p>\n<ul data-start=\"605\" data-end=\"1839\">\n<li data-start=\"605\" data-end=\"925\">\n<p data-start=\"607\" data-end=\"925\"><strong data-start=\"607\" data-end=\"647\">Simplicidade e facilidade de instala\u00e7\u00e3o<\/strong>: O <strong data-start=\"653\" data-end=\"682\">telas de chuveiro<\/strong> As persianas de uma folha s\u00e3o f\u00e1ceis de instalar e manter. Gra\u00e7as ao seu design minimalista, sua instala\u00e7\u00e3o n\u00e3o requer ferramentas complexas, o que a torna uma excelente op\u00e7\u00e3o para quem busca uma solu\u00e7\u00e3o r\u00e1pida e descomplicada.<\/p>\n<\/li>\n<li data-start=\"927\" data-end=\"1156\">\n<p data-start=\"929\" data-end=\"1156\"><strong data-start=\"929\" data-end=\"951\">Espa\u00e7o otimizado<\/strong>: As telas de uma folha s\u00e3o ideais para banheiros pequenos ou espa\u00e7os confinados, pois ocupam o m\u00ednimo de espa\u00e7o. Seu design fixo proporciona uma barreira eficiente, sem interferir no fluxo do banheiro.<\/p>\n<\/li>\n<li data-start=\"1158\" data-end=\"1453\">\n<p data-start=\"1160\" data-end=\"1453\"><strong data-start=\"1160\" data-end=\"1184\">Variedade de acabamentos<\/strong>: Dispon\u00edvel em acabamentos como <strong data-start=\"1215\" data-end=\"1227\">acr\u00edlico<\/strong>, <strong data-start=\"1229\" data-end=\"1245\">transparente<\/strong>, qualquer <strong data-start=\"1249\" data-end=\"1269\">vidro temperado<\/strong>Essas telas se adaptam a diferentes estilos de decora\u00e7\u00e3o. Al\u00e9m disso, voc\u00ea pode escolher entre op\u00e7\u00f5es como <strong data-start=\"1375\" data-end=\"1389\">serigrafia<\/strong> qualquer <strong data-start=\"1392\" data-end=\"1417\">vidro efeito espelho<\/strong>, para personalizar ainda mais seu banheiro.<\/p>\n<\/li>\n<li data-start=\"1455\" data-end=\"1651\">\n<p data-start=\"1457\" data-end=\"1651\"><strong data-start=\"1457\" data-end=\"1480\">Tratamento anti-calc\u00e1rio<\/strong>:Muitas das telas de uma s\u00f3 folha t\u00eam uma <strong data-start=\"1537\" data-end=\"1560\">tratamento anti-calc\u00e1rio<\/strong>, o que facilita a manuten\u00e7\u00e3o e prolonga sua durabilidade, evitando manchas de \u00e1gua.<\/p>\n<\/li>\n<li data-start=\"1653\" data-end=\"1839\">\n<p data-start=\"1655\" data-end=\"1839\"><strong data-start=\"1655\" data-end=\"1679\">Regula\u00e7\u00e3o adaptativa<\/strong>: Com at\u00e9 15 mm de ajuste na estrutura, essas telas podem ser ajustadas em diferentes medidas, garantindo uma instala\u00e7\u00e3o precisa e adaptada ao seu espa\u00e7o.<\/p>\n<\/li>\n<\/ul>\n<p data-start=\"1841\" data-end=\"1898\"><strong data-start=\"1841\" data-end=\"1897\">Op\u00e7\u00f5es personalizadas para divis\u00f3rias de chuveiro<\/strong>:<\/p>\n<ul data-start=\"1900\" data-end=\"2357\">\n<li data-start=\"1900\" data-end=\"1991\"><strong data-start=\"1902\" data-end=\"1913\">Cores<\/strong>: Escolha entre cores como <strong data-start=\"1940\" data-end=\"1949\">prata<\/strong> qualquer <strong data-start=\"1952\" data-end=\"1962\">laqueado<\/strong>, dependendo do estilo do seu banheiro.<\/li>\n<li data-start=\"1992\" data-end=\"2196\"><strong data-start=\"1994\" data-end=\"2014\">Formas e tamanhos<\/strong>: Dispon\u00edvel em op\u00e7\u00f5es como <strong data-start=\"2045\" data-end=\"2074\">chanfro ou forma irregular<\/strong> e com a possibilidade de <strong data-start=\"2099\" data-end=\"2127\">aumentar altura ou largura<\/strong>Essas telas podem ser adaptadas a banheiros de qualquer tipo e tamanho.<\/li>\n<li data-start=\"2197\" data-end=\"2357\"><strong data-start=\"2199\" data-end=\"2226\">Medida maior que 100cm<\/strong>: Se o seu chuveiro ou banheira exigir uma tela maior, oferecemos medidas maiores que 100 cm para cobrir todas as suas necessidades.<\/li>\n<\/ul>\n<p data-start=\"2359\" data-end=\"2639\">O <strong data-start=\"2363\" data-end=\"2392\">telas de chuveiro<\/strong> As persianas de uma folha s\u00e3o ideais para quem busca uma solu\u00e7\u00e3o econ\u00f4mica, pr\u00e1tica e de f\u00e1cil manuten\u00e7\u00e3o. Com f\u00e1cil instala\u00e7\u00e3o e uma ampla variedade de op\u00e7\u00f5es personalizadas, essas divis\u00f3rias de chuveiro oferecem funcionalidade e estilo para seu banheiro.<\/p>","protected":false},"excerpt":{"rendered":"<p>Divis\u00f3ria de chuveiro com painel fixo para chuveiro ou banheira.<\/p>\n<p>&nbsp;<\/p>\n<a href=\"https:\/\/pabano.com\/pt\/contacto\/?producto=Mampara%20de%20ducha%20CR-1013\" target=\"_blank\" class=\"button primary is-primary is-medium\" rel=\"noopener\" >\n\t\t<span>Solicite mais informa\u00e7\u00f5es<\/span>\n\t<\/a>","protected":false},"featured_media":3197,"comment_status":"open","ping_status":"closed","template":"","meta":[],"product_brand":[],"product_cat":[251],"product_tag":[],"class_list":{"0":"post-3322","1":"product","2":"type-product","3":"status-publish","4":"has-post-thumbnail","6":"product_cat-serie-1000-2","8":"first","9":"instock","10":"featured","11":"taxable","12":"shipping-taxable","13":"product-type-simple"},"_links":{"self":[{"href":"https:\/\/pabano.com\/pt\/wp-json\/wp\/v2\/product\/3322","targetHints":{"allow":["GET"]}}],"collection":[{"href":"https:\/\/pabano.com\/pt\/wp-json\/wp\/v2\/product"}],"about":[{"href":"https:\/\/pabano.com\/pt\/wp-json\/wp\/v2\/types\/product"}],"replies":[{"embeddable":true,"href":"https:\/\/pabano.com\/pt\/wp-json\/wp\/v2\/comments?post=3322"}],"wp:featuredmedia":[{"embeddable":true,"href":"https:\/\/pabano.com\/pt\/wp-json\/wp\/v2\/media\/3197"}],"wp:attachment":[{"href":"https:\/\/pabano.com\/pt\/wp-json\/wp\/v2\/media?parent=3322"}],"wp:term":[{"taxonomy":"product_brand","embeddable":true,"href":"https:\/\/pabano.com\/pt\/wp-json\/wp\/v2\/product_brand?post=3322"},{"taxonomy":"product_cat","embeddable":true,"href":"https:\/\/pabano.com\/pt\/wp-json\/wp\/v2\/product_cat?post=3322"},{"taxonomy":"product_tag","embeddable":true,"href":"https:\/\/pabano.com\/pt\/wp-json\/wp\/v2\/product_tag?post=3322"}],"curies":[{"name":"wp","href":"https:\/\/api.w.org\/{rel}","templated":true}]}}