{"id":3323,"date":"2023-09-28T20:26:17","date_gmt":"2023-09-28T18:26:17","guid":{"rendered":"https:\/\/pabano.com\/?post_type=product&#038;p=3323"},"modified":"2025-01-22T09:32:18","modified_gmt":"2025-01-22T08:32:18","slug":"mampara-cr-1005","status":"publish","type":"product","link":"https:\/\/pabano.com\/pt\/produto\/mampara-cr-1005\/","title":{"rendered":"Divis\u00f3ria de duche CR-1005"},"content":{"rendered":"<p>Biombo lateral adequado para banheira e duche. Com dois pain\u00e9is de correr. Dispon\u00edvel em vidro temperado com 4 mm de espessura.<br \/>\nOutras op\u00e7\u00f5es dispon\u00edveis:<br \/>\n- Cor plata<br \/>\n- Cor lacada<br \/>\n- Aumentar a altura ou a largura<br \/>\n- Tratamento anti-calc\u00e1rio<br \/>\n- Impress\u00e3o serigr\u00e1fica<br \/>\n- Vidro espelhado<br \/>\n- Consulte todas as op\u00e7\u00f5es dispon\u00edveis sem compromisso.<\/p>\n<p>As casas de banho pequenas s\u00e3o um desafio quando se trata de mobilar e decorar. \u00c9 importante encontrar solu\u00e7\u00f5es que sejam funcionais e n\u00e3o ocupem demasiado espa\u00e7o.<\/p>\n<p>A este respeito, os resguardos laterais adequados para banheiras e chuveiros s\u00e3o uma op\u00e7\u00e3o ideal. Estas divis\u00f3rias s\u00e3o instaladas numa das paredes da banheira ou do duche, permitindo-lhe aproveitar ao m\u00e1ximo o espa\u00e7o dispon\u00edvel.<\/p>\n<p>Os ecr\u00e3s laterais caracterizam-se por uma \u00fanica folha de vidro que \u00e9 fixada \u00e0 parede. Esta folha pode ser feita de vidro transparente ou transl\u00facido ou com algum tipo de decora\u00e7\u00e3o, como um vinil ou um mosaico.<br \/>\nOs ecr\u00e3s laterais podem ser fixos ou dobr\u00e1veis. As telas fixas s\u00e3o as mais simples e econ\u00f3micas, enquanto as telas dobr\u00e1veis oferecem mais espa\u00e7o de acesso e s\u00e3o mais vers\u00e1teis.<\/p>\n<p>Os ecr\u00e3s laterais oferecem uma s\u00e9rie de vantagens que os tornam uma escolha popular:<br \/>\n- Ocupam pouco espa\u00e7o. Os ecr\u00e3s laterais s\u00e3o ideais para casas de banho pequenas, uma vez que n\u00e3o ocupam muito espa\u00e7o.<br \/>\n- S\u00e3o f\u00e1ceis de instalar e de manter. N\u00e3o requerem muitos elementos ou ferramentas, pelo que a sua instala\u00e7\u00e3o \u00e9 f\u00e1cil mesmo para n\u00e3o especialistas. Al\u00e9m disso, os ecr\u00e3s laterais s\u00e3o f\u00e1ceis de limpar com um simples pano h\u00famido.<br \/>\n- S\u00e3o seguras. Os ecr\u00e3s laterais ajudam a evitar que a \u00e1gua saia da banheira ou do chuveiro, o que pode ser perigoso.<\/p>\n<p>As divis\u00f3rias laterais para banheiras e chuveiros s\u00e3o a escolha ideal para casas de banho pequenas. S\u00e3o funcionais, seguros e f\u00e1ceis de instalar e manter. Se est\u00e1 \u00e0 procura de uma divis\u00f3ria de duche para a sua casa de banho, as divis\u00f3rias laterais podem ser uma boa op\u00e7\u00e3o para si.<\/p>","protected":false},"excerpt":{"rendered":"<p>Biombo lateral adequado para banheira e duche. Com dois pain\u00e9is de correr. Dispon\u00edvel em vidro temperado com 4 mm de espessura.<\/p>\n<p>&nbsp;<\/p>\n<a href=\"https:\/\/pabano.com\/pt\/contacto\/?producto=Mampara%20de%20ducha%20CR-1005\" target=\"_blank\" class=\"button primary is-primary is-medium\" rel=\"noopener\" >\n\t\t<span>Solicite mais informa\u00e7\u00f5es<\/span>\n\t<\/a>","protected":false},"featured_media":3199,"comment_status":"open","ping_status":"closed","template":"","meta":[],"product_brand":[],"product_cat":[251],"product_tag":[],"class_list":{"0":"post-3323","1":"product","2":"type-product","3":"status-publish","4":"has-post-thumbnail","6":"product_cat-serie-1000-2","8":"first","9":"instock","10":"featured","11":"taxable","12":"shipping-taxable","13":"product-type-simple"},"_links":{"self":[{"href":"https:\/\/pabano.com\/pt\/wp-json\/wp\/v2\/product\/3323","targetHints":{"allow":["GET"]}}],"collection":[{"href":"https:\/\/pabano.com\/pt\/wp-json\/wp\/v2\/product"}],"about":[{"href":"https:\/\/pabano.com\/pt\/wp-json\/wp\/v2\/types\/product"}],"replies":[{"embeddable":true,"href":"https:\/\/pabano.com\/pt\/wp-json\/wp\/v2\/comments?post=3323"}],"wp:featuredmedia":[{"embeddable":true,"href":"https:\/\/pabano.com\/pt\/wp-json\/wp\/v2\/media\/3199"}],"wp:attachment":[{"href":"https:\/\/pabano.com\/pt\/wp-json\/wp\/v2\/media?parent=3323"}],"wp:term":[{"taxonomy":"product_brand","embeddable":true,"href":"https:\/\/pabano.com\/pt\/wp-json\/wp\/v2\/product_brand?post=3323"},{"taxonomy":"product_cat","embeddable":true,"href":"https:\/\/pabano.com\/pt\/wp-json\/wp\/v2\/product_cat?post=3323"},{"taxonomy":"product_tag","embeddable":true,"href":"https:\/\/pabano.com\/pt\/wp-json\/wp\/v2\/product_tag?post=3323"}],"curies":[{"name":"wp","href":"https:\/\/api.w.org\/{rel}","templated":true}]}}