{"id":3324,"date":"2023-09-28T20:26:17","date_gmt":"2023-09-28T18:26:17","guid":{"rendered":"https:\/\/pabano.com\/?post_type=product&#038;p=3324"},"modified":"2025-02-11T10:01:33","modified_gmt":"2025-02-11T09:01:33","slug":"mampara-st-1450","status":"publish","type":"product","link":"https:\/\/pabano.com\/pt\/produto\/mampara-st-1450\/","title":{"rendered":"Divis\u00f3ria de duche ST-1450"},"content":{"rendered":"<p>Divis\u00f3ria de chuveiro ST-1450 em laca branca com tr\u00eas pain\u00e9is deslizantes para banheira ou chuveiro. At\u00e9 25 mm de ajuste em cada lado, para adapt\u00e1-lo perfeitamente ao espa\u00e7o. Saia dispon\u00edvel para auxiliar pessoas com mobilidade reduzida. Op\u00e7\u00e3o de instala\u00e7\u00e3o de vidro temperado de 4 mm de espessura.<br \/>\nOutras op\u00e7\u00f5es dispon\u00edveis:<br \/>\n- Cor plata<br \/>\n\u2013 Tapajuntas<\/p>\n<p>As divis\u00f3rias para chuveiro ou banheira ST-1450 s\u00e3o uma pe\u00e7a essencial em qualquer banheiro, pois ajudam a evitar vazamentos de \u00e1gua enquanto tomamos banho. H\u00e1 uma grande variedade de modelos no mercado, desde telas deslizantes e dobr\u00e1veis at\u00e9 telas fixas.<\/p>\n<p>Os ecr\u00e3s de correr de tr\u00eas folhas caracterizam-se por tr\u00eas vidros que deslizam sobre calhas. Estes pain\u00e9is podem ser de vidro transparente ou transl\u00facido ou com algum tipo de decora\u00e7\u00e3o, como vinil ou mosaico.<br \/>\nOs biombos deslizantes de tr\u00eas folhas podem ser fixos ou dobr\u00e1veis. Os biombos fixos s\u00e3o os mais simples e econ\u00f3micos, enquanto os biombos dobr\u00e1veis oferecem mais espa\u00e7o de acesso e s\u00e3o mais vers\u00e1teis.<br \/>\nVantagens dos ecr\u00e3s de correr de tr\u00eas pain\u00e9is<br \/>\nOs biombos deslizantes de tr\u00eas pain\u00e9is oferecem uma s\u00e9rie de vantagens que os tornam uma escolha popular:<br \/>\n- S\u00e3o vers\u00e1teis. Os biombos de tr\u00eas folhas podem ser adaptados a todos os tipos de casas de banho, desde as pequenas \u00e0s grandes.<br \/>\n- Oferecem um grande espa\u00e7o de entrada. Os ecr\u00e3s deslizantes de tr\u00eas pain\u00e9is permitem um espa\u00e7o de entrada amplo, ideal para pessoas com mobilidade reduzida ou para fam\u00edlias com crian\u00e7as.<br \/>\n- S\u00e3o f\u00e1ceis de limpar. O sistema de deslizamento das telas de tr\u00eas folhas facilita a sua limpeza, uma vez que n\u00e3o existem juntas ou cantos onde a sujidade se possa acumular.<\/p>\n<p>Os biombos triplos s\u00e3o uma op\u00e7\u00e3o vers\u00e1til que pode ser adequada para casas de banho de todos os tamanhos. S\u00e3o f\u00e1ceis de limpar, oferecem um grande espa\u00e7o de entrada e s\u00e3o adequados para todos os tipos de fam\u00edlias. Se est\u00e1 \u00e0 procura de uma divis\u00f3ria de duche para a sua casa de banho, as divis\u00f3rias de duche deslizantes de tr\u00eas pain\u00e9is podem ser uma boa op\u00e7\u00e3o para si.<\/p>","protected":false},"excerpt":{"rendered":"<p>Divis\u00f3ria de chuveiro ST-1450 com dois pain\u00e9is de abertura para a esquerda ou direita. Adequado para chuveiro ou banheira. Com guia inferior ou guia especial para pessoas com mobilidade reduzida. Ajuste de at\u00e9 10 mm em cada lado. Regula\u00e7\u00e3o foliar por meio de perfil compensador interno. Dispon\u00edvel em vidro temperado de 4 mm de espessura.<\/p>\n<p>&nbsp;<\/p>\n<a href=\"https:\/\/pabano.com\/pt\/contacto\/?producto=Mampara%20de%20ducha%20ST-1450\" target=\"_blank\" class=\"button primary is-primary is-medium\" rel=\"noopener\" >\n\t\t<span>Solicite mais informa\u00e7\u00f5es<\/span>\n\t<\/a>","protected":false},"featured_media":3196,"comment_status":"open","ping_status":"closed","template":"","meta":[],"product_brand":[],"product_cat":[261],"product_tag":[],"class_list":{"0":"post-3324","1":"product","2":"type-product","3":"status-publish","4":"has-post-thumbnail","6":"product_cat-serie-1400","8":"first","9":"instock","10":"featured","11":"taxable","12":"shipping-taxable","13":"product-type-simple"},"_links":{"self":[{"href":"https:\/\/pabano.com\/pt\/wp-json\/wp\/v2\/product\/3324","targetHints":{"allow":["GET"]}}],"collection":[{"href":"https:\/\/pabano.com\/pt\/wp-json\/wp\/v2\/product"}],"about":[{"href":"https:\/\/pabano.com\/pt\/wp-json\/wp\/v2\/types\/product"}],"replies":[{"embeddable":true,"href":"https:\/\/pabano.com\/pt\/wp-json\/wp\/v2\/comments?post=3324"}],"wp:featuredmedia":[{"embeddable":true,"href":"https:\/\/pabano.com\/pt\/wp-json\/wp\/v2\/media\/3196"}],"wp:attachment":[{"href":"https:\/\/pabano.com\/pt\/wp-json\/wp\/v2\/media?parent=3324"}],"wp:term":[{"taxonomy":"product_brand","embeddable":true,"href":"https:\/\/pabano.com\/pt\/wp-json\/wp\/v2\/product_brand?post=3324"},{"taxonomy":"product_cat","embeddable":true,"href":"https:\/\/pabano.com\/pt\/wp-json\/wp\/v2\/product_cat?post=3324"},{"taxonomy":"product_tag","embeddable":true,"href":"https:\/\/pabano.com\/pt\/wp-json\/wp\/v2\/product_tag?post=3324"}],"curies":[{"name":"wp","href":"https:\/\/api.w.org\/{rel}","templated":true}]}}