{"id":3325,"date":"2023-09-28T20:26:17","date_gmt":"2023-09-28T18:26:17","guid":{"rendered":"https:\/\/pabano.com\/?post_type=product&#038;p=3325"},"modified":"2025-01-22T09:34:39","modified_gmt":"2025-01-22T08:34:39","slug":"mampara-st-1451","status":"publish","type":"product","link":"https:\/\/pabano.com\/pt\/produto\/mampara-st-1451\/","title":{"rendered":"Divis\u00f3ria de duche ST-1451"},"content":{"rendered":"<p>Divis\u00f3ria de duche com um painel fino lacado a branco, adequada tanto para duche como para banheira. At\u00e9 15 mm de regula\u00e7\u00e3o no caixilho para poder adapt\u00e1-lo ao espa\u00e7o sem qualquer problema. Possibilidade de instala\u00e7\u00e3o de vidro temperado com 4 mm de espessura.<br \/>\nOutras op\u00e7\u00f5es dispon\u00edveis:<br \/>\n\u2013 tiranta<br \/>\n- cor plata<br \/>\n- medida superior a 100cm<br \/>\n- tratamento anti-calc\u00e1rio<\/p>\n<p>Os ecr\u00e3s de folha \u00fanica s\u00e3o a op\u00e7\u00e3o mais simples e mais econ\u00f3mica para duches e banheiras. Caracterizam-se por uma \u00fanica folha de vidro que abre e fecha manual ou automaticamente.<\/p>\n<p>Os ecr\u00e3s de folha \u00fanica oferecem uma s\u00e9rie de vantagens, incluindo as seguintes:<br \/>\n- Pre\u00e7o acess\u00edvel: S\u00e3o a op\u00e7\u00e3o mais acess\u00edvel do mercado.<br \/>\n- Facilidade de instala\u00e7\u00e3o: Podem ser facilmente instalados por uma s\u00f3 pessoa.<br \/>\n- Manuten\u00e7\u00e3o simples: N\u00e3o s\u00e3o necess\u00e1rios cuidados especiais.<br \/>\n- Grande variedade de desenhos: Est\u00e3o dispon\u00edveis numa vasta gama de desenhos, cores e acabamentos.<\/p>\n<p>Ao escolher um biombo de folha \u00fanica, \u00e9 importante ter em conta os seguintes factores:<br \/>\n- Tamanho: A divis\u00f3ria de duche deve ser adaptada ao espa\u00e7o dispon\u00edvel no duche ou na banheira.<br \/>\n- Material: O vidro pode ser transparente, transl\u00facido ou com acabamento acetinado.<br \/>\n- Design: O design deve corresponder ao estilo da casa de banho.<\/p>\n<p>As divis\u00f3rias de duche de folha \u00fanica s\u00e3o uma op\u00e7\u00e3o pr\u00e1tica e econ\u00f3mica para duches e banheiras. S\u00e3o f\u00e1ceis de instalar e manter e est\u00e3o dispon\u00edveis numa grande variedade de designs.<\/p>","protected":false},"excerpt":{"rendered":"<p>Divis\u00f3ria de duche com um painel fino lacado a branco, adequada tanto para duche como para banheira. At\u00e9 15 mm de regula\u00e7\u00e3o no caixilho para poder adapt\u00e1-lo ao espa\u00e7o sem qualquer problema. Possibilidade de instala\u00e7\u00e3o de vidro temperado com 4 mm de espessura.<\/p>\n<p><span style=\"color: #333333;\"><br \/>\n<a href=\"https:\/\/pabano.com\/pt\/contacto\/?producto=Mampara%20de%20ducha%20ST-1451\" target=\"_blank\" class=\"button primary is-primary is-medium\" rel=\"noopener\" >\n\t\t<span>Solicite mais informa\u00e7\u00f5es<\/span>\n\t<\/a>\n<\/span><\/p>","protected":false},"featured_media":3227,"comment_status":"open","ping_status":"closed","template":"","meta":[],"product_brand":[],"product_cat":[261],"product_tag":[],"class_list":{"0":"post-3325","1":"product","2":"type-product","3":"status-publish","4":"has-post-thumbnail","6":"product_cat-serie-1400","8":"first","9":"instock","10":"featured","11":"taxable","12":"shipping-taxable","13":"product-type-simple"},"_links":{"self":[{"href":"https:\/\/pabano.com\/pt\/wp-json\/wp\/v2\/product\/3325","targetHints":{"allow":["GET"]}}],"collection":[{"href":"https:\/\/pabano.com\/pt\/wp-json\/wp\/v2\/product"}],"about":[{"href":"https:\/\/pabano.com\/pt\/wp-json\/wp\/v2\/types\/product"}],"replies":[{"embeddable":true,"href":"https:\/\/pabano.com\/pt\/wp-json\/wp\/v2\/comments?post=3325"}],"wp:featuredmedia":[{"embeddable":true,"href":"https:\/\/pabano.com\/pt\/wp-json\/wp\/v2\/media\/3227"}],"wp:attachment":[{"href":"https:\/\/pabano.com\/pt\/wp-json\/wp\/v2\/media?parent=3325"}],"wp:term":[{"taxonomy":"product_brand","embeddable":true,"href":"https:\/\/pabano.com\/pt\/wp-json\/wp\/v2\/product_brand?post=3325"},{"taxonomy":"product_cat","embeddable":true,"href":"https:\/\/pabano.com\/pt\/wp-json\/wp\/v2\/product_cat?post=3325"},{"taxonomy":"product_tag","embeddable":true,"href":"https:\/\/pabano.com\/pt\/wp-json\/wp\/v2\/product_tag?post=3325"}],"curies":[{"name":"wp","href":"https:\/\/api.w.org\/{rel}","templated":true}]}}