{"id":3333,"date":"2023-09-28T20:26:18","date_gmt":"2023-09-28T18:26:18","guid":{"rendered":"https:\/\/pabano.com\/?post_type=product&#038;p=3333"},"modified":"2025-02-11T09:44:47","modified_gmt":"2025-02-11T08:44:47","slug":"mampara-ab-3700","status":"publish","type":"product","link":"https:\/\/pabano.com\/pt\/produto\/mampara-ab-3700\/","title":{"rendered":"Divis\u00f3ria de chuveiro opaca AB-3700"},"content":{"rendered":"<p>Divis\u00f3ria opaca com quatro folhas de abertura para banheira ou chuveiro com abertura central. Com guia inferior ou guia especial para pessoas com mobilidade reduzida. Ajuste de at\u00e9 10 mm em cada lado. Regula\u00e7\u00e3o foliar por meio de perfil compensador interno. Dispon\u00edvel em vidro temperado de 4 mm de espessura.<\/p>\n<p data-start=\"0\" data-end=\"593\">O <strong data-start=\"81\" data-end=\"137\">divis\u00f3rias de chuveiro opacas com quatro pain\u00e9is de abertura<\/strong> \u00c9 a op\u00e7\u00e3o ideal para quem busca um design funcional, elegante e adaptado \u00e0s suas necessidades. Com abertura central, esta tela oferece acesso confort\u00e1vel e seguro, tanto em chuveiros quanto em banheiras. O <strong data-start=\"343\" data-end=\"365\">folhas pratic\u00e1veis<\/strong> pode ser facilmente aberto e a op\u00e7\u00e3o de um <strong data-start=\"412\" data-end=\"466\">Guia especial para pessoas com mobilidade reduzida<\/strong> torna-se uma escolha acess\u00edvel para todos. O vidro temperado de <strong data-start=\"538\" data-end=\"555\">4mm de espessura<\/strong> proporciona seguran\u00e7a e for\u00e7a.<\/p>\n<p data-start=\"595\" data-end=\"617\"><strong data-start=\"595\" data-end=\"614\">Caracter\u00edsticas<\/strong>:<\/p>\n<ul data-start=\"618\" data-end=\"2261\">\n<li data-start=\"618\" data-end=\"784\"><strong data-start=\"620\" data-end=\"649\">Quatro folhas pratic\u00e1veis<\/strong>: O sistema de <strong data-start=\"665\" data-end=\"681\">quatro folhas<\/strong> permite acesso amplo e desobstru\u00eddo ao chuveiro ou banheira, ideal para banheiros de qualquer tamanho.<\/li>\n<li data-start=\"785\" data-end=\"919\"><strong data-start=\"787\" data-end=\"807\">Abertura central<\/strong>:Esta configura\u00e7\u00e3o de abertura no <strong data-start=\"846\" data-end=\"856\">centro<\/strong> garante que o acesso seja r\u00e1pido e f\u00e1cil de ambos os lados.<\/li>\n<li data-start=\"920\" data-end=\"1086\"><strong data-start=\"922\" data-end=\"964\">Regulagem de at\u00e9 10mm de cada lado<\/strong>: O sistema de ajuste permite uma adapta\u00e7\u00e3o perfeita \u00e0s irregularidades das paredes ou do piso do chuveiro ou da banheira.<\/li>\n<li data-start=\"1087\" data-end=\"1235\"><strong data-start=\"1089\" data-end=\"1126\">Vidro temperado de 4 mm de espessura<\/strong>: O vidro \u00e9 seguro e dur\u00e1vel, ideal para suportar o uso di\u00e1rio sem perder sua transpar\u00eancia ou integridade.<\/li>\n<li data-start=\"1236\" data-end=\"1442\"><strong data-start=\"1238\" data-end=\"1295\">Guia inferior ou guia especial para mobilidade reduzida<\/strong>: Oferece uma op\u00e7\u00e3o de instala\u00e7\u00e3o de guia inferior padr\u00e3o ou uma <strong data-start=\"1363\" data-end=\"1380\">guia especial<\/strong> para facilitar o acesso de pessoas com mobilidade reduzida.<\/li>\n<li data-start=\"1443\" data-end=\"1617\"><strong data-start=\"1445\" data-end=\"1496\">Regula\u00e7\u00e3o por meio de perfil compensat\u00f3rio interno<\/strong>: Este sistema garante que as folhas da tela se encaixem com precis\u00e3o, melhorando a estanqueidade e a veda\u00e7\u00e3o.<\/li>\n<li data-start=\"1618\" data-end=\"1811\"><strong data-start=\"1620\" data-end=\"1643\">Tratamento anti-calc\u00e1rio<\/strong>: Inclui um <strong data-start=\"1656\" data-end=\"1679\">tratamento anti-calc\u00e1rio<\/strong>, o que facilita a limpeza e evita o ac\u00famulo de res\u00edduos de \u00e1gua, mantendo a tela em boas condi\u00e7\u00f5es por mais tempo.<\/li>\n<li data-start=\"1812\" data-end=\"1985\"><strong data-start=\"1814\" data-end=\"1860\">Serigrafia com tinta vitrificada colorida<\/strong>: A op\u00e7\u00e3o de <strong data-start=\"1875\" data-end=\"1889\">serigrafia<\/strong> personalizado permite adicionar um toque de cor, adaptando o design \u00e0 est\u00e9tica do seu banheiro.<\/li>\n<li data-start=\"1986\" data-end=\"2261\"><strong data-start=\"1988\" data-end=\"2011\">Op\u00e7\u00f5es de acabamento<\/strong>:\n<ul data-start=\"2018\" data-end=\"2261\">\n<li data-start=\"2018\" data-end=\"2090\"><strong data-start=\"2020\" data-end=\"2035\">Cor prata<\/strong> qualquer <strong data-start=\"2038\" data-end=\"2048\">laqueado<\/strong> para um visual elegante e moderno.<\/li>\n<li data-start=\"2094\" data-end=\"2190\"><strong data-start=\"2096\" data-end=\"2123\">Aumentar altura e largura<\/strong> para se adaptar a espa\u00e7os maiores ou necessidades espec\u00edficas.<\/li>\n<li data-start=\"2194\" data-end=\"2261\"><strong data-start=\"2196\" data-end=\"2217\">Sem guia inferior<\/strong> para um acabamento mais limpo e minimalista.<\/li>\n<\/ul>\n<\/li>\n<\/ul>\n<p data-start=\"2263\" data-end=\"2278\"><strong data-start=\"2263\" data-end=\"2275\">Vantagens<\/strong>:<\/p>\n<ul data-start=\"2279\" data-end=\"3189\">\n<li data-start=\"2279\" data-end=\"2460\"><strong data-start=\"2281\" data-end=\"2302\">Grande versatilidade<\/strong>:Gra\u00e7as ao seu design modular, esta tela \u00e9 ideal para ambos <strong data-start=\"2366\" data-end=\"2376\">Chuveiros<\/strong> quanto a <strong data-start=\"2387\" data-end=\"2398\">banheiras<\/strong>, e se adapta a qualquer <strong data-start=\"2424\" data-end=\"2434\">tamanho<\/strong> qualquer <strong data-start=\"2437\" data-end=\"2446\">forma<\/strong> do espa\u00e7o.<\/li>\n<li data-start=\"2461\" data-end=\"2631\"><strong data-start=\"2463\" data-end=\"2483\">Facilidade de uso<\/strong>: O <strong data-start=\"2489\" data-end=\"2506\">folhas leves<\/strong> Elas abrem e fecham sem esfor\u00e7o, o que as torna adequadas para todos, inclusive para pessoas com mobilidade reduzida.<\/li>\n<li data-start=\"2632\" data-end=\"2789\"><strong data-start=\"2634\" data-end=\"2660\">Excelente estanqueidade<\/strong>:A estrutura de quatro folhas garante uma <strong data-start=\"2705\" data-end=\"2726\">selo herm\u00e9tico<\/strong>, evitando que a \u00e1gua vaze do chuveiro ou da banheira.<\/li>\n<li data-start=\"2790\" data-end=\"3020\"><strong data-start=\"2792\" data-end=\"2823\">Design elegante e adapt\u00e1vel<\/strong>: Dispon\u00edvel em diferentes cores e acabamentos, voc\u00ea pode escolher a tela que mais se adapta ao estilo do seu banheiro, desde um design <strong data-start=\"2953\" data-end=\"2968\">minimalista<\/strong> at\u00e9 um estilo <strong data-start=\"2985\" data-end=\"3002\">personalizado<\/strong> com serigrafia.<\/li>\n<li data-start=\"3021\" data-end=\"3189\"><strong data-start=\"3023\" data-end=\"3046\">F\u00e1cil manuten\u00e7\u00e3o<\/strong>: Ele <strong data-start=\"3051\" data-end=\"3074\">tratamento anti-calc\u00e1rio<\/strong> e as superf\u00edcies lisas facilitam a limpeza, permitindo que voc\u00ea mantenha a tela impec\u00e1vel com o m\u00ednimo de esfor\u00e7o.<\/li>\n<\/ul>\n<p data-start=\"3191\" data-end=\"3741\"><strong data-start=\"3191\" data-end=\"3269\">Por que escolher divis\u00f3rias de chuveiro opacas com quatro pain\u00e9is de abertura?<br \/>\n<\/strong><br data-start=\"3269\" data-end=\"3272\" \/>Se voc\u00ea est\u00e1 procurando por um <strong data-start=\"3286\" data-end=\"3307\">Tela opaca funcional<\/strong>, <strong data-start=\"3309\" data-end=\"3321\">elegante<\/strong> e <strong data-start=\"3324\" data-end=\"3337\">acess\u00edvel<\/strong>, essa op\u00e7\u00e3o \u00e9 perfeita. Seu design vers\u00e1til, a op\u00e7\u00e3o de <strong data-start=\"3397\" data-end=\"3414\">guia especial<\/strong> para pessoas com mobilidade reduzida e suas <strong data-start=\"3458\" data-end=\"3481\">f\u00e1cil manuten\u00e7\u00e3o<\/strong> tornando-se uma das melhores escolhas para todos os tipos de banheiros. Sua capacidade de adapta\u00e7\u00e3o a <strong data-start=\"3581\" data-end=\"3591\">Chuveiros<\/strong> qualquer <strong data-start=\"3594\" data-end=\"3605\">banheiras<\/strong>, al\u00e9m de oferecer uma <strong data-start=\"3629\" data-end=\"3650\">grande aperto<\/strong> e estilo personalizado, o que o torna indispens\u00e1vel para quem busca qualidade e funcionalidade.<\/p>","protected":false},"excerpt":{"rendered":"<p>Divis\u00f3ria opaca com quatro folhas de abertura para banheira ou chuveiro com abertura central. Com guia inferior ou guia especial para pessoas com mobilidade reduzida. Ajuste de at\u00e9 10 mm em cada lado. Regula\u00e7\u00e3o foliar por meio de perfil compensador interno. Dispon\u00edvel em vidro temperado de 4 mm de espessura.<\/p>\n<p>&nbsp;<\/p>\n<a href=\"https:\/\/pabano.com\/pt\/contacto\/?producto=Mampara%20de%20ba\u00f1o%20AB-3700\" target=\"_blank\" class=\"button primary is-primary is-medium\" rel=\"noopener\" >\n\t\t<span>Solicite mais informa\u00e7\u00f5es<\/span>\n\t<\/a>","protected":false},"featured_media":3201,"comment_status":"open","ping_status":"closed","template":"","meta":[],"product_brand":[],"product_cat":[252],"product_tag":[],"class_list":{"0":"post-3333","1":"product","2":"type-product","3":"status-publish","4":"has-post-thumbnail","6":"product_cat-serie-3000","8":"first","9":"instock","10":"featured","11":"taxable","12":"shipping-taxable","13":"product-type-simple"},"_links":{"self":[{"href":"https:\/\/pabano.com\/pt\/wp-json\/wp\/v2\/product\/3333","targetHints":{"allow":["GET"]}}],"collection":[{"href":"https:\/\/pabano.com\/pt\/wp-json\/wp\/v2\/product"}],"about":[{"href":"https:\/\/pabano.com\/pt\/wp-json\/wp\/v2\/types\/product"}],"replies":[{"embeddable":true,"href":"https:\/\/pabano.com\/pt\/wp-json\/wp\/v2\/comments?post=3333"}],"wp:featuredmedia":[{"embeddable":true,"href":"https:\/\/pabano.com\/pt\/wp-json\/wp\/v2\/media\/3201"}],"wp:attachment":[{"href":"https:\/\/pabano.com\/pt\/wp-json\/wp\/v2\/media?parent=3333"}],"wp:term":[{"taxonomy":"product_brand","embeddable":true,"href":"https:\/\/pabano.com\/pt\/wp-json\/wp\/v2\/product_brand?post=3333"},{"taxonomy":"product_cat","embeddable":true,"href":"https:\/\/pabano.com\/pt\/wp-json\/wp\/v2\/product_cat?post=3333"},{"taxonomy":"product_tag","embeddable":true,"href":"https:\/\/pabano.com\/pt\/wp-json\/wp\/v2\/product_tag?post=3333"}],"curies":[{"name":"wp","href":"https:\/\/api.w.org\/{rel}","templated":true}]}}