{"id":3336,"date":"2023-09-28T20:26:19","date_gmt":"2023-09-28T18:26:19","guid":{"rendered":"https:\/\/pabano.com\/?post_type=product&#038;p=3336"},"modified":"2025-01-22T09:40:54","modified_gmt":"2025-01-22T08:40:54","slug":"mampara-lc-5300","status":"publish","type":"product","link":"https:\/\/pabano.com\/pt\/produto\/mampara-lc-5300\/","title":{"rendered":"Divis\u00f3ria de duche LC-5300"},"content":{"rendered":"<p>Biombo com dois pain\u00e9is fixos e dois pain\u00e9is deslizantes para banheira ou duche com abertura central. Regula\u00e7\u00e3o at\u00e9 25 mm por caixilho. Vidro com 6 mm de espessura. Inclui pega em a\u00e7o inoxid\u00e1vel.<br \/>\nOutras op\u00e7\u00f5es dispon\u00edveis:<br \/>\n- Cor plata<br \/>\n- Cor lacada<br \/>\n- Aumento da altura e da largura<br \/>\n- Tratamento anti-calc\u00e1rio<br \/>\n- Serigrafia com tinta de esmalte v\u00edtreo colorida<br \/>\n- Vidro espelhado<br \/>\nAs divis\u00f3rias de banheira ou duche com dois pain\u00e9is fixos e dois pain\u00e9is deslizantes s\u00e3o a melhor op\u00e7\u00e3o para espa\u00e7os amplos. Oferecem um grande espa\u00e7o de entrada, o que as torna ideais para pessoas com mobilidade reduzida ou para fam\u00edlias com crian\u00e7as. Al\u00e9m disso, s\u00e3o muito pr\u00e1ticos e f\u00e1ceis de limpar.<br \/>\nOs biombos com dois pain\u00e9is fixos e dois pain\u00e9is deslizantes s\u00e3o compostos por dois pain\u00e9is fixos nas laterais e dois pain\u00e9is deslizantes no centro. Os pain\u00e9is de correr deslizam sobre calhas, permitindo abrir o biombo e aceder \u00e0 banheira ou ao duche sem ocupar espa\u00e7o.<br \/>\nEstes ecr\u00e3s est\u00e3o dispon\u00edveis numa vasta gama de tamanhos e acabamentos para satisfazer todas as necessidades e estilos. Os materiais mais comuns s\u00e3o o alum\u00ednio e o vidro temperado.<br \/>\nOs ecr\u00e3s com dois pain\u00e9is fixos e dois pain\u00e9is deslizantes oferecem as seguintes vantagens<br \/>\nGrande espa\u00e7o de entrada: Os pain\u00e9is fixos permitem um grande espa\u00e7o de entrada, o que facilita o acesso \u00e0 banheira ou ao duche, mesmo para pessoas com mobilidade reduzida ou fam\u00edlias com crian\u00e7as.<br \/>\nPr\u00e1tico e f\u00e1cil de limpar: Os pain\u00e9is deslizantes deslizam facilmente, tornando-os f\u00e1ceis de limpar. Al\u00e9m disso, os pain\u00e9is fixos n\u00e3o t\u00eam juntas, o que reduz o risco de acumula\u00e7\u00e3o de sujidade e calc\u00e1rio.<br \/>\nEst\u00e9tica: Est\u00e3o dispon\u00edveis numa vasta gama de tamanhos e acabamentos para se adaptarem a todas as necessidades e estilos.<\/p>","protected":false},"excerpt":{"rendered":"<p>Biombo com dois pain\u00e9is fixos e dois pain\u00e9is deslizantes para banheira ou duche com abertura central. Regula\u00e7\u00e3o at\u00e9 25 mm por caixilho. Vidro com 6 mm de espessura. Inclui pega em a\u00e7o inoxid\u00e1vel.<\/p>\n<p>&nbsp;<\/p>\n<a href=\"https:\/\/pabano.com\/pt\/contacto\/?producto=Mampara%20de%20ba\u00f1o%20LC-5300\" target=\"_blank\" class=\"button primary is-primary is-medium\" rel=\"noopener\" >\n\t\t<span>Solicite mais informa\u00e7\u00f5es<\/span>\n\t<\/a>","protected":false},"featured_media":3208,"comment_status":"open","ping_status":"closed","template":"","meta":[],"product_brand":[],"product_cat":[253],"product_tag":[],"class_list":{"0":"post-3336","1":"product","2":"type-product","3":"status-publish","4":"has-post-thumbnail","6":"product_cat-serie-5000","8":"first","9":"instock","10":"featured","11":"taxable","12":"shipping-taxable","13":"product-type-simple"},"_links":{"self":[{"href":"https:\/\/pabano.com\/pt\/wp-json\/wp\/v2\/product\/3336","targetHints":{"allow":["GET"]}}],"collection":[{"href":"https:\/\/pabano.com\/pt\/wp-json\/wp\/v2\/product"}],"about":[{"href":"https:\/\/pabano.com\/pt\/wp-json\/wp\/v2\/types\/product"}],"replies":[{"embeddable":true,"href":"https:\/\/pabano.com\/pt\/wp-json\/wp\/v2\/comments?post=3336"}],"wp:featuredmedia":[{"embeddable":true,"href":"https:\/\/pabano.com\/pt\/wp-json\/wp\/v2\/media\/3208"}],"wp:attachment":[{"href":"https:\/\/pabano.com\/pt\/wp-json\/wp\/v2\/media?parent=3336"}],"wp:term":[{"taxonomy":"product_brand","embeddable":true,"href":"https:\/\/pabano.com\/pt\/wp-json\/wp\/v2\/product_brand?post=3336"},{"taxonomy":"product_cat","embeddable":true,"href":"https:\/\/pabano.com\/pt\/wp-json\/wp\/v2\/product_cat?post=3336"},{"taxonomy":"product_tag","embeddable":true,"href":"https:\/\/pabano.com\/pt\/wp-json\/wp\/v2\/product_tag?post=3336"}],"curies":[{"name":"wp","href":"https:\/\/api.w.org\/{rel}","templated":true}]}}