{"id":3337,"date":"2023-09-28T20:26:19","date_gmt":"2023-09-28T18:26:19","guid":{"rendered":"https:\/\/pabano.com\/?post_type=product&#038;p=3337"},"modified":"2025-01-22T09:41:09","modified_gmt":"2025-01-22T08:41:09","slug":"mampara-lc-5310","status":"publish","type":"product","link":"https:\/\/pabano.com\/pt\/produto\/mampara-lc-5310\/","title":{"rendered":"Divis\u00f3ria de duche LC-5310"},"content":{"rendered":"<p>Divis\u00f3ria de duche e banheira com dois pain\u00e9is fixos, dois pain\u00e9is deslizantes e um painel lateral fixo com abertura central. At\u00e9 25 mm de ajuste por moldura. Vidro com 6 mm de espessura. Pega em a\u00e7o inoxid\u00e1vel inclu\u00edda.<br \/>\nOutras op\u00e7\u00f5es dispon\u00edveis:<br \/>\n- Cor plata<br \/>\n- Cor lacada<br \/>\n- Aumento da altura e da largura<br \/>\n- Medida superior a 100 cm<br \/>\n- Tratamento anti-calc\u00e1rio<br \/>\n- Serigrafia com tinta de esmalte v\u00edtreo colorida<br \/>\n- Vidro espelhado<br \/>\nAs divis\u00f3rias de duche e banheira com dois pain\u00e9is fixos, dois pain\u00e9is deslizantes e um painel lateral fixo com abertura central s\u00e3o a melhor escolha para espa\u00e7os grandes. Oferecem um grande espa\u00e7o de entrada, o que as torna ideais para pessoas com mobilidade reduzida ou para fam\u00edlias com crian\u00e7as. Al\u00e9m disso, s\u00e3o muito pr\u00e1ticos e f\u00e1ceis de limpar.<br \/>\nEstas divis\u00f3rias de duche s\u00e3o compostas por dois pain\u00e9is fixos nas laterais, dois pain\u00e9is deslizantes no centro e um painel fixo na lateral com uma abertura central. Os pain\u00e9is deslizantes deslizam sobre calhas, permitindo a abertura da divis\u00f3ria e o acesso ao duche ou \u00e0 banheira sem ocupar espa\u00e7o.<br \/>\nO painel lateral fixo com abertura central oferece um acesso adicional ao duche ou \u00e0 banheira, tornando-os ideais para espa\u00e7os com v\u00e1rios utilizadores.<br \/>\nEstes ecr\u00e3s est\u00e3o dispon\u00edveis numa vasta gama de tamanhos e acabamentos para satisfazer todas as necessidades e estilos. Os materiais mais comuns s\u00e3o o alum\u00ednio e o vidro temperado.<br \/>\nOs biombos com dois pain\u00e9is fixos, dois pain\u00e9is de correr e um painel lateral fixo com abertura central s\u00e3o a melhor op\u00e7\u00e3o para grandes espa\u00e7os. Oferecem um amplo espa\u00e7o de entrada, s\u00e3o pr\u00e1ticos e f\u00e1ceis de limpar, e est\u00e3o dispon\u00edveis numa vasta gama de tamanhos e acabamentos.<\/p>","protected":false},"excerpt":{"rendered":"<p>Divis\u00f3ria de duche e banheira com dois pain\u00e9is fixos, dois pain\u00e9is deslizantes e um painel lateral fixo com abertura central. At\u00e9 25 mm de ajuste por moldura. Vidro com 6 mm de espessura. Pega em a\u00e7o inoxid\u00e1vel inclu\u00edda.<\/p>\n<p>&nbsp;<\/p>\n<a href=\"https:\/\/pabano.com\/pt\/contacto\/?producto=Mampara%20de%20ba\u00f1o%20LC-5310\" target=\"_blank\" class=\"button primary is-primary is-medium\" rel=\"noopener\" >\n\t\t<span>Solicite mais informa\u00e7\u00f5es<\/span>\n\t<\/a>","protected":false},"featured_media":3234,"comment_status":"open","ping_status":"closed","template":"","meta":[],"product_brand":[],"product_cat":[253],"product_tag":[],"class_list":{"0":"post-3337","1":"product","2":"type-product","3":"status-publish","4":"has-post-thumbnail","6":"product_cat-serie-5000","8":"first","9":"instock","10":"featured","11":"taxable","12":"shipping-taxable","13":"product-type-simple"},"_links":{"self":[{"href":"https:\/\/pabano.com\/pt\/wp-json\/wp\/v2\/product\/3337","targetHints":{"allow":["GET"]}}],"collection":[{"href":"https:\/\/pabano.com\/pt\/wp-json\/wp\/v2\/product"}],"about":[{"href":"https:\/\/pabano.com\/pt\/wp-json\/wp\/v2\/types\/product"}],"replies":[{"embeddable":true,"href":"https:\/\/pabano.com\/pt\/wp-json\/wp\/v2\/comments?post=3337"}],"wp:featuredmedia":[{"embeddable":true,"href":"https:\/\/pabano.com\/pt\/wp-json\/wp\/v2\/media\/3234"}],"wp:attachment":[{"href":"https:\/\/pabano.com\/pt\/wp-json\/wp\/v2\/media?parent=3337"}],"wp:term":[{"taxonomy":"product_brand","embeddable":true,"href":"https:\/\/pabano.com\/pt\/wp-json\/wp\/v2\/product_brand?post=3337"},{"taxonomy":"product_cat","embeddable":true,"href":"https:\/\/pabano.com\/pt\/wp-json\/wp\/v2\/product_cat?post=3337"},{"taxonomy":"product_tag","embeddable":true,"href":"https:\/\/pabano.com\/pt\/wp-json\/wp\/v2\/product_tag?post=3337"}],"curies":[{"name":"wp","href":"https:\/\/api.w.org\/{rel}","templated":true}]}}