{"id":3338,"date":"2023-09-28T20:26:19","date_gmt":"2023-09-28T18:26:19","guid":{"rendered":"https:\/\/pabano.com\/?post_type=product&#038;p=3338"},"modified":"2025-02-11T09:21:23","modified_gmt":"2025-02-11T08:21:23","slug":"mampara-lc-5500","status":"publish","type":"product","link":"https:\/\/pabano.com\/pt\/produto\/mampara-lc-5500\/","title":{"rendered":"Divis\u00f3ria de chuveiro com vidro serigrafado LC-5500"},"content":{"rendered":"<p>Box de chuveiro com vidro serigrafado ou banheira com um painel fixo e um painel deslizante. Abertura dispon\u00edvel \u00e0 direita ou \u00e0 esquerda. Ajuste de at\u00e9 25 mm por quadro. Vidro de 6 mm de espessura. Cabo de a\u00e7o inoxid\u00e1vel inclu\u00eddo.<\/p>\n<p data-start=\"156\" data-end=\"752\">O <strong>divis\u00f3rias de chuveiro com vidro serigrafado ou banheira<\/strong> com um <strong data-start=\"281\" data-end=\"294\">l\u00e2mina fixa<\/strong> e um <strong data-start=\"301\" data-end=\"319\">porta deslizante<\/strong> \u00c9 a solu\u00e7\u00e3o perfeita para quem quer aproveitar ao m\u00e1ximo o espa\u00e7o dispon\u00edvel no banheiro. Com seu design funcional, esta tela oferece acesso confort\u00e1vel e f\u00e1cil tanto ao chuveiro quanto \u00e0 banheira. Ele <strong data-start=\"532\" data-end=\"560\">Vidro de 6 mm de espessura<\/strong> e o <strong data-start=\"566\" data-end=\"597\">cabo de a\u00e7o inoxid\u00e1vel<\/strong> garantem maior resist\u00eancia e est\u00e9tica moderna. A abertura pode ser no <strong data-start=\"678\" data-end=\"689\">certo<\/strong> qualquer <strong data-start=\"692\" data-end=\"705\">esquerda<\/strong>, adaptando-se \u00e0s suas prefer\u00eancias e necessidades.<\/p>\n<p data-start=\"754\" data-end=\"776\"><strong data-start=\"754\" data-end=\"773\">Caracter\u00edsticas<\/strong>:<\/p>\n<ul data-start=\"777\" data-end=\"2284\">\n<li data-start=\"777\" data-end=\"961\"><strong data-start=\"779\" data-end=\"816\">Abertura para a direita ou esquerda<\/strong>: A tela pode ser aberta em ambas as dire\u00e7\u00f5es para atender \u00e0s necessidades do seu banheiro, proporcionando acesso f\u00e1cil e sem complica\u00e7\u00f5es.<\/li>\n<li data-start=\"962\" data-end=\"1103\"><strong data-start=\"964\" data-end=\"992\">Vidro de 6 mm de espessura<\/strong>: O vidro temperado de alta qualidade oferece excelente resist\u00eancia e durabilidade para uso di\u00e1rio.<\/li>\n<li data-start=\"1104\" data-end=\"1312\"><strong data-start=\"1106\" data-end=\"1144\">Regulagem de at\u00e9 25mm por quadro<\/strong>:A tela tem capacidade de ajuste de at\u00e9 <strong data-start=\"1196\" data-end=\"1204\">25mm<\/strong> para cada quadro para garantir um encaixe perfeito, independentemente das irregularidades do espa\u00e7o.<\/li>\n<li data-start=\"1313\" data-end=\"1506\"><strong data-start=\"1315\" data-end=\"1346\">Cabo de a\u00e7o inoxid\u00e1vel<\/strong>: Inclui uma al\u00e7a elegante <strong data-start=\"1379\" data-end=\"1399\">a\u00e7o inoxid\u00e1vel<\/strong>, que n\u00e3o s\u00f3 complementa o design da tela, mas tamb\u00e9m garante um manuseio f\u00e1cil e ergon\u00f4mico.<\/li>\n<li data-start=\"1507\" data-end=\"1708\"><strong data-start=\"1509\" data-end=\"1532\">Tratamento anti-calc\u00e1rio<\/strong>:Com o tratamento <strong data-start=\"1553\" data-end=\"1564\">anti-calc\u00e1rio<\/strong>, a tela permanece limpa e livre de manchas, o que reduz consideravelmente a manuten\u00e7\u00e3o necess\u00e1ria para mant\u00ea-la em bom estado.<\/li>\n<li data-start=\"1709\" data-end=\"2000\"><strong data-start=\"1711\" data-end=\"1751\">Vidro serigrafado ou com efeito de espelho<\/strong>: A op\u00e7\u00e3o de vidro <strong data-start=\"1774\" data-end=\"1790\">serigrafado<\/strong> com tinta vitrificada colorida oferece um design personalizado que adiciona privacidade e uma est\u00e9tica moderna ao seu banheiro. Voc\u00ea tamb\u00e9m pode escolher um <strong data-start=\"1935\" data-end=\"1952\">efeito espelho<\/strong> para um visual sofisticado e mais espa\u00e7oso.<\/li>\n<li data-start=\"2001\" data-end=\"2284\"><strong data-start=\"2003\" data-end=\"2033\">Outras op\u00e7\u00f5es dispon\u00edveis<\/strong>:\n<ul data-start=\"2040\" data-end=\"2284\">\n<li data-start=\"2040\" data-end=\"2168\"><strong data-start=\"2042\" data-end=\"2057\">Cor prata<\/strong> qualquer <strong data-start=\"2060\" data-end=\"2070\">laqueado<\/strong>: Variedade de acabamentos para que voc\u00ea possa escolher o que mais combina com a decora\u00e7\u00e3o do seu banheiro.<\/li>\n<li data-start=\"2172\" data-end=\"2284\"><strong data-start=\"2174\" data-end=\"2204\">Aumento de altura e largura<\/strong>: Personalize as dimens\u00f5es da tela para melhor se adequar ao seu espa\u00e7o.<\/li>\n<\/ul>\n<\/li>\n<\/ul>\n<p data-start=\"2286\" data-end=\"2301\"><strong data-start=\"2286\" data-end=\"2298\">Vantagens<\/strong>:<\/p>\n<ul data-start=\"2302\" data-end=\"3278\">\n<li data-start=\"2302\" data-end=\"2518\"><strong data-start=\"2304\" data-end=\"2336\">Ideal para espa\u00e7os pequenos<\/strong>: O <strong data-start=\"2341\" data-end=\"2359\">porta deslizante<\/strong> desliza suavemente sobre os trilhos, permitindo uma <strong data-start=\"2417\" data-end=\"2433\">f\u00e1cil acesso<\/strong> para o chuveiro ou banheira sem ter que abrir uma porta que ocupa espa\u00e7o adicional.<\/li>\n<li data-start=\"2519\" data-end=\"2682\"><strong data-start=\"2521\" data-end=\"2552\">Design elegante e funcional<\/strong>: O design minimalista desta tela a torna uma op\u00e7\u00e3o vers\u00e1til e moderna que se adapta a qualquer estilo de banheiro.<\/li>\n<li data-start=\"2683\" data-end=\"2893\"><strong data-start=\"2685\" data-end=\"2708\">F\u00e1cil manuten\u00e7\u00e3o<\/strong>: Obrigado ao <strong data-start=\"2721\" data-end=\"2744\">tratamento anti-calc\u00e1rio<\/strong> e o design simples da porta deslizante torna esta tela f\u00e1cil de manter e limpar, ajudando a preservar sua apar\u00eancia original por mais tempo.<\/li>\n<li data-start=\"2894\" data-end=\"3121\"><strong data-start=\"2896\" data-end=\"2944\">Privacidade e estilo com vidro serigrafado<\/strong>: O vidro serigrafado n\u00e3o s\u00f3 melhora a privacidade ao desfocar a vis\u00e3o do chuveiro, mas tamb\u00e9m adiciona um toque personalizado \u00e0 est\u00e9tica do seu banheiro.<\/li>\n<li data-start=\"3122\" data-end=\"3278\"><strong data-start=\"3124\" data-end=\"3152\">Versatilidade em acabamentos<\/strong>: Disponibilidade em <strong data-start=\"3172\" data-end=\"3192\">acabamentos lacados<\/strong> e em <strong data-start=\"3198\" data-end=\"3220\">cores como prata<\/strong> para combinar perfeitamente com a decora\u00e7\u00e3o do seu banheiro.<\/li>\n<\/ul>\n<p data-start=\"3280\" data-end=\"3831\"><strong data-start=\"3280\" data-end=\"3352\">Por que escolher esta divis\u00f3ria de chuveiro com vidro serigrafado?<\/strong><br data-start=\"3352\" data-end=\"3355\" \/>Se voc\u00ea est\u00e1 procurando uma solu\u00e7\u00e3o de chuveiro funcional e elegante para um banheiro com espa\u00e7o limitado, esta <strong data-start=\"3448\" data-end=\"3493\">Tela com vidro serigrafado com uma porta fixa e outra de correr<\/strong> \u00e9 a op\u00e7\u00e3o ideal. Seu design vers\u00e1til e funcional n\u00e3o apenas maximiza o uso do espa\u00e7o, mas tamb\u00e9m proporciona acesso confort\u00e1vel e est\u00e9tico ao chuveiro ou \u00e0 banheira. A possibilidade de personaliza\u00e7\u00e3o com vidro serigrafado ou efeito espelho, aliada \u00e0 sua f\u00e1cil manuten\u00e7\u00e3o, fazem dele a melhor escolha para banheiros modernos e pr\u00e1ticos.<\/p>","protected":false},"excerpt":{"rendered":"<p>Box de chuveiro com vidro serigrafado ou banheira com um painel fixo e um painel deslizante. Abertura dispon\u00edvel \u00e0 direita ou \u00e0 esquerda. Ajuste de at\u00e9 25 mm por quadro. Vidro de 6 mm de espessura. Cabo de a\u00e7o inoxid\u00e1vel inclu\u00eddo.<\/p>\n<p>&nbsp;<\/p>\n<a href=\"https:\/\/pabano.com\/pt\/contacto\/?producto=Mampara%20de%20ba\u00f1o%20LC-5500\" target=\"_blank\" class=\"button primary is-primary is-medium\" rel=\"noopener\" >\n\t\t<span>Solicite mais informa\u00e7\u00f5es<\/span>\n\t<\/a>","protected":false},"featured_media":3235,"comment_status":"open","ping_status":"closed","template":"","meta":[],"product_brand":[],"product_cat":[253],"product_tag":[],"class_list":{"0":"post-3338","1":"product","2":"type-product","3":"status-publish","4":"has-post-thumbnail","6":"product_cat-serie-5000","8":"first","9":"instock","10":"featured","11":"taxable","12":"shipping-taxable","13":"product-type-simple"},"_links":{"self":[{"href":"https:\/\/pabano.com\/pt\/wp-json\/wp\/v2\/product\/3338","targetHints":{"allow":["GET"]}}],"collection":[{"href":"https:\/\/pabano.com\/pt\/wp-json\/wp\/v2\/product"}],"about":[{"href":"https:\/\/pabano.com\/pt\/wp-json\/wp\/v2\/types\/product"}],"replies":[{"embeddable":true,"href":"https:\/\/pabano.com\/pt\/wp-json\/wp\/v2\/comments?post=3338"}],"wp:featuredmedia":[{"embeddable":true,"href":"https:\/\/pabano.com\/pt\/wp-json\/wp\/v2\/media\/3235"}],"wp:attachment":[{"href":"https:\/\/pabano.com\/pt\/wp-json\/wp\/v2\/media?parent=3338"}],"wp:term":[{"taxonomy":"product_brand","embeddable":true,"href":"https:\/\/pabano.com\/pt\/wp-json\/wp\/v2\/product_brand?post=3338"},{"taxonomy":"product_cat","embeddable":true,"href":"https:\/\/pabano.com\/pt\/wp-json\/wp\/v2\/product_cat?post=3338"},{"taxonomy":"product_tag","embeddable":true,"href":"https:\/\/pabano.com\/pt\/wp-json\/wp\/v2\/product_tag?post=3338"}],"curies":[{"name":"wp","href":"https:\/\/api.w.org\/{rel}","templated":true}]}}