{"id":3339,"date":"2023-09-28T20:26:20","date_gmt":"2023-09-28T18:26:20","guid":{"rendered":"https:\/\/pabano.com\/?post_type=product&#038;p=3339"},"modified":"2025-01-22T09:41:53","modified_gmt":"2025-01-22T08:41:53","slug":"mampara-lc-5510","status":"publish","type":"product","link":"https:\/\/pabano.com\/pt\/produto\/mampara-lc-5510\/","title":{"rendered":"Divis\u00f3ria de duche LC-5510"},"content":{"rendered":"<p>Tela com folha lateral fixa, folha fixa e folha frontal deslizante. Adequado para chuveiro e banheira. Abertura para esquerda ou direita. Ajuste de at\u00e9 25 mm por quadro. Vidro com 6 mm de espessura. Al\u00e7a de a\u00e7o inoxid\u00e1vel inclu\u00edda.<\/p>\n<p>Outras op\u00e7\u00f5es dispon\u00edveis:<\/p>\n<p>- Cor plata<br \/>\n- Cor lacada<br \/>\n- Aumento da altura e da largura<br \/>\n- Medida superior a 100 cm<br \/>\n- Tratamento anti-calc\u00e1rio<br \/>\n- Serigrafia com tinta de esmalte v\u00edtreo colorida<br \/>\n- Vidro espelhado<\/p>\n<p>Os resguardos de duche s\u00e3o uma excelente op\u00e7\u00e3o para manter a ordem e a limpeza na casa de banho. Al\u00e9m disso, oferecem um maior conforto e seguran\u00e7a durante o duche.<\/p>\n<p>Uma das op\u00e7\u00f5es mais populares s\u00e3o os biombos com um painel lateral fixo, um painel fixo e um painel frontal deslizante. Este tipo de ecr\u00e3 oferece as seguintes vantagens<\/p>\n<p>- Acesso c\u00f3modo: A folha deslizante permite um acesso amplo e confort\u00e1vel ao duche, o que \u00e9 ideal para pessoas idosas ou com mobilidade reduzida.<br \/>\n- Efici\u00eancia: Os pain\u00e9is laterais fixos ajudam a reduzir a quantidade de \u00e1gua que sai do chuveiro, tornando-o mais eficiente.<br \/>\n- Seguran\u00e7a: Os pain\u00e9is laterais fixos tamb\u00e9m proporcionam seguran\u00e7a extra, evitando que crian\u00e7as ou animais de estima\u00e7\u00e3o caiam do chuveiro.<\/p>\n<p>Para manter a sua divis\u00f3ria de duche em perfeitas condi\u00e7\u00f5es, \u00e9 importante limp\u00e1-la regularmente com \u00e1gua e sab\u00e3o neutro. Pode tamb\u00e9m utilizar um produto espec\u00edfico para a manuten\u00e7\u00e3o de divis\u00f3rias de duche.<\/p>\n<p>Em suma, os biombos com um painel lateral fixo, um painel fixo e um painel frontal deslizante s\u00e3o uma excelente escolha para uma casa de banho moderna, confort\u00e1vel e segura.<\/p>","protected":false},"excerpt":{"rendered":"<p>Tela com folha lateral fixa, folha fixa e folha frontal deslizante. Adequado para chuveiro e banheira. Abertura para esquerda ou direita. Ajuste de at\u00e9 25 mm por quadro. Vidro com 6 mm de espessura. Al\u00e7a de a\u00e7o inoxid\u00e1vel inclu\u00edda.<\/p>\n<p>&nbsp;<\/p>\n<a href=\"https:\/\/pabano.com\/pt\/contacto\/?producto=Mampara%20de%20ba\u00f1o%20LC-5510\" target=\"_blank\" class=\"button primary is-primary is-medium\" rel=\"noopener\" >\n\t\t<span>Solicite mais informa\u00e7\u00f5es<\/span>\n\t<\/a>","protected":false},"featured_media":3236,"comment_status":"open","ping_status":"closed","template":"","meta":[],"product_brand":[],"product_cat":[253],"product_tag":[],"class_list":{"0":"post-3339","1":"product","2":"type-product","3":"status-publish","4":"has-post-thumbnail","6":"product_cat-serie-5000","8":"first","9":"instock","10":"featured","11":"taxable","12":"shipping-taxable","13":"product-type-simple"},"_links":{"self":[{"href":"https:\/\/pabano.com\/pt\/wp-json\/wp\/v2\/product\/3339","targetHints":{"allow":["GET"]}}],"collection":[{"href":"https:\/\/pabano.com\/pt\/wp-json\/wp\/v2\/product"}],"about":[{"href":"https:\/\/pabano.com\/pt\/wp-json\/wp\/v2\/types\/product"}],"replies":[{"embeddable":true,"href":"https:\/\/pabano.com\/pt\/wp-json\/wp\/v2\/comments?post=3339"}],"wp:featuredmedia":[{"embeddable":true,"href":"https:\/\/pabano.com\/pt\/wp-json\/wp\/v2\/media\/3236"}],"wp:attachment":[{"href":"https:\/\/pabano.com\/pt\/wp-json\/wp\/v2\/media?parent=3339"}],"wp:term":[{"taxonomy":"product_brand","embeddable":true,"href":"https:\/\/pabano.com\/pt\/wp-json\/wp\/v2\/product_brand?post=3339"},{"taxonomy":"product_cat","embeddable":true,"href":"https:\/\/pabano.com\/pt\/wp-json\/wp\/v2\/product_cat?post=3339"},{"taxonomy":"product_tag","embeddable":true,"href":"https:\/\/pabano.com\/pt\/wp-json\/wp\/v2\/product_tag?post=3339"}],"curies":[{"name":"wp","href":"https:\/\/api.w.org\/{rel}","templated":true}]}}