{"id":3340,"date":"2023-09-28T20:26:20","date_gmt":"2023-09-28T18:26:20","guid":{"rendered":"https:\/\/pabano.com\/?post_type=product&#038;p=3340"},"modified":"2025-01-22T09:42:07","modified_gmt":"2025-01-22T08:42:07","slug":"mampara-lc-5570","status":"publish","type":"product","link":"https:\/\/pabano.com\/pt\/produto\/mampara-lc-5570\/","title":{"rendered":"Divis\u00f3ria de duche LC-5570"},"content":{"rendered":"<p>Resguardo de duche ou banheira com um painel fixo e um painel deslizante. Abertura para a esquerda ou para a direita. Ajustamento at\u00e9 25 mm por quadro. Suportes inclu\u00eddos. Vidro com 6 mm de espessura. Pega em a\u00e7o inoxid\u00e1vel inclu\u00edda.<\/p>\n<p>Outras op\u00e7\u00f5es dispon\u00edveis:<\/p>\n<p>- Cor plata<br \/>\n- Cor lacada<br \/>\n\u2013 Tapajuntas<br \/>\n- Aumento da altura e da largura<br \/>\n- Tratamento anti-calc\u00e1rio<br \/>\n- Serigrafia com tinta de esmalte v\u00edtreo colorida<br \/>\n- Vidro espelhado<\/p>\n<p>Os resguardos de duche ou de banheira com um painel fixo e um painel deslizante s\u00e3o uma das op\u00e7\u00f5es mais populares no mercado. O seu design elegante e funcional torna-os uma excelente escolha para casas de banho de todas as dimens\u00f5es.<\/p>\n<p>Uma divis\u00f3ria de duche ou banheira com painel fixo e painel deslizante \u00e9 constitu\u00edda, como o nome indica, por dois pain\u00e9is: um painel fixo que \u00e9 colocado numa das paredes do duche ou da banheira e um painel deslizante que se desloca sobre um carril.<br \/>\nEste tipo de divis\u00f3ria \u00e9 uma excelente escolha para casas de banho de todas as dimens\u00f5es. Os pain\u00e9is deslizantes poupam espa\u00e7o, uma vez que n\u00e3o ocupam espa\u00e7o quando abertos. Al\u00e9m disso, o seu design elegante e minimalista torna-os uma excelente escolha para casas de banho modernas.<\/p>\n<p>As divis\u00f3rias de duche ou de banheira com um painel fixo e um painel deslizante s\u00e3o uma excelente escolha para casas de banho de todas as dimens\u00f5es. O seu design elegante e funcional torna-os uma excelente escolha para casas de banho modernas.<\/p>","protected":false},"excerpt":{"rendered":"<p>Resguardo de duche ou banheira com um painel fixo e um painel deslizante. Abertura para a esquerda ou para a direita. Ajustamento at\u00e9 25 mm por quadro. Suportes inclu\u00eddos. Vidro com 6 mm de espessura. Pega em a\u00e7o inoxid\u00e1vel inclu\u00edda.<\/p>\n<p>&nbsp;<\/p>\n<a href=\"https:\/\/pabano.com\/pt\/contacto\/?producto=Mampara%20de%20ba\u00f1o%20LC-5570\" target=\"_blank\" class=\"button primary is-primary is-medium\" rel=\"noopener\" >\n\t\t<span>Solicite mais informa\u00e7\u00f5es<\/span>\n\t<\/a>","protected":false},"featured_media":3237,"comment_status":"open","ping_status":"closed","template":"","meta":[],"product_brand":[],"product_cat":[253],"product_tag":[],"class_list":{"0":"post-3340","1":"product","2":"type-product","3":"status-publish","4":"has-post-thumbnail","6":"product_cat-serie-5000","8":"first","9":"instock","10":"featured","11":"taxable","12":"shipping-taxable","13":"product-type-simple"},"_links":{"self":[{"href":"https:\/\/pabano.com\/pt\/wp-json\/wp\/v2\/product\/3340","targetHints":{"allow":["GET"]}}],"collection":[{"href":"https:\/\/pabano.com\/pt\/wp-json\/wp\/v2\/product"}],"about":[{"href":"https:\/\/pabano.com\/pt\/wp-json\/wp\/v2\/types\/product"}],"replies":[{"embeddable":true,"href":"https:\/\/pabano.com\/pt\/wp-json\/wp\/v2\/comments?post=3340"}],"wp:featuredmedia":[{"embeddable":true,"href":"https:\/\/pabano.com\/pt\/wp-json\/wp\/v2\/media\/3237"}],"wp:attachment":[{"href":"https:\/\/pabano.com\/pt\/wp-json\/wp\/v2\/media?parent=3340"}],"wp:term":[{"taxonomy":"product_brand","embeddable":true,"href":"https:\/\/pabano.com\/pt\/wp-json\/wp\/v2\/product_brand?post=3340"},{"taxonomy":"product_cat","embeddable":true,"href":"https:\/\/pabano.com\/pt\/wp-json\/wp\/v2\/product_cat?post=3340"},{"taxonomy":"product_tag","embeddable":true,"href":"https:\/\/pabano.com\/pt\/wp-json\/wp\/v2\/product_tag?post=3340"}],"curies":[{"name":"wp","href":"https:\/\/api.w.org\/{rel}","templated":true}]}}