{"id":3341,"date":"2023-09-28T20:26:20","date_gmt":"2023-09-28T18:26:20","guid":{"rendered":"https:\/\/pabano.com\/?post_type=product&#038;p=3341"},"modified":"2025-01-22T09:42:34","modified_gmt":"2025-01-22T08:42:34","slug":"mampara-lc-5600","status":"publish","type":"product","link":"https:\/\/pabano.com\/pt\/produto\/mampara-lc-5600\/","title":{"rendered":"Divis\u00f3ria de duche LC-5600"},"content":{"rendered":"<p>Cabina de duche com dois pain\u00e9is fixos e dois pain\u00e9is de correr. Abertura no v\u00e9rtice. Regula\u00e7\u00e3o at\u00e9 25 mm por caixilho. Vidro com 6 mm de espessura. Pega em a\u00e7o inoxid\u00e1vel inclu\u00edda.<\/p>\n<p>Outras op\u00e7\u00f5es dispon\u00edveis:<\/p>\n<p>- Cor plata<br \/>\n- Cor lacada<br \/>\n\u2013 Tapajuntas<br \/>\n- Aumento da altura e da largura<br \/>\n- Medida superior a 100 cm<br \/>\n- Tratamento anti-calc\u00e1rio<br \/>\n- Serigrafia com tinta de esmalte v\u00edtreo colorida<br \/>\n- Vidro espelhado<\/p>\n<p>As divis\u00f3rias de duche com dois pain\u00e9is fixos e dois pain\u00e9is de correr s\u00e3o uma excelente escolha para casas de banho de todas as dimens\u00f5es. O seu design elegante e funcional torna-as uma das op\u00e7\u00f5es mais populares do mercado.<\/p>\n<p>Uma divis\u00f3ria de duche com dois pain\u00e9is fixos e dois pain\u00e9is deslizantes \u00e9 composta, como o nome sugere, por quatro pain\u00e9is: dois pain\u00e9is fixos que s\u00e3o colocados nas paredes do duche e dois pain\u00e9is deslizantes que se deslocam sobre uma calha.<\/p>\n<p>Este tipo de divis\u00f3ria \u00e9 uma excelente escolha para casas de banho de todas as dimens\u00f5es. Os pain\u00e9is deslizantes poupam espa\u00e7o, uma vez que n\u00e3o ocupam espa\u00e7o quando abertos.<\/p>\n<p>Al\u00e9m disso, o seu design elegante e minimalista torna-os uma excelente escolha para casas de banho modernas.<\/p>\n<p>As cabinas de duche com dois pain\u00e9is fixos e dois pain\u00e9is deslizantes oferecem uma s\u00e9rie de vantagens em rela\u00e7\u00e3o a outros tipos de cabinas:<\/p>\n<p>- Poupan\u00e7a de espa\u00e7o: As portas de correr poupam espa\u00e7o, uma vez que n\u00e3o ocupam espa\u00e7o quando abertas.<br \/>\n- Design elegante: O design elegante e minimalista destes ecr\u00e3s torna-os uma excelente escolha para casas de banho modernas.<br \/>\n- F\u00e1cil de limpar: As telas com dois pain\u00e9is fixos e dois pain\u00e9is deslizantes s\u00e3o f\u00e1ceis de limpar. Os pain\u00e9is deslizantes podem ser facilmente removidos para limpeza com um pano h\u00famido.<br \/>\n- Maior privacidade: Os dois pain\u00e9is fixos proporcionam maior privacidade durante o duche.<br \/>\n- Melhor isolamento da \u00e1gua: Os ecr\u00e3s com dois pain\u00e9is fixos e dois pain\u00e9is deslizantes proporcionam um melhor isolamento da \u00e1gua do que os ecr\u00e3s com um painel fixo e um painel deslizante.<\/p>\n<p>As cabinas de duche com dois pain\u00e9is fixos e dois pain\u00e9is deslizantes s\u00e3o uma excelente escolha para casas de banho de todas as dimens\u00f5es. O seu design elegante e funcional torna-as uma excelente escolha para casas de banho modernas.<\/p>","protected":false},"excerpt":{"rendered":"<p>Cabina de duche com dois pain\u00e9is fixos e dois pain\u00e9is de correr. Abertura no v\u00e9rtice. Regula\u00e7\u00e3o at\u00e9 25 mm por caixilho. Vidro com 6 mm de espessura. Pega em a\u00e7o inoxid\u00e1vel inclu\u00edda<\/p>\n<a href=\"https:\/\/pabano.com\/pt\/contacto\/?producto=Mampara%20de%20ba\u00f1o%20LC-5600\" target=\"_blank\" class=\"button primary is-primary is-medium\" rel=\"noopener\" >\n\t\t<span>Solicite mais informa\u00e7\u00f5es<\/span>\n\t<\/a>","protected":false},"featured_media":3238,"comment_status":"open","ping_status":"closed","template":"","meta":[],"product_brand":[],"product_cat":[253],"product_tag":[],"class_list":{"0":"post-3341","1":"product","2":"type-product","3":"status-publish","4":"has-post-thumbnail","6":"product_cat-serie-5000","8":"first","9":"instock","10":"featured","11":"taxable","12":"shipping-taxable","13":"product-type-simple"},"_links":{"self":[{"href":"https:\/\/pabano.com\/pt\/wp-json\/wp\/v2\/product\/3341","targetHints":{"allow":["GET"]}}],"collection":[{"href":"https:\/\/pabano.com\/pt\/wp-json\/wp\/v2\/product"}],"about":[{"href":"https:\/\/pabano.com\/pt\/wp-json\/wp\/v2\/types\/product"}],"replies":[{"embeddable":true,"href":"https:\/\/pabano.com\/pt\/wp-json\/wp\/v2\/comments?post=3341"}],"wp:featuredmedia":[{"embeddable":true,"href":"https:\/\/pabano.com\/pt\/wp-json\/wp\/v2\/media\/3238"}],"wp:attachment":[{"href":"https:\/\/pabano.com\/pt\/wp-json\/wp\/v2\/media?parent=3341"}],"wp:term":[{"taxonomy":"product_brand","embeddable":true,"href":"https:\/\/pabano.com\/pt\/wp-json\/wp\/v2\/product_brand?post=3341"},{"taxonomy":"product_cat","embeddable":true,"href":"https:\/\/pabano.com\/pt\/wp-json\/wp\/v2\/product_cat?post=3341"},{"taxonomy":"product_tag","embeddable":true,"href":"https:\/\/pabano.com\/pt\/wp-json\/wp\/v2\/product_tag?post=3341"}],"curies":[{"name":"wp","href":"https:\/\/api.w.org\/{rel}","templated":true}]}}