{"id":3344,"date":"2023-09-28T20:26:20","date_gmt":"2023-09-28T18:26:20","guid":{"rendered":"https:\/\/pabano.com\/?post_type=product&#038;p=3344"},"modified":"2025-01-22T09:39:29","modified_gmt":"2025-01-22T08:39:29","slug":"mampara-la-5303","status":"publish","type":"product","link":"https:\/\/pabano.com\/pt\/produto\/mampara-la-5303\/","title":{"rendered":"Divis\u00f3ria de duche LA-5303"},"content":{"rendered":"<p>Ecr\u00e3 frontal para duche ou banheira com dois pain\u00e9is fixos e dois pain\u00e9is deslizantes. Regula\u00e7\u00e3o at\u00e9 25 mm de cada lado.<\/p>\n<p>Outras op\u00e7\u00f5es dispon\u00edveis:<\/p>\n<p>- Cor ouro, prata ou bronze<br \/>\n- Cor lacada<br \/>\n- Incremento elevado ou ancho<br \/>\n- As divis\u00f3rias de duche ou banheira com dois pain\u00e9is fixos e dois pain\u00e9is de correr s\u00e3o uma excelente escolha para casas de banho de todas as dimens\u00f5es. O seu design elegante e funcional torna-os numa das op\u00e7\u00f5es mais populares do mercado.<\/p>\n<p>Uma divis\u00f3ria de duche ou banheira com dois pain\u00e9is fixos e dois pain\u00e9is deslizantes \u00e9 composta, como o nome indica, por quatro pain\u00e9is: dois pain\u00e9is fixos que s\u00e3o montados nas paredes do duche ou da banheira e dois pain\u00e9is deslizantes que deslizam sobre uma calha.<\/p>\n<p>Este tipo de divis\u00f3ria \u00e9 uma excelente escolha para casas de banho de todas as dimens\u00f5es. Os pain\u00e9is deslizantes poupam espa\u00e7o, uma vez que n\u00e3o ocupam espa\u00e7o quando abertos.<\/p>\n<p>Al\u00e9m disso, o seu design elegante e minimalista torna-os uma excelente escolha para casas de banho modernas.<\/p>\n<p>As divis\u00f3rias de duche ou de banheira com dois pain\u00e9is fixos e dois pain\u00e9is de correr s\u00e3o uma excelente escolha para casas de banho de todas as dimens\u00f5es. O seu design elegante e funcional torna-os uma excelente escolha para casas de banho modernas.<\/p>\n<p>Ao escolher uma divis\u00f3ria de duche ou banheira com dois pain\u00e9is fixos e dois pain\u00e9is deslizantes, \u00e9 importante ter em conta o tamanho, o material, a cor e os acess\u00f3rios pretendidos.<\/p>","protected":false},"excerpt":{"rendered":"<p>Ecr\u00e3 frontal para duche ou banheira com dois pain\u00e9is fixos e dois pain\u00e9is deslizantes. Regula\u00e7\u00e3o at\u00e9 25 mm de cada lado.<\/p>\n<p>&nbsp;<\/p>\n<a href=\"https:\/\/pabano.com\/pt\/contacto\/?producto=Mampara%20de%20ba\u00f1o%20LA-5303\" target=\"_blank\" class=\"button primary is-primary is-medium\" rel=\"noopener\" >\n\t\t<span>Solicite mais informa\u00e7\u00f5es<\/span>\n\t<\/a>","protected":false},"featured_media":3205,"comment_status":"open","ping_status":"closed","template":"","meta":[],"product_brand":[],"product_cat":[253],"product_tag":[],"class_list":{"0":"post-3344","1":"product","2":"type-product","3":"status-publish","4":"has-post-thumbnail","6":"product_cat-serie-5000","8":"first","9":"instock","10":"featured","11":"taxable","12":"shipping-taxable","13":"product-type-simple"},"_links":{"self":[{"href":"https:\/\/pabano.com\/pt\/wp-json\/wp\/v2\/product\/3344","targetHints":{"allow":["GET"]}}],"collection":[{"href":"https:\/\/pabano.com\/pt\/wp-json\/wp\/v2\/product"}],"about":[{"href":"https:\/\/pabano.com\/pt\/wp-json\/wp\/v2\/types\/product"}],"replies":[{"embeddable":true,"href":"https:\/\/pabano.com\/pt\/wp-json\/wp\/v2\/comments?post=3344"}],"wp:featuredmedia":[{"embeddable":true,"href":"https:\/\/pabano.com\/pt\/wp-json\/wp\/v2\/media\/3205"}],"wp:attachment":[{"href":"https:\/\/pabano.com\/pt\/wp-json\/wp\/v2\/media?parent=3344"}],"wp:term":[{"taxonomy":"product_brand","embeddable":true,"href":"https:\/\/pabano.com\/pt\/wp-json\/wp\/v2\/product_brand?post=3344"},{"taxonomy":"product_cat","embeddable":true,"href":"https:\/\/pabano.com\/pt\/wp-json\/wp\/v2\/product_cat?post=3344"},{"taxonomy":"product_tag","embeddable":true,"href":"https:\/\/pabano.com\/pt\/wp-json\/wp\/v2\/product_tag?post=3344"}],"curies":[{"name":"wp","href":"https:\/\/api.w.org\/{rel}","templated":true}]}}