{"id":3346,"date":"2023-09-28T20:26:21","date_gmt":"2023-09-28T18:26:21","guid":{"rendered":"https:\/\/pabano.com\/?post_type=product&#038;p=3346"},"modified":"2025-02-11T09:03:15","modified_gmt":"2025-02-11T08:03:15","slug":"mampara-la-5508","status":"publish","type":"product","link":"https:\/\/pabano.com\/pt\/produto\/mampara-la-5508\/","title":{"rendered":"Divis\u00f3ria de chuveiro semicircular LA-5508"},"content":{"rendered":"<p>Divis\u00f3ria de chuveiro semicircular com dois pain\u00e9is fixos retos e dois pain\u00e9is deslizantes curvos. Entrada pelo centro. Ajuste de at\u00e9 25 mm em cada lado.<\/p>\n<p data-start=\"210\" data-end=\"701\">O <strong data-start=\"232\" data-end=\"265\">divis\u00f3rias de chuveiro semicirculares<\/strong> Com duas folhas fixas retas e duas folhas deslizantes curvas, \u00e9 uma op\u00e7\u00e3o ideal para quem busca um design elegante, moderno e funcional para seu banheiro. Com sua entrada central, esta divis\u00f3ria de chuveiro permite que voc\u00ea aproveite ao m\u00e1ximo o espa\u00e7o dispon\u00edvel, proporcionando uma experi\u00eancia de banho confort\u00e1vel e est\u00e9tica. Gra\u00e7as ao seu design semicircular e \u00e0 possibilidade de regulagem, adapta-se perfeitamente a uma ampla variedade de tamanhos e estilos de banheiros.<\/p>\n<p data-start=\"703\" data-end=\"725\"><strong data-start=\"703\" data-end=\"722\">Caracter\u00edsticas<\/strong>:<\/p>\n<ul data-start=\"726\" data-end=\"1649\">\n<li data-start=\"726\" data-end=\"913\"><strong data-start=\"728\" data-end=\"757\">Design elegante e moderno<\/strong>: As duas folhas fixas retas e as duas folhas deslizantes curvas criam uma apar\u00eancia fluida e sofisticada que se adapta a diferentes estilos de decora\u00e7\u00e3o.<\/li>\n<li data-start=\"914\" data-end=\"1055\"><strong data-start=\"916\" data-end=\"941\">Entrada pelo centro<\/strong>: A entrada central \u00e9 perfeita para f\u00e1cil acesso ao chuveiro, ideal para banheiros m\u00e9dios ou grandes.<\/li>\n<li data-start=\"1056\" data-end=\"1215\"><strong data-start=\"1058\" data-end=\"1082\">Regula\u00e7\u00e3o ajust\u00e1vel<\/strong>: At\u00e9 25 mm de ajuste em cada lado, permitindo um ajuste perfeito \u00e0s dimens\u00f5es do banheiro e uma instala\u00e7\u00e3o mais f\u00e1cil.<\/li>\n<li data-start=\"1216\" data-end=\"1332\"><strong data-start=\"1218\" data-end=\"1246\">Material de alta qualidade<\/strong>: Feito de materiais fortes e dur\u00e1veis que garantem uma longa vida \u00fatil.<\/li>\n<li data-start=\"1333\" data-end=\"1515\"><strong data-start=\"1335\" data-end=\"1366\">Op\u00e7\u00f5es de cor e acabamento<\/strong>: Dispon\u00edvel em cores como dourado, prateado ou bronze, al\u00e9m da op\u00e7\u00e3o laqueada, permitindo que voc\u00ea personalize a tela de acordo com o estilo do seu banheiro.<\/li>\n<li data-start=\"1516\" data-end=\"1649\"><strong data-start=\"1518\" data-end=\"1536\">R\u00e1dio Especial<\/strong>: Op\u00e7\u00e3o de personalizar o raio da tela para um encaixe perfeito em banheiros com formatos e medidas especiais.<\/li>\n<\/ul>\n<p data-start=\"1651\" data-end=\"1666\"><strong data-start=\"1651\" data-end=\"1663\">Vantagens<\/strong>:<\/p>\n<ul data-start=\"1667\" data-end=\"2601\">\n<li data-start=\"1667\" data-end=\"1905\"><strong data-start=\"1669\" data-end=\"1690\">Economia de espa\u00e7o<\/strong>: Portas de correr curvas permitem que a tela deslize suavemente sem precisar de espa\u00e7o adicional para abrir, o que as torna a escolha perfeita para banheiros pequenos ou com espa\u00e7o limitado.<\/li>\n<li data-start=\"1906\" data-end=\"2094\"><strong data-start=\"1908\" data-end=\"1930\">Est\u00e9tica atraente<\/strong>: Seu design semicircular n\u00e3o s\u00f3 otimiza o espa\u00e7o, mas tamb\u00e9m acrescenta um toque de eleg\u00e2ncia ao seu banheiro, tornando-o um local mais moderno e agrad\u00e1vel.<\/li>\n<li data-start=\"2095\" data-end=\"2266\"><strong data-start=\"2097\" data-end=\"2120\">Facilidade de acesso<\/strong>: A entrada central oferece acesso f\u00e1cil e conveniente ao chuveiro, ideal para todos os usu\u00e1rios, incluindo pessoas com mobilidade reduzida.<\/li>\n<li data-start=\"2267\" data-end=\"2428\"><strong data-start=\"2269\" data-end=\"2288\">Personaliza\u00e7\u00e3o<\/strong>: Com uma ampla variedade de op\u00e7\u00f5es de cores e tamanhos, voc\u00ea pode adaptar a divis\u00f3ria do chuveiro para combinar perfeitamente com o design do seu banheiro.<\/li>\n<li data-start=\"2429\" data-end=\"2601\"><strong data-start=\"2431\" data-end=\"2457\">F\u00e1cil manuten\u00e7\u00e3o<\/strong>: Superf\u00edcies lisas e tratamento anticalc\u00e1rio tornam a tela f\u00e1cil de limpar, mantendo-a em excelentes condi\u00e7\u00f5es com pouco esfor\u00e7o.<\/li>\n<\/ul>\n<p data-start=\"2603\" data-end=\"3059\"><strong data-start=\"2603\" data-end=\"2658\">Por que escolher esta divis\u00f3ria de chuveiro semicircular?<br \/>\n<\/strong><br data-start=\"2658\" data-end=\"2661\" \/>Esse <strong data-start=\"2666\" data-end=\"2690\">tela semicircular<\/strong> \u00c9 a op\u00e7\u00e3o perfeita se voc\u00ea procura uma combina\u00e7\u00e3o de eleg\u00e2ncia, funcionalidade e economia de espa\u00e7o. Seu design inovador, juntamente com op\u00e7\u00f5es de personaliza\u00e7\u00e3o e facilidade de instala\u00e7\u00e3o, fazem desta tela uma excelente escolha para banheiros modernos. Al\u00e9m disso, sua capacidade de se adaptar a diferentes tamanhos e estilos garante que ele se encaixe perfeitamente no seu banheiro.<\/p>","protected":false},"excerpt":{"rendered":"<p>Divis\u00f3ria de chuveiro semicircular com dois pain\u00e9is fixos retos e dois pain\u00e9is deslizantes curvos. Entrada pelo centro. Ajuste de at\u00e9 25 mm em cada lado.<\/p>\n<p>&nbsp;<\/p>\n<a href=\"https:\/\/pabano.com\/pt\/contacto\/?producto=Mampara%20de%20ba\u00f1o%20LA-5508\" target=\"_blank\" class=\"button primary is-primary is-medium\" rel=\"noopener\" >\n\t\t<span>Solicite mais informa\u00e7\u00f5es<\/span>\n\t<\/a>","protected":false},"featured_media":3310,"comment_status":"open","ping_status":"closed","template":"","meta":[],"product_brand":[],"product_cat":[253],"product_tag":[],"class_list":{"0":"post-3346","1":"product","2":"type-product","3":"status-publish","4":"has-post-thumbnail","6":"product_cat-serie-5000","8":"first","9":"instock","10":"featured","11":"taxable","12":"shipping-taxable","13":"product-type-simple"},"_links":{"self":[{"href":"https:\/\/pabano.com\/pt\/wp-json\/wp\/v2\/product\/3346","targetHints":{"allow":["GET"]}}],"collection":[{"href":"https:\/\/pabano.com\/pt\/wp-json\/wp\/v2\/product"}],"about":[{"href":"https:\/\/pabano.com\/pt\/wp-json\/wp\/v2\/types\/product"}],"replies":[{"embeddable":true,"href":"https:\/\/pabano.com\/pt\/wp-json\/wp\/v2\/comments?post=3346"}],"wp:featuredmedia":[{"embeddable":true,"href":"https:\/\/pabano.com\/pt\/wp-json\/wp\/v2\/media\/3310"}],"wp:attachment":[{"href":"https:\/\/pabano.com\/pt\/wp-json\/wp\/v2\/media?parent=3346"}],"wp:term":[{"taxonomy":"product_brand","embeddable":true,"href":"https:\/\/pabano.com\/pt\/wp-json\/wp\/v2\/product_brand?post=3346"},{"taxonomy":"product_cat","embeddable":true,"href":"https:\/\/pabano.com\/pt\/wp-json\/wp\/v2\/product_cat?post=3346"},{"taxonomy":"product_tag","embeddable":true,"href":"https:\/\/pabano.com\/pt\/wp-json\/wp\/v2\/product_tag?post=3346"}],"curies":[{"name":"wp","href":"https:\/\/api.w.org\/{rel}","templated":true}]}}