{"id":3347,"date":"2023-09-28T20:26:21","date_gmt":"2023-09-28T18:26:21","guid":{"rendered":"https:\/\/pabano.com\/?post_type=product&#038;p=3347"},"modified":"2025-02-11T09:09:21","modified_gmt":"2025-02-11T08:09:21","slug":"mampara-la-5606","status":"publish","type":"product","link":"https:\/\/pabano.com\/pt\/produto\/mampara-la-5606\/","title":{"rendered":"Divis\u00f3ria de banheiro LA-5606"},"content":{"rendered":"<p>Tela de constru\u00e7\u00e3o com dois pain\u00e9is fixos e dois pain\u00e9is deslizantes. Entrada pelo v\u00e9rtice. Ajuste de at\u00e9 25 mm em cada lado.<\/p>\n<p data-start=\"199\" data-end=\"701\">O <strong data-start=\"221\" data-end=\"249\">divis\u00f3ria de banheiro feita de tijolo<\/strong> Com duas folhas fixas e duas deslizantes, \u00e9 uma op\u00e7\u00e3o elegante e funcional para seu banheiro. Projetada para se adaptar a espa\u00e7os de todos os tamanhos, esta tela combina a praticidade das portas de correr com a resist\u00eancia dos pain\u00e9is fixos, oferecendo privacidade e acesso conveniente. Seu design minimalista n\u00e3o s\u00f3 melhora a est\u00e9tica do banheiro, mas tamb\u00e9m otimiza o espa\u00e7o dispon\u00edvel, pois n\u00e3o exige espa\u00e7o adicional para abrir as portas.<\/p>\n<p data-start=\"703\" data-end=\"725\"><strong data-start=\"703\" data-end=\"722\">Caracter\u00edsticas<\/strong>:<\/p>\n<ul data-start=\"726\" data-end=\"1632\">\n<li data-start=\"726\" data-end=\"952\"><strong data-start=\"728\" data-end=\"748\">Design funcional<\/strong>:A tela consiste em <strong data-start=\"771\" data-end=\"790\">duas folhas fixas<\/strong> nas laterais e <strong data-start=\"810\" data-end=\"834\">duas folhas deslizantes<\/strong> no centro, que deslizam suavemente sobre um trilho, permitindo f\u00e1cil acesso e um design ininterrupto.<\/li>\n<li data-start=\"953\" data-end=\"1138\"><strong data-start=\"955\" data-end=\"978\">Regulamenta\u00e7\u00e3o flex\u00edvel<\/strong>: Com at\u00e9 <strong data-start=\"990\" data-end=\"1026\">Ajuste de 25 mm em cada lado<\/strong>, adapta-se a diferentes tamanhos de banheiros, garantindo uma instala\u00e7\u00e3o perfeita mesmo em espa\u00e7os irregulares.<\/li>\n<li data-start=\"1139\" data-end=\"1284\"><strong data-start=\"1141\" data-end=\"1167\">Materiais resistentes<\/strong>: A tela \u00e9 feita de materiais de alta qualidade para garantir durabilidade e resist\u00eancia ao uso di\u00e1rio.<\/li>\n<li data-start=\"1285\" data-end=\"1483\"><strong data-start=\"1287\" data-end=\"1314\">Op\u00e7\u00f5es personalizadas<\/strong>: Dispon\u00edvel em v\u00e1rios acabamentos e cores, incluindo <strong data-start=\"1368\" data-end=\"1392\">ouro, prata ou bronze<\/strong> e em <strong data-start=\"1398\" data-end=\"1417\">cores laqueadas<\/strong> para que voc\u00ea possa escolher o estilo que melhor combina com seu banheiro.<\/li>\n<li data-start=\"1484\" data-end=\"1632\"><strong data-start=\"1486\" data-end=\"1507\">F\u00e1cil instala\u00e7\u00e3o<\/strong>: Seu design otimizado permite f\u00e1cil instala\u00e7\u00e3o, sem a necessidade de modifica\u00e7\u00f5es complexas na estrutura do banheiro.<\/li>\n<\/ul>\n<p data-start=\"1634\" data-end=\"1649\"><strong data-start=\"1634\" data-end=\"1646\">Vantagens<\/strong>:<\/p>\n<ul data-start=\"1650\" data-end=\"2371\">\n<li data-start=\"1650\" data-end=\"1795\"><strong data-start=\"1652\" data-end=\"1673\">Economia de espa\u00e7o<\/strong>: Portas de correr s\u00e3o perfeitas para banheiros com espa\u00e7o limitado, pois n\u00e3o exigem \u00e1rea adicional para abrir.<\/li>\n<li data-start=\"1796\" data-end=\"1934\"><strong data-start=\"1798\" data-end=\"1818\">Est\u00e9tica moderna<\/strong>: Seu design elegante e funcional se adapta a qualquer estilo de banheiro, criando um ambiente limpo e contempor\u00e2neo.<\/li>\n<li data-start=\"1935\" data-end=\"2074\"><strong data-start=\"1937\" data-end=\"1954\">F\u00e1cil acesso<\/strong>: Portas deslizantes permitem acesso r\u00e1pido e f\u00e1cil, mesmo para pessoas com mobilidade reduzida.<\/li>\n<li data-start=\"2075\" data-end=\"2212\"><strong data-start=\"2077\" data-end=\"2100\">Privacidade aprimorada<\/strong>: Pain\u00e9is laterais fixos proporcionam excelente privacidade durante o banho, sem comprometer o design.<\/li>\n<li data-start=\"2213\" data-end=\"2371\"><strong data-start=\"2215\" data-end=\"2239\">Variedade de acabamentos<\/strong>: A possibilidade de personalizar a cor e o acabamento da tela permite integr\u00e1-la facilmente \u00e0 decora\u00e7\u00e3o do seu banheiro.<\/li>\n<\/ul>\n<p data-start=\"2373\" data-end=\"2766\"><strong data-start=\"2373\" data-end=\"2423\">Por que escolher esta divis\u00f3ria de chuveiro embutida?<\/strong><br data-start=\"2423\" data-end=\"2426\" \/>Se voc\u00ea busca uma op\u00e7\u00e3o funcional, est\u00e9tica e moderna, a <strong data-start=\"2481\" data-end=\"2509\">divis\u00f3ria de banheiro feita de tijolo<\/strong> Com duas folhas fixas e duas deslizantes, \u00e9 a escolha perfeita. Oferece o equil\u00edbrio ideal entre privacidade, acessibilidade e estilo, tudo em um design que economiza espa\u00e7o. Transforme seu banheiro em um lugar mais pr\u00e1tico e elegante com esta tela vers\u00e1til!<\/p>","protected":false},"excerpt":{"rendered":"<p>Divis\u00f3ria de banheiro com dois pain\u00e9is fixos e dois pain\u00e9is deslizantes. Entrada pelo v\u00e9rtice. Ajuste de at\u00e9 25 mm em cada lado.<\/p>\n<p>&nbsp;<\/p>\n<a href=\"https:\/\/pabano.com\/pt\/contacto\/?producto=Mampara%20de%20ba\u00f1o%20LA-5606\" target=\"_blank\" class=\"button primary is-primary is-medium\" rel=\"noopener\" >\n\t\t<span>Solicite mais informa\u00e7\u00f5es<\/span>\n\t<\/a>","protected":false},"featured_media":3207,"comment_status":"open","ping_status":"closed","template":"","meta":[],"product_brand":[],"product_cat":[253],"product_tag":[],"class_list":{"0":"post-3347","1":"product","2":"type-product","3":"status-publish","4":"has-post-thumbnail","6":"product_cat-serie-5000","8":"first","9":"instock","10":"featured","11":"taxable","12":"shipping-taxable","13":"product-type-simple"},"_links":{"self":[{"href":"https:\/\/pabano.com\/pt\/wp-json\/wp\/v2\/product\/3347","targetHints":{"allow":["GET"]}}],"collection":[{"href":"https:\/\/pabano.com\/pt\/wp-json\/wp\/v2\/product"}],"about":[{"href":"https:\/\/pabano.com\/pt\/wp-json\/wp\/v2\/types\/product"}],"replies":[{"embeddable":true,"href":"https:\/\/pabano.com\/pt\/wp-json\/wp\/v2\/comments?post=3347"}],"wp:featuredmedia":[{"embeddable":true,"href":"https:\/\/pabano.com\/pt\/wp-json\/wp\/v2\/media\/3207"}],"wp:attachment":[{"href":"https:\/\/pabano.com\/pt\/wp-json\/wp\/v2\/media?parent=3347"}],"wp:term":[{"taxonomy":"product_brand","embeddable":true,"href":"https:\/\/pabano.com\/pt\/wp-json\/wp\/v2\/product_brand?post=3347"},{"taxonomy":"product_cat","embeddable":true,"href":"https:\/\/pabano.com\/pt\/wp-json\/wp\/v2\/product_cat?post=3347"},{"taxonomy":"product_tag","embeddable":true,"href":"https:\/\/pabano.com\/pt\/wp-json\/wp\/v2\/product_tag?post=3347"}],"curies":[{"name":"wp","href":"https:\/\/api.w.org\/{rel}","templated":true}]}}