{"id":3348,"date":"2023-09-28T20:26:21","date_gmt":"2023-09-28T18:26:21","guid":{"rendered":"https:\/\/pabano.com\/?post_type=product&#038;p=3348"},"modified":"2025-01-22T09:39:09","modified_gmt":"2025-01-22T08:39:09","slug":"mampara-av-5961","status":"publish","type":"product","link":"https:\/\/pabano.com\/pt\/produto\/mampara-av-5961\/","title":{"rendered":"Divis\u00f3ria de duche AV-5961"},"content":{"rendered":"<p>Cabina de duche com um painel fixo, um painel de correr e dois pain\u00e9is com dobradi\u00e7as. Abertura no v\u00e9rtice. Regula\u00e7\u00e3o at\u00e9 25 mm de cada lado. Dispon\u00edvel em vidro temperado com 4 mm de espessura.<\/p>\n<p>Outras op\u00e7\u00f5es dispon\u00edveis:<\/p>\n<p>- Cor plata<br \/>\n- Cor lacada<br \/>\n- Aumento da altura e da largura<br \/>\n- Tratamento anti-calc\u00e1rio<br \/>\n- Serigrafia com tinta de esmalte v\u00edtreo colorida<br \/>\n- As cabinas de duche com um painel fixo, um painel deslizante e dois pain\u00e9is articulados s\u00e3o uma excelente escolha para casas de banho de todas as dimens\u00f5es. O seu design elegante e funcional torna-as uma das op\u00e7\u00f5es mais populares no mercado.<\/p>\n<p>Uma divis\u00f3ria de duche com um painel fixo, um painel deslizante e dois pain\u00e9is articulados \u00e9 composta, como o nome indica, por cinco pain\u00e9is: um painel fixo que \u00e9 colocado na parede do duche, um painel deslizante que desliza sobre uma calha e dois pain\u00e9is articulados que se abrem para o interior ou para o exterior do duche.<\/p>\n<p>Este tipo de biombo \u00e9 uma excelente escolha para casas de banho de todas as dimens\u00f5es. Os pain\u00e9is deslizantes e articulados poupam espa\u00e7o, uma vez que n\u00e3o ocupam espa\u00e7o quando abertos. Al\u00e9m disso, o seu design elegante e minimalista torna-os uma excelente escolha para casas de banho modernas.<\/p>\n<p>As cabinas de duche com um painel fixo, um painel deslizante e dois pain\u00e9is articulados s\u00e3o uma excelente escolha para casas de banho de todas as dimens\u00f5es. O seu design elegante e funcional torna-as uma excelente escolha para casas de banho modernas.<\/p>\n<p>Ao escolher uma divis\u00f3ria de duche com um painel fixo, um painel deslizante e dois pain\u00e9is articulados, \u00e9 importante ter em conta o tamanho, o material, a cor e os acess\u00f3rios pretendidos.<\/p>","protected":false},"excerpt":{"rendered":"<p>Cabina de duche com um painel fixo, um painel de correr e dois pain\u00e9is com dobradi\u00e7as. Abertura no v\u00e9rtice. Regula\u00e7\u00e3o at\u00e9 25 mm de cada lado. Dispon\u00edvel em vidro temperado com 4 mm de espessura.<\/p>\n<p>&nbsp;<\/p>\n<a href=\"https:\/\/pabano.com\/pt\/contacto\/?producto=Mampara%20de%20ba\u00f1o%20AV-5961\" target=\"_blank\" class=\"button primary is-primary is-medium\" rel=\"noopener\" >\n\t\t<span>Solicite mais informa\u00e7\u00f5es<\/span>\n\t<\/a>","protected":false},"featured_media":3203,"comment_status":"open","ping_status":"closed","template":"","meta":[],"product_brand":[],"product_cat":[253],"product_tag":[],"class_list":{"0":"post-3348","1":"product","2":"type-product","3":"status-publish","4":"has-post-thumbnail","6":"product_cat-serie-5000","8":"first","9":"instock","10":"featured","11":"taxable","12":"shipping-taxable","13":"product-type-simple"},"_links":{"self":[{"href":"https:\/\/pabano.com\/pt\/wp-json\/wp\/v2\/product\/3348","targetHints":{"allow":["GET"]}}],"collection":[{"href":"https:\/\/pabano.com\/pt\/wp-json\/wp\/v2\/product"}],"about":[{"href":"https:\/\/pabano.com\/pt\/wp-json\/wp\/v2\/types\/product"}],"replies":[{"embeddable":true,"href":"https:\/\/pabano.com\/pt\/wp-json\/wp\/v2\/comments?post=3348"}],"wp:featuredmedia":[{"embeddable":true,"href":"https:\/\/pabano.com\/pt\/wp-json\/wp\/v2\/media\/3203"}],"wp:attachment":[{"href":"https:\/\/pabano.com\/pt\/wp-json\/wp\/v2\/media?parent=3348"}],"wp:term":[{"taxonomy":"product_brand","embeddable":true,"href":"https:\/\/pabano.com\/pt\/wp-json\/wp\/v2\/product_brand?post=3348"},{"taxonomy":"product_cat","embeddable":true,"href":"https:\/\/pabano.com\/pt\/wp-json\/wp\/v2\/product_cat?post=3348"},{"taxonomy":"product_tag","embeddable":true,"href":"https:\/\/pabano.com\/pt\/wp-json\/wp\/v2\/product_tag?post=3348"}],"curies":[{"name":"wp","href":"https:\/\/api.w.org\/{rel}","templated":true}]}}