{"id":3349,"date":"2023-09-28T20:26:21","date_gmt":"2023-09-28T18:26:21","guid":{"rendered":"https:\/\/pabano.com\/?post_type=product&#038;p=3349"},"modified":"2025-02-11T08:29:37","modified_gmt":"2025-02-11T07:29:37","slug":"mampara-lc-6100","status":"publish","type":"product","link":"https:\/\/pabano.com\/pt\/produto\/mampara-lc-6100\/","title":{"rendered":"Divis\u00f3ria de canto para chuveiro LC-6100"},"content":{"rendered":"<p>Divis\u00f3ria de canto para chuveiro ou banheira com painel dobr\u00e1vel. Ajuste de at\u00e9 15 mm. Vidro de 6 mm de espessura. Abertura tanto para dentro quanto para fora. Op\u00e7\u00e3o de canto curvo ou quadrado.<\/p>\n<p data-start=\"159\" data-end=\"503\">O <strong data-start=\"163\" data-end=\"192\">divis\u00f3rias de canto para chuveiro<\/strong> com porta sanfonada s\u00e3o uma excelente op\u00e7\u00e3o para quem busca uma solu\u00e7\u00e3o funcional e elegante para banheiros de todos os tamanhos. Essas divis\u00f3rias aproveitam ao m\u00e1ximo o espa\u00e7o dispon\u00edvel nos cantos do chuveiro ou da banheira, sendo ideais para otimizar o layout em banheiros pequenos ou m\u00e9dios.<\/p>\n<p data-start=\"505\" data-end=\"569\"><strong data-start=\"505\" data-end=\"568\">Vantagens das divis\u00f3rias de canto para chuveiro com portas sanfonadas<\/strong>:<\/p>\n<ul data-start=\"571\" data-end=\"1976\">\n<li data-start=\"571\" data-end=\"874\">\n<p data-start=\"573\" data-end=\"874\"><strong data-start=\"573\" data-end=\"604\">Design funcional e elegante<\/strong>: O <strong data-start=\"610\" data-end=\"639\">divis\u00f3rias de canto para chuveiro<\/strong> Com porta sanfonada, possuem design minimalista que economiza espa\u00e7o por n\u00e3o necessitar de grande \u00e1rea para abrir. A folha pode ser dobrada tanto para dentro quanto para fora, oferecendo grande praticidade e versatilidade.<\/p>\n<\/li>\n<li data-start=\"876\" data-end=\"1160\">\n<p data-start=\"878\" data-end=\"1160\"><strong data-start=\"878\" data-end=\"900\">Espa\u00e7o otimizado<\/strong>: Gra\u00e7as \u00e0 sua abertura dobr\u00e1vel, essas telas n\u00e3o invadem o espa\u00e7o dispon\u00edvel, fazendo com que seu banheiro pare\u00e7a maior e mais organizado. \u00c9 uma op\u00e7\u00e3o perfeita para o <strong data-start=\"1068\" data-end=\"1097\">divis\u00f3rias de canto para chuveiro<\/strong>, onde o espa\u00e7o dos cantos deve ser aproveitado ao m\u00e1ximo.<\/p>\n<\/li>\n<li data-start=\"1162\" data-end=\"1498\">\n<p data-start=\"1164\" data-end=\"1498\"><strong data-start=\"1164\" data-end=\"1194\">Materiais de alta qualidade<\/strong>:Com vidro de 6mm de espessura e op\u00e7\u00f5es como <strong data-start=\"1244\" data-end=\"1267\">tratamento anti-calc\u00e1rio<\/strong> Para manter o vidro limpo por mais tempo, essas telas s\u00e3o dur\u00e1veis e f\u00e1ceis de manter. Al\u00e9m disso, voc\u00ea pode escolher entre <strong data-start=\"1395\" data-end=\"1415\">vidro temperado<\/strong>, <strong data-start=\"1417\" data-end=\"1433\">transparente<\/strong>, ou mesmo <strong data-start=\"1445\" data-end=\"1470\">vidro efeito espelho<\/strong> para um toque de eleg\u00e2ncia.<\/p>\n<\/li>\n<li data-start=\"1500\" data-end=\"1976\">\n<p data-start=\"1502\" data-end=\"1631\"><strong data-start=\"1502\" data-end=\"1529\">Op\u00e7\u00f5es personalizadas<\/strong>: Divis\u00f3rias de chuveiro de canto com porta articulada podem ser personalizadas para se adequar ao seu banheiro:<\/p>\n<ul data-start=\"1636\" data-end=\"1976\">\n<li data-start=\"1636\" data-end=\"1745\"><strong data-start=\"1638\" data-end=\"1649\">Cores<\/strong>:Escolha entre acabamentos em <strong data-start=\"1675\" data-end=\"1690\">alto brilho<\/strong> qualquer <strong data-start=\"1693\" data-end=\"1703\">laqueado<\/strong> para combinar com a est\u00e9tica do seu banheiro.<\/li>\n<li data-start=\"1750\" data-end=\"1896\"><strong data-start=\"1752\" data-end=\"1770\">Tamanho e forma<\/strong>:Oferecemos op\u00e7\u00f5es de <strong data-start=\"1794\" data-end=\"1823\">chanfro ou forma irregular<\/strong>, al\u00e9m de <strong data-start=\"1835\" data-end=\"1865\">aumento de altura ou largura<\/strong> e <strong data-start=\"1868\" data-end=\"1895\">medi\u00e7\u00e3o maior que 100cm<\/strong>.<\/li>\n<li data-start=\"1901\" data-end=\"1976\"><strong data-start=\"1903\" data-end=\"1923\">Fecho magn\u00e9tico<\/strong>: Para um ajuste perfeito e sem vazamentos de \u00e1gua.<\/li>\n<\/ul>\n<\/li>\n<\/ul>\n<p data-start=\"1978\" data-end=\"2065\"><strong data-start=\"1978\" data-end=\"2064\">Principais caracter\u00edsticas das divis\u00f3rias de canto para chuveiro com painel dobr\u00e1vel<\/strong>:<\/p>\n<ul data-start=\"2067\" data-end=\"2477\">\n<li data-start=\"2067\" data-end=\"2178\"><strong data-start=\"2069\" data-end=\"2097\">At\u00e9 15 mm de ajuste<\/strong>: Ajuste a tela para que ela se ajuste perfeitamente \u00e0s dimens\u00f5es do seu espa\u00e7o.<\/li>\n<li data-start=\"2179\" data-end=\"2318\"><strong data-start=\"2181\" data-end=\"2219\">Op\u00e7\u00e3o de canto curvo ou quadrado<\/strong>: Escolha a op\u00e7\u00e3o que melhor se adapta ao seu banheiro, com um design que maximize o espa\u00e7o dispon\u00edvel.<\/li>\n<li data-start=\"2319\" data-end=\"2477\"><strong data-start=\"2321\" data-end=\"2353\">Abertura interna e externa<\/strong>: A folha dobr\u00e1vel pode ser aberta tanto para dentro quanto para fora, oferecendo maior flexibilidade e conveni\u00eancia.<\/li>\n<\/ul>\n<p data-start=\"2479\" data-end=\"2645\">O <strong data-start=\"2483\" data-end=\"2512\">divis\u00f3rias de canto para chuveiro<\/strong> com porta sanfonada, unem funcionalidade e design em um \u00fanico produto, tornando seu banheiro um espa\u00e7o mais pr\u00e1tico e estiloso.<\/p>","protected":false},"excerpt":{"rendered":"<p>Divis\u00f3ria de canto para chuveiro ou banheira com painel dobr\u00e1vel. Ajuste de at\u00e9 15 mm. Vidro de 6 mm de espessura. Abertura tanto para dentro quanto para fora. Op\u00e7\u00e3o de canto curvo ou quadrado.<\/p>\n<p>&nbsp;<\/p>\n<a href=\"https:\/\/pabano.com\/pt\/contacto\/?producto=Mampara%20de%20ducha%20LC-6100\" target=\"_blank\" class=\"button primary is-primary is-medium\" rel=\"noopener\" >\n\t\t<span>Solicite mais informa\u00e7\u00f5es<\/span>\n\t<\/a>","protected":false},"featured_media":3241,"comment_status":"open","ping_status":"closed","template":"","meta":[],"product_brand":[],"product_cat":[254],"product_tag":[],"class_list":{"0":"post-3349","1":"product","2":"type-product","3":"status-publish","4":"has-post-thumbnail","6":"product_cat-serie-6000","8":"first","9":"instock","10":"featured","11":"taxable","12":"shipping-taxable","13":"product-type-simple"},"_links":{"self":[{"href":"https:\/\/pabano.com\/pt\/wp-json\/wp\/v2\/product\/3349","targetHints":{"allow":["GET"]}}],"collection":[{"href":"https:\/\/pabano.com\/pt\/wp-json\/wp\/v2\/product"}],"about":[{"href":"https:\/\/pabano.com\/pt\/wp-json\/wp\/v2\/types\/product"}],"replies":[{"embeddable":true,"href":"https:\/\/pabano.com\/pt\/wp-json\/wp\/v2\/comments?post=3349"}],"wp:featuredmedia":[{"embeddable":true,"href":"https:\/\/pabano.com\/pt\/wp-json\/wp\/v2\/media\/3241"}],"wp:attachment":[{"href":"https:\/\/pabano.com\/pt\/wp-json\/wp\/v2\/media?parent=3349"}],"wp:term":[{"taxonomy":"product_brand","embeddable":true,"href":"https:\/\/pabano.com\/pt\/wp-json\/wp\/v2\/product_brand?post=3349"},{"taxonomy":"product_cat","embeddable":true,"href":"https:\/\/pabano.com\/pt\/wp-json\/wp\/v2\/product_cat?post=3349"},{"taxonomy":"product_tag","embeddable":true,"href":"https:\/\/pabano.com\/pt\/wp-json\/wp\/v2\/product_tag?post=3349"}],"curies":[{"name":"wp","href":"https:\/\/api.w.org\/{rel}","templated":true}]}}