{"id":3351,"date":"2023-09-28T20:26:27","date_gmt":"2023-09-28T18:26:27","guid":{"rendered":"https:\/\/pabano.com\/?post_type=product&#038;p=3351"},"modified":"2025-01-22T09:48:25","modified_gmt":"2025-01-22T08:48:25","slug":"mampara-lc-6540","status":"publish","type":"product","link":"https:\/\/pabano.com\/pt\/produto\/mampara-lc-6540\/","title":{"rendered":"Divis\u00f3ria de duche LC-6540"},"content":{"rendered":"<p>Biombo para duche ou banheira com dois pain\u00e9is fixos e um painel articulado. Abertura para a esquerda ou para a direita. Abertura central, interior e exterior para se adaptar a qualquer espa\u00e7o. Perfil base inclu\u00eddo. Ajuste at\u00e9 10 mm por caixilho. Vidro de 6 mm de espessura.<\/p>\n<p>Outras op\u00e7\u00f5es dispon\u00edveis:<\/p>\n<p>- Cor alto brillo<br \/>\n- Cor lacada<br \/>\n- Chanfro ou forma irregular<br \/>\n- Aumentar a altura ou a largura<br \/>\n- Tiranta<br \/>\n- Medida superior a 100 cm<br \/>\n- Tratamento anti-calc\u00e1rio<br \/>\n- Serigrafia com tinta de esmalte v\u00edtreo colorida<br \/>\n- Vidro espelhado<\/p>\n<p>As divis\u00f3rias de duche ou de banheira com dois pain\u00e9is fixos e um painel rebat\u00edvel s\u00e3o uma excelente op\u00e7\u00e3o para casas de banho de todas as dimens\u00f5es. Este tipo de divis\u00f3ria de duche permite poupar espa\u00e7o, uma vez que o painel articulado pode ser aberto para o interior ou para o exterior do duche ou da banheira.<\/p>\n<p>Ao escolher uma divis\u00f3ria de duche ou de banheira com dois pain\u00e9is fixos e um painel rebat\u00edvel, h\u00e1 uma s\u00e9rie de factores a ter em conta:<\/p>\n<p>- Tamanho: A divis\u00f3ria de duche deve ter o tamanho certo para o espa\u00e7o dispon\u00edvel na sua casa de banho.<br \/>\n- Material: As divis\u00f3rias de duche ou banheira com dois pain\u00e9is fixos e um painel rebat\u00edvel est\u00e3o dispon\u00edveis numa variedade de materiais, como o vidro, o acr\u00edlico ou o poliestireno. Cada material tem as suas pr\u00f3prias vantagens e desvantagens.<br \/>\n- Cor: Os resguardos de duche ou de banheira com dois pain\u00e9is fixos e um painel rebat\u00edvel est\u00e3o dispon\u00edveis em v\u00e1rias cores. Escolha uma cor que combine com o estilo da sua casa de banho.<br \/>\n- Acess\u00f3rios: Alguns resguardos de duche ou de banheira com dois pain\u00e9is fixos e um painel rebat\u00edvel v\u00eam com acess\u00f3rios adicionais, como prateleiras ou toalheiros.<br \/>\n- Os resguardos de duche ou banheira com dois pain\u00e9is fixos e um painel rebat\u00edvel s\u00e3o uma excelente escolha para casas de banho de todas as dimens\u00f5es. O seu design elegante e funcional torna-os uma excelente escolha para casas de banho modernas.<\/p>","protected":false},"excerpt":{"rendered":"<p>Biombo para duche ou banheira com dois pain\u00e9is fixos e um painel articulado. Abertura para a esquerda ou para a direita. Abertura central, interior e exterior para se adaptar a qualquer espa\u00e7o. Perfil base inclu\u00eddo. Ajuste at\u00e9 10 mm por caixilho. Vidro de 6 mm de espessura.<\/p>\n<p>&nbsp;<\/p>\n<a href=\"https:\/\/pabano.com\/pt\/contacto\/?producto=Mampara%20de%20ducha%20LC-6540\" target=\"_blank\" class=\"button primary is-primary is-medium\" rel=\"noopener\" >\n\t\t<span>Solicite mais informa\u00e7\u00f5es<\/span>\n\t<\/a>","protected":false},"featured_media":3243,"comment_status":"open","ping_status":"closed","template":"","meta":[],"product_brand":[],"product_cat":[254],"product_tag":[],"class_list":{"0":"post-3351","1":"product","2":"type-product","3":"status-publish","4":"has-post-thumbnail","6":"product_cat-serie-6000","8":"first","9":"instock","10":"featured","11":"taxable","12":"shipping-taxable","13":"product-type-simple"},"_links":{"self":[{"href":"https:\/\/pabano.com\/pt\/wp-json\/wp\/v2\/product\/3351","targetHints":{"allow":["GET"]}}],"collection":[{"href":"https:\/\/pabano.com\/pt\/wp-json\/wp\/v2\/product"}],"about":[{"href":"https:\/\/pabano.com\/pt\/wp-json\/wp\/v2\/types\/product"}],"replies":[{"embeddable":true,"href":"https:\/\/pabano.com\/pt\/wp-json\/wp\/v2\/comments?post=3351"}],"wp:featuredmedia":[{"embeddable":true,"href":"https:\/\/pabano.com\/pt\/wp-json\/wp\/v2\/media\/3243"}],"wp:attachment":[{"href":"https:\/\/pabano.com\/pt\/wp-json\/wp\/v2\/media?parent=3351"}],"wp:term":[{"taxonomy":"product_brand","embeddable":true,"href":"https:\/\/pabano.com\/pt\/wp-json\/wp\/v2\/product_brand?post=3351"},{"taxonomy":"product_cat","embeddable":true,"href":"https:\/\/pabano.com\/pt\/wp-json\/wp\/v2\/product_cat?post=3351"},{"taxonomy":"product_tag","embeddable":true,"href":"https:\/\/pabano.com\/pt\/wp-json\/wp\/v2\/product_tag?post=3351"}],"curies":[{"name":"wp","href":"https:\/\/api.w.org\/{rel}","templated":true}]}}