{"id":3352,"date":"2023-09-28T20:26:27","date_gmt":"2023-09-28T18:26:27","guid":{"rendered":"https:\/\/pabano.com\/?post_type=product&#038;p=3352"},"modified":"2025-02-11T09:00:25","modified_gmt":"2025-02-11T08:00:25","slug":"mampara-lc-6550","status":"publish","type":"product","link":"https:\/\/pabano.com\/pt\/produto\/mampara-lc-6550\/","title":{"rendered":"Divis\u00f3ria de vidro para chuveiro LC-6550"},"content":{"rendered":"<p>Divis\u00f3ria de vidro para chuveiro ou banheira com painel fixo. Al\u00e7a TR-1000 ou TR-1100 inclu\u00edda. at\u00e9 10 mm de regula\u00e7\u00e3o. Vidro de 6 mm de espessura. Op\u00e7\u00e3o de canto curvo ou quadrado.<\/p>\n<p data-start=\"151\" data-end=\"614\">O <strong data-start=\"175\" data-end=\"206\">divis\u00f3rias de vidro para chuveiro<\/strong> com folha fixa \u00e9 a op\u00e7\u00e3o perfeita se voc\u00ea procura um design simples, funcional e elegante para seu banheiro ou banheira. Com vidro de 6 mm de espessura e op\u00e7\u00e3o de cantos curvos ou quadrados, esta tela garante excelente privacidade e isolamento eficaz contra \u00e1gua. Gra\u00e7as ao seu tratamento anticalc\u00e1rio e \u00e0s op\u00e7\u00f5es de personaliza\u00e7\u00e3o, \u00e9 f\u00e1cil de manter e adapta-se perfeitamente \u00e0s suas necessidades e estilo.<\/p>\n<p data-start=\"616\" data-end=\"638\"><strong data-start=\"616\" data-end=\"635\">Caracter\u00edsticas<\/strong>:<\/p>\n<ul data-start=\"639\" data-end=\"1558\">\n<li data-start=\"639\" data-end=\"777\"><strong data-start=\"641\" data-end=\"663\">Vidro forte<\/strong>: Com espessura de 6 mm, o vidro proporciona robustez e seguran\u00e7a, mantendo seu banheiro livre de respingos.<\/li>\n<li data-start=\"778\" data-end=\"912\"><strong data-start=\"780\" data-end=\"802\">Abertura eficiente<\/strong>: A folha fixa garante um isolamento eficiente da \u00e1gua, evitando respingos e melhorando a privacidade.<\/li>\n<li data-start=\"913\" data-end=\"1056\"><strong data-start=\"915\" data-end=\"938\">Op\u00e7\u00f5es de canto<\/strong>: Dispon\u00edvel com cantos curvos ou quadrados, oferecendo flexibilidade para se adaptar ao layout do seu banheiro.<\/li>\n<li data-start=\"1057\" data-end=\"1184\"><strong data-start=\"1059\" data-end=\"1088\">Regulagem at\u00e9 10 mm<\/strong>: Permite ajuste preciso para garantir um encaixe perfeito, mesmo em espa\u00e7os irregulares.<\/li>\n<li data-start=\"1185\" data-end=\"1303\"><strong data-start=\"1187\" data-end=\"1212\">Materiais de qualidade<\/strong>: Feito com vidro de alta resist\u00eancia, o que garante durabilidade superior.<\/li>\n<li data-start=\"1304\" data-end=\"1426\"><strong data-start=\"1306\" data-end=\"1338\">Tratamento anti-calc\u00e1rio inclu\u00eddo<\/strong>: Ajuda a manter o vidro limpo e sem manchas, facilitando a manuten\u00e7\u00e3o.<\/li>\n<li data-start=\"1427\" data-end=\"1558\"><strong data-start=\"1429\" data-end=\"1453\">Acess\u00f3rios inclu\u00eddos<\/strong>: Vem com suporte TR-1000 ou TR-1100 e outras op\u00e7\u00f5es adicionais para personalizar ainda mais a tela.<\/li>\n<\/ul>\n<p data-start=\"1560\" data-end=\"1575\"><strong data-start=\"1560\" data-end=\"1572\">Vantagens<\/strong>:<\/p>\n<ul data-start=\"1576\" data-end=\"2279\">\n<li data-start=\"1576\" data-end=\"1733\"><strong data-start=\"1578\" data-end=\"1611\">Design minimalista e elegante<\/strong>: Seu estilo limpo e moderno se adapta a qualquer tipo de banheiro, proporcionando uma sensa\u00e7\u00e3o de amplitude e luminosidade.<\/li>\n<li data-start=\"1734\" data-end=\"1874\"><strong data-start=\"1736\" data-end=\"1759\">F\u00e1cil manuten\u00e7\u00e3o<\/strong>: O tratamento anticalc\u00e1rio e a simplicidade da folha fixa tornam esta tela f\u00e1cil de limpar e manter.<\/li>\n<li data-start=\"1875\" data-end=\"1992\"><strong data-start=\"1877\" data-end=\"1901\">Variedade de op\u00e7\u00f5es<\/strong>: Personalize-o com op\u00e7\u00f5es como cor de alto brilho, laca, vidro com efeito espelhado e muito mais.<\/li>\n<li data-start=\"1993\" data-end=\"2142\"><strong data-start=\"1995\" data-end=\"2035\">Ideal para todos os tamanhos de banheiro<\/strong>: N\u00e3o importa se voc\u00ea tem um banheiro pequeno ou grande, esta tela se encaixar\u00e1 perfeitamente no seu espa\u00e7o.<\/li>\n<li data-start=\"2143\" data-end=\"2279\"><strong data-start=\"2145\" data-end=\"2182\">Privacidade e isolamento da \u00e1gua<\/strong>: A folha fixa proporciona privacidade e evita respingos, criando um ambiente confort\u00e1vel e seco.<\/li>\n<\/ul>\n<p data-start=\"2281\" data-end=\"2710\"><strong data-start=\"2281\" data-end=\"2314\">Por que escolher esta tela?<\/strong><br data-start=\"2314\" data-end=\"2317\" \/>O <strong data-start=\"2320\" data-end=\"2365\">Divis\u00f3rias de vidro para duche com pain\u00e9is fixos<\/strong> \u00c9 uma excelente op\u00e7\u00e3o para quem busca um design elegante, funcional e de f\u00e1cil manuten\u00e7\u00e3o. Seu vidro de alta qualidade, aliado \u00e0s op\u00e7\u00f5es de personaliza\u00e7\u00e3o, fazem dele a escolha ideal para qualquer tipo de banheiro. Al\u00e9m disso, sua funcionalidade e est\u00e9tica fazem dela uma das melhores solu\u00e7\u00f5es para um banheiro moderno e pr\u00e1tico.<\/p>","protected":false},"excerpt":{"rendered":"<p>Divis\u00f3ria de vidro para chuveiro ou banheira com painel fixo. Al\u00e7a TR-1000 ou TR-1100 inclu\u00edda. at\u00e9 10 mm de regula\u00e7\u00e3o. Vidro de 6 mm de espessura. Op\u00e7\u00e3o de canto curvo ou quadrado.<\/p>\n<p>&nbsp;<\/p>\n<a href=\"https:\/\/pabano.com\/pt\/contacto\/?producto=Mampara%20de%20ducha%20LC-6550\" target=\"_blank\" class=\"button primary is-primary is-medium\" rel=\"noopener\" >\n\t\t<span>Solicite mais informa\u00e7\u00f5es<\/span>\n\t<\/a>","protected":false},"featured_media":3244,"comment_status":"open","ping_status":"closed","template":"","meta":[],"product_brand":[],"product_cat":[254],"product_tag":[],"class_list":{"0":"post-3352","1":"product","2":"type-product","3":"status-publish","4":"has-post-thumbnail","6":"product_cat-serie-6000","8":"first","9":"instock","10":"featured","11":"taxable","12":"shipping-taxable","13":"product-type-simple"},"_links":{"self":[{"href":"https:\/\/pabano.com\/pt\/wp-json\/wp\/v2\/product\/3352","targetHints":{"allow":["GET"]}}],"collection":[{"href":"https:\/\/pabano.com\/pt\/wp-json\/wp\/v2\/product"}],"about":[{"href":"https:\/\/pabano.com\/pt\/wp-json\/wp\/v2\/types\/product"}],"replies":[{"embeddable":true,"href":"https:\/\/pabano.com\/pt\/wp-json\/wp\/v2\/comments?post=3352"}],"wp:featuredmedia":[{"embeddable":true,"href":"https:\/\/pabano.com\/pt\/wp-json\/wp\/v2\/media\/3244"}],"wp:attachment":[{"href":"https:\/\/pabano.com\/pt\/wp-json\/wp\/v2\/media?parent=3352"}],"wp:term":[{"taxonomy":"product_brand","embeddable":true,"href":"https:\/\/pabano.com\/pt\/wp-json\/wp\/v2\/product_brand?post=3352"},{"taxonomy":"product_cat","embeddable":true,"href":"https:\/\/pabano.com\/pt\/wp-json\/wp\/v2\/product_cat?post=3352"},{"taxonomy":"product_tag","embeddable":true,"href":"https:\/\/pabano.com\/pt\/wp-json\/wp\/v2\/product_tag?post=3352"}],"curies":[{"name":"wp","href":"https:\/\/api.w.org\/{rel}","templated":true}]}}