{"id":3353,"date":"2023-09-28T20:26:27","date_gmt":"2023-09-28T18:26:27","guid":{"rendered":"https:\/\/pabano.com\/?post_type=product&#038;p=3353"},"modified":"2025-01-22T09:48:54","modified_gmt":"2025-01-22T08:48:54","slug":"mampara-lc-6570","status":"publish","type":"product","link":"https:\/\/pabano.com\/pt\/produto\/mampara-lc-6570\/","title":{"rendered":"Divis\u00f3ria de duche LC-6570"},"content":{"rendered":"<p>Divis\u00f3ria de duche com um painel fixo e dois pain\u00e9is rebat\u00edveis, um superior e outro inferior. Inclui perfil de base e suporte TR-1000, com uma regula\u00e7\u00e3o at\u00e9 15 mm por caixilho. Espessura do vidro 6mm. Abertura interior e exterior. Op\u00e7\u00e3o com ou sem painel lateral fixo. Tamanho m\u00e1ximo da folha: 100cm.<\/p>\n<p>Outras op\u00e7\u00f5es dispon\u00edveis:<\/p>\n<p>- Cor alto brillo<br \/>\n- Cor lacada<br \/>\n- Chanfro ou forma irregular<br \/>\n- Aumentar a altura ou a largura<br \/>\n- Tiranta<br \/>\n- Medida superior a 100 cm<br \/>\n- Tratamento anti-calc\u00e1rio<br \/>\n- Fecho magn\u00e9tico<br \/>\n- Serigrafia com tinta de esmalte v\u00edtreo colorida<br \/>\n- Vidro espelhado<\/p>\n<p>As divis\u00f3rias de duche com um painel fixo e dois pain\u00e9is rebat\u00edveis s\u00e3o uma excelente escolha para casas de banho pequenas. Este tipo de divis\u00f3ria de duche permite poupar espa\u00e7o, uma vez que os pain\u00e9is articulados podem ser abertos para o interior ou para o exterior do duche.<\/p>\n<p>As cabinas de duche com um painel fixo e dois pain\u00e9is rebat\u00edveis oferecem uma s\u00e9rie de vantagens em rela\u00e7\u00e3o a outros tipos de cabinas:<\/p>\n<p>- Poupan\u00e7a de espa\u00e7o: As folhas dobr\u00e1veis poupam espa\u00e7o, uma vez que n\u00e3o ocupam espa\u00e7o quando abertas.<br \/>\n- Design elegante: O design elegante e minimalista destes ecr\u00e3s torna-os uma excelente escolha para casas de banho modernas.<br \/>\n- F\u00e1cil de limpar: As cabinas de duche com um painel fixo e dois pain\u00e9is articulados s\u00e3o f\u00e1ceis de limpar. Os pain\u00e9is fixos podem ser facilmente removidos para limpeza com um pano h\u00famido.<br \/>\n- Maior privacidade: A folha fixa proporciona maior privacidade durante o duche ou o banho.<br \/>\n- Melhor isolamento da \u00e1gua: As cabinas de duche com um painel fixo e dois pain\u00e9is rebat\u00edveis proporcionam um melhor isolamento da \u00e1gua do que as cabinas com um \u00fanico painel.<\/p>\n<p>Maior versatilidade: As folhas das portas articuladas permitem um acesso f\u00e1cil ao duche por todos os lados.<br \/>\nAs cabinas de duche com um painel fixo e dois pain\u00e9is rebat\u00edveis s\u00e3o uma excelente escolha para casas de banho pequenas. O seu design elegante e funcional torna-as uma excelente escolha para casas de banho modernas.<\/p>","protected":false},"excerpt":{"rendered":"<p>Divis\u00f3ria de duche com um painel fixo e dois pain\u00e9is rebat\u00edveis, um superior e outro inferior. Inclui perfil de base e suporte TR-1000, com uma regula\u00e7\u00e3o at\u00e9 15 mm por caixilho. Espessura do vidro 6mm. Abertura interior e exterior. Op\u00e7\u00e3o com ou sem painel lateral fixo. Tamanho m\u00e1ximo da folha: 100cm.<\/p>\n<p>&nbsp;<\/p>\n<a href=\"https:\/\/pabano.com\/pt\/contacto\/?producto=Mampara%20de%20ducha%20LC-6570\" target=\"_blank\" class=\"button primary is-primary is-medium\" rel=\"noopener\" >\n\t\t<span>Solicite mais informa\u00e7\u00f5es<\/span>\n\t<\/a>","protected":false},"featured_media":3245,"comment_status":"open","ping_status":"closed","template":"","meta":[],"product_brand":[],"product_cat":[254],"product_tag":[],"class_list":{"0":"post-3353","1":"product","2":"type-product","3":"status-publish","4":"has-post-thumbnail","6":"product_cat-serie-6000","8":"first","9":"instock","10":"featured","11":"taxable","12":"shipping-taxable","13":"product-type-simple"},"_links":{"self":[{"href":"https:\/\/pabano.com\/pt\/wp-json\/wp\/v2\/product\/3353","targetHints":{"allow":["GET"]}}],"collection":[{"href":"https:\/\/pabano.com\/pt\/wp-json\/wp\/v2\/product"}],"about":[{"href":"https:\/\/pabano.com\/pt\/wp-json\/wp\/v2\/types\/product"}],"replies":[{"embeddable":true,"href":"https:\/\/pabano.com\/pt\/wp-json\/wp\/v2\/comments?post=3353"}],"wp:featuredmedia":[{"embeddable":true,"href":"https:\/\/pabano.com\/pt\/wp-json\/wp\/v2\/media\/3245"}],"wp:attachment":[{"href":"https:\/\/pabano.com\/pt\/wp-json\/wp\/v2\/media?parent=3353"}],"wp:term":[{"taxonomy":"product_brand","embeddable":true,"href":"https:\/\/pabano.com\/pt\/wp-json\/wp\/v2\/product_brand?post=3353"},{"taxonomy":"product_cat","embeddable":true,"href":"https:\/\/pabano.com\/pt\/wp-json\/wp\/v2\/product_cat?post=3353"},{"taxonomy":"product_tag","embeddable":true,"href":"https:\/\/pabano.com\/pt\/wp-json\/wp\/v2\/product_tag?post=3353"}],"curies":[{"name":"wp","href":"https:\/\/api.w.org\/{rel}","templated":true}]}}