{"id":3354,"date":"2023-09-28T20:26:28","date_gmt":"2023-09-28T18:26:28","guid":{"rendered":"https:\/\/pabano.com\/?post_type=product&#038;p=3354"},"modified":"2025-01-22T09:49:11","modified_gmt":"2025-01-22T08:49:11","slug":"mampara-lc-6700","status":"publish","type":"product","link":"https:\/\/pabano.com\/pt\/produto\/mampara-lc-6700\/","title":{"rendered":"Divis\u00f3ria de duche LC-6700"},"content":{"rendered":"<p>Resguardo de duche ou banheira com dois pain\u00e9is rebat\u00edveis e abertura central. Perfil de base inclu\u00eddo. At\u00e9 15 mm de ajuste por estrutura. Vidro de 6 mm de espessura. Abertura interior e exterior.<\/p>\n<p>Outras op\u00e7\u00f5es dispon\u00edveis:<\/p>\n<p>- Cor alto brillo<br \/>\n- Cor lacada<br \/>\n- Chanfro ou forma irregular<br \/>\n- Aumentar a altura ou a largura<br \/>\n- Tiranta<br \/>\n- Medida superior a 100 cm<br \/>\n- Tratamento anti-calc\u00e1rio<br \/>\n- Serigrafia com tinta de esmalte v\u00edtreo colorida<br \/>\n- Vidro espelhado<\/p>\n<p>Os resguardos de duche ou banheira com dois pain\u00e9is rebat\u00edveis e abertura central s\u00e3o uma excelente op\u00e7\u00e3o para casas de banho de todas as dimens\u00f5es. Este tipo de divis\u00f3ria de duche oferece uma grande versatilidade, uma vez que os pain\u00e9is podem ser abertos para o interior ou para o exterior do duche, bem como para a parede central.<\/p>\n<p>Quando se trata de escolher um resguardo de duche ou banheira com dois pain\u00e9is rebat\u00edveis e uma abertura central, h\u00e1 uma s\u00e9rie de factores a ter em conta:<\/p>\n<p>- Tamanho: A divis\u00f3ria de duche deve ter o tamanho certo para o espa\u00e7o dispon\u00edvel na sua casa de banho.<br \/>\n- Material: As divis\u00f3rias de duche ou de banheira com dois pain\u00e9is rebat\u00edveis e uma abertura central est\u00e3o dispon\u00edveis numa variedade de materiais, como vidro, acr\u00edlico ou poliestireno. Cada material tem as suas pr\u00f3prias vantagens e desvantagens.<br \/>\n- Cor: As divis\u00f3rias de duche ou de banheira com dois pain\u00e9is rebat\u00edveis e abertura central est\u00e3o dispon\u00edveis numa variedade de cores. Escolha uma cor que combine com o estilo da sua casa de banho.<\/p>\n<p>As divis\u00f3rias de duche ou banheira com dois pain\u00e9is dobr\u00e1veis e abertura central s\u00e3o uma excelente escolha para casas de banho de todas as dimens\u00f5es. O seu design elegante e funcional torna-os uma excelente escolha para casas de banho modernas.<\/p>","protected":false},"excerpt":{"rendered":"<p>Resguardo de duche ou banheira com dois pain\u00e9is rebat\u00edveis e abertura central. Perfil de base inclu\u00eddo. At\u00e9 15 mm de ajuste por estrutura. Vidro de 6 mm de espessura. Abertura interior e exterior.<\/p>\n<p>&nbsp;<\/p>\n<a href=\"https:\/\/pabano.com\/pt\/contacto\/?producto=Mampara%20de%20ducha%20LC-6700\" target=\"_blank\" class=\"button primary is-primary is-medium\" rel=\"noopener\" >\n\t\t<span>Solicite mais informa\u00e7\u00f5es<\/span>\n\t<\/a>","protected":false},"featured_media":3246,"comment_status":"open","ping_status":"closed","template":"","meta":[],"product_brand":[],"product_cat":[254],"product_tag":[],"class_list":{"0":"post-3354","1":"product","2":"type-product","3":"status-publish","4":"has-post-thumbnail","6":"product_cat-serie-6000","8":"first","9":"instock","10":"featured","11":"taxable","12":"shipping-taxable","13":"product-type-simple"},"_links":{"self":[{"href":"https:\/\/pabano.com\/pt\/wp-json\/wp\/v2\/product\/3354","targetHints":{"allow":["GET"]}}],"collection":[{"href":"https:\/\/pabano.com\/pt\/wp-json\/wp\/v2\/product"}],"about":[{"href":"https:\/\/pabano.com\/pt\/wp-json\/wp\/v2\/types\/product"}],"replies":[{"embeddable":true,"href":"https:\/\/pabano.com\/pt\/wp-json\/wp\/v2\/comments?post=3354"}],"wp:featuredmedia":[{"embeddable":true,"href":"https:\/\/pabano.com\/pt\/wp-json\/wp\/v2\/media\/3246"}],"wp:attachment":[{"href":"https:\/\/pabano.com\/pt\/wp-json\/wp\/v2\/media?parent=3354"}],"wp:term":[{"taxonomy":"product_brand","embeddable":true,"href":"https:\/\/pabano.com\/pt\/wp-json\/wp\/v2\/product_brand?post=3354"},{"taxonomy":"product_cat","embeddable":true,"href":"https:\/\/pabano.com\/pt\/wp-json\/wp\/v2\/product_cat?post=3354"},{"taxonomy":"product_tag","embeddable":true,"href":"https:\/\/pabano.com\/pt\/wp-json\/wp\/v2\/product_tag?post=3354"}],"curies":[{"name":"wp","href":"https:\/\/api.w.org\/{rel}","templated":true}]}}