{"id":3355,"date":"2023-09-28T20:26:28","date_gmt":"2023-09-28T18:26:28","guid":{"rendered":"https:\/\/pabano.com\/?post_type=product&#038;p=3355"},"modified":"2025-01-22T09:49:40","modified_gmt":"2025-01-22T08:49:40","slug":"mampara-bs-7111","status":"publish","type":"product","link":"https:\/\/pabano.com\/pt\/produto\/mampara-bs-7111\/","title":{"rendered":"Divis\u00f3ria de duche BS-7111"},"content":{"rendered":"<p>Divis\u00f3ria de banho com um painel fixo e um painel articulado com design especial. Perfil de base inclu\u00eddo. Folha de 80cm ou 90cm. Vidro de 6mm de espessura. Abertura interior e exterior ou apenas exterior.<\/p>\n<p>Outras op\u00e7\u00f5es dispon\u00edveis:<\/p>\n<p>- Aumentar a altura ou a largura<br \/>\n- Tiranta<br \/>\n- Medida superior a 100 cm<br \/>\n- Tratamento anti-calc\u00e1rio<br \/>\n- Serigrafia com tinta de esmalte v\u00edtreo colorida<br \/>\n- Vidro espelhado<br \/>\n- Vidro em 8mm<\/p>\n<p>Os resguardos de banheira com um painel fixo e um painel rebat\u00edvel s\u00e3o uma excelente escolha para casas de banho pequenas. Este tipo de divis\u00f3ria de banheira permite poupar espa\u00e7o, uma vez que o painel rebat\u00edvel pode ser aberto para o interior ou para o exterior da banheira.<\/p>\n<p>Os biombos de banheira com um painel fixo e um painel rebat\u00edvel oferecem uma s\u00e9rie de vantagens em rela\u00e7\u00e3o a outros tipos de biombos:<\/p>\n<p>- Poupan\u00e7a de espa\u00e7o: A folha da porta articulada poupa espa\u00e7o, uma vez que n\u00e3o ocupa espa\u00e7o quando aberta.<br \/>\n- Design elegante: O design elegante e minimalista destes ecr\u00e3s torna-os uma excelente escolha para casas de banho modernas.<br \/>\n- F\u00e1cil de limpar: Os resguardos de banheira com um painel fixo e um painel articulado s\u00e3o f\u00e1ceis de limpar. O painel fixo pode ser facilmente removido para limpeza com um pano h\u00famido.<br \/>\n- Maior privacidade: A folha fixa proporciona maior privacidade durante o banho.<br \/>\n- Melhor isolamento da \u00e1gua: Os resguardos de banheira com um painel fixo e um painel rebat\u00edvel proporcionam um bom isolamento da \u00e1gua, evitando que a \u00e1gua salpique para o resto da casa de banho.<\/p>\n<p>Os resguardos de banheira com um painel fixo e um painel rebat\u00edvel s\u00e3o uma excelente escolha para casas de banho pequenas. O seu design elegante e funcional torna-os uma excelente escolha para casas de banho modernas.<\/p>","protected":false},"excerpt":{"rendered":"<p>Divis\u00f3ria de banho com um painel fixo e um painel articulado com design especial. Perfil de base inclu\u00eddo. Folha de 80cm ou 90cm. Vidro de 6mm de espessura. Abertura interior e exterior ou apenas exterior.<\/p>\n<p>&nbsp;<\/p>\n<a href=\"https:\/\/pabano.com\/pt\/contacto\/?producto=Mampara%20de%20ducha%20BS-7111\" target=\"_blank\" class=\"button primary is-primary is-medium\" rel=\"noopener\" >\n\t\t<span>Solicite mais informa\u00e7\u00f5es<\/span>\n\t<\/a>","protected":false},"featured_media":3225,"comment_status":"open","ping_status":"closed","template":"","meta":[],"product_brand":[],"product_cat":[255],"product_tag":[],"class_list":{"0":"post-3355","1":"product","2":"type-product","3":"status-publish","4":"has-post-thumbnail","6":"product_cat-serie-7000","8":"first","9":"instock","10":"featured","11":"taxable","12":"shipping-taxable","13":"product-type-simple"},"_links":{"self":[{"href":"https:\/\/pabano.com\/pt\/wp-json\/wp\/v2\/product\/3355","targetHints":{"allow":["GET"]}}],"collection":[{"href":"https:\/\/pabano.com\/pt\/wp-json\/wp\/v2\/product"}],"about":[{"href":"https:\/\/pabano.com\/pt\/wp-json\/wp\/v2\/types\/product"}],"replies":[{"embeddable":true,"href":"https:\/\/pabano.com\/pt\/wp-json\/wp\/v2\/comments?post=3355"}],"wp:featuredmedia":[{"embeddable":true,"href":"https:\/\/pabano.com\/pt\/wp-json\/wp\/v2\/media\/3225"}],"wp:attachment":[{"href":"https:\/\/pabano.com\/pt\/wp-json\/wp\/v2\/media?parent=3355"}],"wp:term":[{"taxonomy":"product_brand","embeddable":true,"href":"https:\/\/pabano.com\/pt\/wp-json\/wp\/v2\/product_brand?post=3355"},{"taxonomy":"product_cat","embeddable":true,"href":"https:\/\/pabano.com\/pt\/wp-json\/wp\/v2\/product_cat?post=3355"},{"taxonomy":"product_tag","embeddable":true,"href":"https:\/\/pabano.com\/pt\/wp-json\/wp\/v2\/product_tag?post=3355"}],"curies":[{"name":"wp","href":"https:\/\/api.w.org\/{rel}","templated":true}]}}