{"id":3356,"date":"2023-09-28T20:26:28","date_gmt":"2023-09-28T18:26:28","guid":{"rendered":"https:\/\/pabano.com\/?post_type=product&#038;p=3356"},"modified":"2025-02-11T09:05:43","modified_gmt":"2025-02-11T08:05:43","slug":"mampara-bs-7400","status":"publish","type":"product","link":"https:\/\/pabano.com\/pt\/produto\/mampara-bs-7400\/","title":{"rendered":"Divis\u00f3ria de chuveiro dobr\u00e1vel BS-7400"},"content":{"rendered":"<p>Divis\u00f3ria de chuveiro dobr\u00e1vel com um painel dobr\u00e1vel, dois pain\u00e9is fixos frontais e um painel fixo lateral. Perfil base inclu\u00eddo. Vidro de 6 mm de espessura. Abertura interna e externa ou somente externa.<\/p>\n<p data-start=\"142\" data-end=\"680\">O <strong data-start=\"164\" data-end=\"193\">divis\u00f3ria de chuveiro dobr\u00e1vel<\/strong> Com uma folha articulada, duas folhas frontais fixas e uma folha lateral fixa, \u00e9 a solu\u00e7\u00e3o ideal para quem busca aliar funcionalidade, est\u00e9tica e economia de espa\u00e7o no banheiro. Seu design elegante e pr\u00e1tico permite uma f\u00e1cil abertura da porta, tanto para dentro quanto para fora do chuveiro, adaptando-se \u00e0s necessidades do seu espa\u00e7o. Perfeita para banheiros modernos, esta tela otimiza a acessibilidade e oferece excelente privacidade, mantendo um estilo sofisticado.<\/p>\n<p data-start=\"682\" data-end=\"704\"><strong data-start=\"682\" data-end=\"701\">Caracter\u00edsticas<\/strong>:<\/p>\n<ul data-start=\"705\" data-end=\"1749\">\n<li data-start=\"705\" data-end=\"884\"><strong data-start=\"707\" data-end=\"734\">Folha dobr\u00e1vel funcional<\/strong>: A porta dobr\u00e1vel pode ser aberta tanto para dentro quanto para fora do chuveiro, oferecendo grande flexibilidade em espa\u00e7os limitados.<\/li>\n<li data-start=\"885\" data-end=\"1093\"><strong data-start=\"887\" data-end=\"914\">Cristal de alta qualidade<\/strong>: O vidro de 6 mm de espessura garante resist\u00eancia e seguran\u00e7a, enquanto as op\u00e7\u00f5es de vidro de 8 mm oferecem maior robustez para quem busca mais durabilidade.<\/li>\n<li data-start=\"1094\" data-end=\"1257\"><strong data-start=\"1096\" data-end=\"1117\">Estrutura s\u00f3lida<\/strong>:A tela inclui um perfil de base que garante um encaixe est\u00e1vel e seguro, evitando vazamentos e oferecendo maior isolamento contra \u00e1gua.<\/li>\n<li data-start=\"1258\" data-end=\"1441\"><strong data-start=\"1260\" data-end=\"1279\">Design vers\u00e1til<\/strong>: Dispon\u00edvel em op\u00e7\u00f5es de design como vidro com efeito espelhado ou serigrafia em tinta vitrificada colorida, permitindo que voc\u00ea personalize o estilo do seu banheiro.<\/li>\n<li data-start=\"1442\" data-end=\"1595\"><strong data-start=\"1444\" data-end=\"1466\">Op\u00e7\u00f5es de ajuste<\/strong>: Com at\u00e9 10 mm de ajuste, a tela se adapta a diferentes tamanhos de banheiros, permitindo uma instala\u00e7\u00e3o f\u00e1cil e precisa.<\/li>\n<li data-start=\"1596\" data-end=\"1749\"><strong data-start=\"1598\" data-end=\"1621\">Tratamento anti-calc\u00e1rio<\/strong>: Inclui um tratamento especial para evitar o ac\u00famulo de calc\u00e1rio, facilitando a limpeza e a manuten\u00e7\u00e3o a longo prazo.<\/li>\n<\/ul>\n<p data-start=\"1751\" data-end=\"1766\"><strong data-start=\"1751\" data-end=\"1763\">Vantagens<\/strong>:<\/p>\n<ul data-start=\"1767\" data-end=\"2608\">\n<li data-start=\"1767\" data-end=\"1948\"><strong data-start=\"1769\" data-end=\"1790\">Economia de espa\u00e7o<\/strong>: A op\u00e7\u00e3o de abrir a porta sanfonada para dentro ou para fora otimiza o uso do espa\u00e7o, especialmente em banheiros menores ou com design compacto.<\/li>\n<li data-start=\"1949\" data-end=\"2135\"><strong data-start=\"1951\" data-end=\"1968\">F\u00e1cil acesso<\/strong>: A abertura articulada facilita o acesso ao chuveiro de v\u00e1rios \u00e2ngulos, tornando-o ideal para pessoas com mobilidade reduzida ou para quem busca praticidade.<\/li>\n<li data-start=\"2136\" data-end=\"2328\"><strong data-start=\"2138\" data-end=\"2156\">Design moderno<\/strong>: Sua est\u00e9tica minimalista e elegante o torna uma escolha perfeita para banheiros de estilo contempor\u00e2neo, integrando-se perfeitamente com outros elementos decorativos.<\/li>\n<li data-start=\"2329\" data-end=\"2486\"><strong data-start=\"2331\" data-end=\"2352\">F\u00e1cil de manter<\/strong>: A porta dobr\u00e1vel pode ser facilmente removida e limpa, tornando esta tela muito f\u00e1cil de manter em perfeitas condi\u00e7\u00f5es.<\/li>\n<li data-start=\"2487\" data-end=\"2608\"><strong data-start=\"2489\" data-end=\"2512\">Privacidade aprimorada<\/strong>: As folhas laterais e frontais fixas proporcionam maior privacidade durante o uso do chuveiro.<\/li>\n<\/ul>\n<p data-start=\"2610\" data-end=\"3102\"><strong data-start=\"2610\" data-end=\"2661\">Por que escolher esta divis\u00f3ria de chuveiro dobr\u00e1vel?<br \/>\n<\/strong><br data-start=\"2661\" data-end=\"2664\" \/>Se procura uma solu\u00e7\u00e3o pr\u00e1tica, funcional e elegante para a sua casa de banho, a <strong data-start=\"2737\" data-end=\"2766\">divis\u00f3ria de chuveiro dobr\u00e1vel<\/strong> \u00e9 uma excelente op\u00e7\u00e3o. Seu design permite melhor aproveitamento do espa\u00e7o dispon\u00edvel, seu vidro de alta qualidade garante durabilidade e f\u00e1cil manuten\u00e7\u00e3o, enquanto suas op\u00e7\u00f5es de personaliza\u00e7\u00e3o e regulagem o tornam adequado para qualquer banheiro. Transforme seu chuveiro em um espa\u00e7o confort\u00e1vel e elegante com esta op\u00e7\u00e3o vers\u00e1til!<\/p>","protected":false},"excerpt":{"rendered":"<p>Divis\u00f3ria de chuveiro dobr\u00e1vel com um painel dobr\u00e1vel, dois pain\u00e9is fixos frontais e um painel fixo lateral. Perfil base inclu\u00eddo. Vidro de 6 mm de espessura. Abertura interna e externa ou somente externa.<\/p>\n<p>&nbsp;<\/p>\n<a href=\"https:\/\/pabano.com\/pt\/contacto\/?producto=Mampara%20de%20ducha%20BS-7400\" target=\"_blank\" class=\"button primary is-primary is-medium\" rel=\"noopener\" >\n\t\t<span>Solicite mais informa\u00e7\u00f5es<\/span>\n\t<\/a>","protected":false},"featured_media":3221,"comment_status":"open","ping_status":"closed","template":"","meta":[],"product_brand":[],"product_cat":[255],"product_tag":[],"class_list":{"0":"post-3356","1":"product","2":"type-product","3":"status-publish","4":"has-post-thumbnail","6":"product_cat-serie-7000","8":"first","9":"instock","10":"featured","11":"taxable","12":"shipping-taxable","13":"product-type-simple"},"_links":{"self":[{"href":"https:\/\/pabano.com\/pt\/wp-json\/wp\/v2\/product\/3356","targetHints":{"allow":["GET"]}}],"collection":[{"href":"https:\/\/pabano.com\/pt\/wp-json\/wp\/v2\/product"}],"about":[{"href":"https:\/\/pabano.com\/pt\/wp-json\/wp\/v2\/types\/product"}],"replies":[{"embeddable":true,"href":"https:\/\/pabano.com\/pt\/wp-json\/wp\/v2\/comments?post=3356"}],"wp:featuredmedia":[{"embeddable":true,"href":"https:\/\/pabano.com\/pt\/wp-json\/wp\/v2\/media\/3221"}],"wp:attachment":[{"href":"https:\/\/pabano.com\/pt\/wp-json\/wp\/v2\/media?parent=3356"}],"wp:term":[{"taxonomy":"product_brand","embeddable":true,"href":"https:\/\/pabano.com\/pt\/wp-json\/wp\/v2\/product_brand?post=3356"},{"taxonomy":"product_cat","embeddable":true,"href":"https:\/\/pabano.com\/pt\/wp-json\/wp\/v2\/product_cat?post=3356"},{"taxonomy":"product_tag","embeddable":true,"href":"https:\/\/pabano.com\/pt\/wp-json\/wp\/v2\/product_tag?post=3356"}],"curies":[{"name":"wp","href":"https:\/\/api.w.org\/{rel}","templated":true}]}}