{"id":3357,"date":"2023-09-28T20:26:28","date_gmt":"2023-09-28T18:26:28","guid":{"rendered":"https:\/\/pabano.com\/?post_type=product&#038;p=3357"},"modified":"2025-01-22T09:50:11","modified_gmt":"2025-01-22T08:50:11","slug":"mampara-bs-7510","status":"publish","type":"product","link":"https:\/\/pabano.com\/pt\/produto\/mampara-bs-7510\/","title":{"rendered":"Divis\u00f3ria de duche BS-7510"},"content":{"rendered":"<p>Divis\u00f3ria para banheira ou duche com um painel rebat\u00edvel e um painel fixo com fixa\u00e7\u00e3o \u00e0 parede. Perfil de base inclu\u00eddo. At\u00e9 10 mm de ajuste quando montado com uma estrutura de alum\u00ednio para montagem na parede. Vidro de 6 mm de espessura. Abertura interior e exterior ou apenas exterior. Op\u00e7\u00e3o no perfil fixo.<\/p>\n<p>Outras op\u00e7\u00f5es dispon\u00edveis:<\/p>\n<p>- Aumentar a altura ou a largura<br \/>\n- Tiranta<br \/>\n- Chanfro ou forma irregular<br \/>\n- Medida superior a 100 cm<br \/>\n- Tratamento anti-calc\u00e1rio<br \/>\n- Serigrafia com tinta de esmalte v\u00edtreo colorida<br \/>\n- Vidro espelhado<br \/>\n- Vidro em 8mm<\/p>\n<p>As divis\u00f3rias de banheira ou duche com painel rebat\u00edvel s\u00e3o uma excelente escolha para casas de banho de todas as dimens\u00f5es. Este tipo de divis\u00f3ria \u00e9 muito vers\u00e1til, uma vez que o painel articulado pode ser aberto para o interior ou para o exterior do duche ou da banheira.<\/p>\n<p>Ao escolher uma divis\u00f3ria de banheira ou de duche com um painel rebat\u00edvel, h\u00e1 uma s\u00e9rie de factores a considerar:<\/p>\n<p>- Tamanho: A divis\u00f3ria de duche deve ter o tamanho certo para o espa\u00e7o dispon\u00edvel na sua casa de banho.<br \/>\n- Material: As divis\u00f3rias de banheira ou duche com painel articulado est\u00e3o dispon\u00edveis numa variedade de materiais, como o vidro, o acr\u00edlico ou o poliestireno. Cada material tem as suas pr\u00f3prias vantagens e desvantagens.<br \/>\n- Cor: As divis\u00f3rias de banheira ou duche com painel articulado est\u00e3o dispon\u00edveis numa variedade de cores. Escolha uma cor que combine com o estilo da sua casa de banho.<br \/>\n-Acess\u00f3rios: Alguns resguardos de banheira ou duche com painel articulado incluem acess\u00f3rios adicionais, como prateleiras ou toalheiros.<\/p>\n<p>As divis\u00f3rias de banheira ou duche com painel rebat\u00edvel s\u00e3o uma excelente escolha para casas de banho de todas as dimens\u00f5es. O seu design elegante e funcional torna-as uma excelente escolha para casas de banho modernas.<\/p>","protected":false},"excerpt":{"rendered":"<p>Divis\u00f3ria para banheira ou duche com um painel rebat\u00edvel e um painel fixo com fixa\u00e7\u00e3o \u00e0 parede. Perfil de base inclu\u00eddo. At\u00e9 10 mm de ajuste quando montado com uma estrutura de alum\u00ednio para montagem na parede. Vidro de 6 mm de espessura. Abertura interior e exterior ou apenas exterior. Op\u00e7\u00e3o no perfil fixo.<\/p>\n<p>&nbsp;<\/p>\n<a href=\"https:\/\/pabano.com\/pt\/contacto\/?producto=Mampara%20de%20ducha%20BS-7510\" target=\"_blank\" class=\"button primary is-primary is-medium\" rel=\"noopener\" >\n\t\t<span>Solicite mais informa\u00e7\u00f5es<\/span>\n\t<\/a>","protected":false},"featured_media":3222,"comment_status":"open","ping_status":"closed","template":"","meta":[],"product_brand":[],"product_cat":[255],"product_tag":[],"class_list":{"0":"post-3357","1":"product","2":"type-product","3":"status-publish","4":"has-post-thumbnail","6":"product_cat-serie-7000","8":"first","9":"instock","10":"featured","11":"taxable","12":"shipping-taxable","13":"product-type-simple"},"_links":{"self":[{"href":"https:\/\/pabano.com\/pt\/wp-json\/wp\/v2\/product\/3357","targetHints":{"allow":["GET"]}}],"collection":[{"href":"https:\/\/pabano.com\/pt\/wp-json\/wp\/v2\/product"}],"about":[{"href":"https:\/\/pabano.com\/pt\/wp-json\/wp\/v2\/types\/product"}],"replies":[{"embeddable":true,"href":"https:\/\/pabano.com\/pt\/wp-json\/wp\/v2\/comments?post=3357"}],"wp:featuredmedia":[{"embeddable":true,"href":"https:\/\/pabano.com\/pt\/wp-json\/wp\/v2\/media\/3222"}],"wp:attachment":[{"href":"https:\/\/pabano.com\/pt\/wp-json\/wp\/v2\/media?parent=3357"}],"wp:term":[{"taxonomy":"product_brand","embeddable":true,"href":"https:\/\/pabano.com\/pt\/wp-json\/wp\/v2\/product_brand?post=3357"},{"taxonomy":"product_cat","embeddable":true,"href":"https:\/\/pabano.com\/pt\/wp-json\/wp\/v2\/product_cat?post=3357"},{"taxonomy":"product_tag","embeddable":true,"href":"https:\/\/pabano.com\/pt\/wp-json\/wp\/v2\/product_tag?post=3357"}],"curies":[{"name":"wp","href":"https:\/\/api.w.org\/{rel}","templated":true}]}}