{"id":3358,"date":"2023-09-28T20:26:28","date_gmt":"2023-09-28T18:26:28","guid":{"rendered":"https:\/\/pabano.com\/?post_type=product&#038;p=3358"},"modified":"2025-01-22T09:50:26","modified_gmt":"2025-01-22T08:50:26","slug":"mampara-bs-7600","status":"publish","type":"product","link":"https:\/\/pabano.com\/pt\/produto\/mampara-bs-7600\/","title":{"rendered":"Divis\u00f3ria de duche BS-7600"},"content":{"rendered":"<p>Biombo com dois pain\u00e9is rebat\u00edveis para duche ou banheira. Perfil de base inclu\u00eddo. Regula\u00e7\u00e3o do aro at\u00e9 15 mm. Abertura \u00e0 direita ou \u00e0 esquerda. Vidro com 6 mm de espessura. Tamanho m\u00e1ximo: 120cm.<\/p>\n<p>Outras op\u00e7\u00f5es dispon\u00edveis:<\/p>\n<p>- Aumentar a altura ou a largura<br \/>\n- Fecho magn\u00e9tico<br \/>\n- Chanfro ou forma irregular<br \/>\n- Tratamento anti-calc\u00e1rio<br \/>\n- Serigrafia com tinta de esmalte v\u00edtreo colorida<br \/>\n- Vidro espelhado<br \/>\n- Vidro em 8mm<\/p>\n<p>As divis\u00f3rias de duche ou banheira dobr\u00e1veis com dois pain\u00e9is s\u00e3o uma excelente escolha para casas de banho pequenas. Este tipo de divis\u00f3ria de duche permite poupar espa\u00e7o, uma vez que os pain\u00e9is podem ser dobrados para dentro ou para fora do duche ou da banheira.<\/p>\n<p>As divis\u00f3rias de duche ou de banheira dobr\u00e1veis com dois pain\u00e9is oferecem v\u00e1rias vantagens em rela\u00e7\u00e3o a outros tipos de divis\u00f3rias:<\/p>\n<p>- Poupan\u00e7a de espa\u00e7o: As folhas dobr\u00e1veis poupam espa\u00e7o, uma vez que n\u00e3o ocupam espa\u00e7o quando abertas.<br \/>\n- Design elegante: O design elegante e minimalista destes ecr\u00e3s torna-os uma excelente escolha para casas de banho modernas.<br \/>\n- F\u00e1cil de limpar: Os resguardos de duche ou banheira dobr\u00e1veis com dois pain\u00e9is s\u00e3o f\u00e1ceis de limpar. Os pain\u00e9is podem ser facilmente removidos para limpeza com um pano h\u00famido.<br \/>\n- Maior privacidade: Os len\u00e7\u00f3is dobr\u00e1veis proporcionam maior privacidade durante o duche ou o banho.<br \/>\n- Melhor isolamento da \u00e1gua: Os resguardos de duche ou de banheira dobr\u00e1veis com dois pain\u00e9is proporcionam um bom isolamento da \u00e1gua, evitando que a \u00e1gua salpique para o resto da casa de banho.<\/p>\n<p>As divis\u00f3rias de duche ou banheira dobr\u00e1veis com dois pain\u00e9is s\u00e3o uma excelente escolha para casas de banho pequenas. O seu design elegante e funcional torna-os uma excelente escolha para casas de banho modernas.<\/p>","protected":false},"excerpt":{"rendered":"<p>Biombo com dois pain\u00e9is rebat\u00edveis para duche ou banheira. Perfil de base inclu\u00eddo. Regula\u00e7\u00e3o do aro at\u00e9 15 mm. Abertura \u00e0 direita ou \u00e0 esquerda. Vidro com 6 mm de espessura. Tamanho m\u00e1ximo: 120cm.<\/p>\n<p>&nbsp;<\/p>\n<a href=\"https:\/\/pabano.com\/pt\/contacto\/?producto=Mampara%20de%20ducha%20BS-7600\" target=\"_blank\" class=\"button primary is-primary is-medium\" rel=\"noopener\" >\n\t\t<span>Solicite mais informa\u00e7\u00f5es<\/span>\n\t<\/a>","protected":false},"featured_media":3223,"comment_status":"open","ping_status":"closed","template":"","meta":[],"product_brand":[],"product_cat":[255],"product_tag":[],"class_list":{"0":"post-3358","1":"product","2":"type-product","3":"status-publish","4":"has-post-thumbnail","6":"product_cat-serie-7000","8":"first","9":"instock","10":"featured","11":"taxable","12":"shipping-taxable","13":"product-type-simple"},"_links":{"self":[{"href":"https:\/\/pabano.com\/pt\/wp-json\/wp\/v2\/product\/3358","targetHints":{"allow":["GET"]}}],"collection":[{"href":"https:\/\/pabano.com\/pt\/wp-json\/wp\/v2\/product"}],"about":[{"href":"https:\/\/pabano.com\/pt\/wp-json\/wp\/v2\/types\/product"}],"replies":[{"embeddable":true,"href":"https:\/\/pabano.com\/pt\/wp-json\/wp\/v2\/comments?post=3358"}],"wp:featuredmedia":[{"embeddable":true,"href":"https:\/\/pabano.com\/pt\/wp-json\/wp\/v2\/media\/3223"}],"wp:attachment":[{"href":"https:\/\/pabano.com\/pt\/wp-json\/wp\/v2\/media?parent=3358"}],"wp:term":[{"taxonomy":"product_brand","embeddable":true,"href":"https:\/\/pabano.com\/pt\/wp-json\/wp\/v2\/product_brand?post=3358"},{"taxonomy":"product_cat","embeddable":true,"href":"https:\/\/pabano.com\/pt\/wp-json\/wp\/v2\/product_cat?post=3358"},{"taxonomy":"product_tag","embeddable":true,"href":"https:\/\/pabano.com\/pt\/wp-json\/wp\/v2\/product_tag?post=3358"}],"curies":[{"name":"wp","href":"https:\/\/api.w.org\/{rel}","templated":true}]}}