{"id":3359,"date":"2023-09-28T20:26:29","date_gmt":"2023-09-28T18:26:29","guid":{"rendered":"https:\/\/pabano.com\/?post_type=product&#038;p=3359"},"modified":"2025-01-22T09:50:40","modified_gmt":"2025-01-22T08:50:40","slug":"mampara-bs-7710","status":"publish","type":"product","link":"https:\/\/pabano.com\/pt\/produto\/mampara-bs-7710\/","title":{"rendered":"Divis\u00f3ria de duche BS-7710"},"content":{"rendered":"<p>Divis\u00f3ria de duche com dois pain\u00e9is rebat\u00edveis e dois pain\u00e9is fixos para banheira ou duche. Perfil de base inclu\u00eddo. Ajuste de at\u00e9 10 mm por moldura. Espessura do vidro: 6mm. Abertura interior e exterior ou apenas exterior consoante a dobradi\u00e7a.<\/p>\n<p>Outras op\u00e7\u00f5es dispon\u00edveis:<\/p>\n<p>- Aumentar a altura ou a largura<br \/>\n- Tiranta<br \/>\n- Chanfro ou forma irregular<br \/>\n- Medida superior a 100 cm<br \/>\n- Tratamento anti-calc\u00e1rio<br \/>\n- Serigrafia com tinta de esmalte v\u00edtreo colorida<br \/>\n- Vidro espelhado<br \/>\n- Vidro em 8mm<\/p>\n<p>As divis\u00f3rias de duche com dois pain\u00e9is rebat\u00edveis e dois pain\u00e9is fixos para banheira ou duche s\u00e3o uma op\u00e7\u00e3o muito vers\u00e1til que pode ser adaptada a diferentes necessidades e espa\u00e7os.<\/p>\n<p>Estas divis\u00f3rias de duche s\u00e3o compostas por dois pain\u00e9is fixos e duas portas com dobradi\u00e7as. Os pain\u00e9is fixos s\u00e3o colocados nas extremidades da banheira ou do duche, enquanto as portas com dobradi\u00e7as podem ser abertas para dentro ou para fora.<\/p>\n<p>As cabinas de duche com dois pain\u00e9is dobr\u00e1veis e dois pain\u00e9is fixos s\u00e3o uma boa op\u00e7\u00e3o para casas de banho m\u00e9dias a grandes. S\u00e3o tamb\u00e9m uma boa op\u00e7\u00e3o para casas de banho com banheira, pois permitem um acesso f\u00e1cil \u00e0 banheira.<\/p>\n<p>Seguem-se algumas recomenda\u00e7\u00f5es para a escolha de um biombo com dois pain\u00e9is articulados e dois pain\u00e9is fixos:<\/p>\n<p>- Considere o tamanho da sua banheira ou chuveiro: Escolha um biombo com o tamanho certo para a sua banheira ou chuveiro.<br \/>\n- Escolha um material de qualidade: As cabinas de duche est\u00e3o dispon\u00edveis em diferentes materiais, como vidro temperado, acr\u00edlico e policarbonato. Escolha um material que seja forte e duradouro.<br \/>\n- Escolha um sistema de abertura que seja conveniente: As portas com dobradi\u00e7as podem abrir para dentro ou para fora. Escolha um sistema de abertura que seja confort\u00e1vel para si.<\/p>","protected":false},"excerpt":{"rendered":"<p>Divis\u00f3ria de duche com dois pain\u00e9is rebat\u00edveis e dois pain\u00e9is fixos para banheira ou duche. Perfil de base inclu\u00eddo. Ajuste de at\u00e9 10 mm por moldura. Espessura do vidro: 6mm. Abertura interior e exterior ou apenas exterior consoante a dobradi\u00e7a.<\/p>\n<p>&nbsp;<\/p>\n<a href=\"https:\/\/pabano.com\/pt\/contacto\/?producto=Mampara%20de%20ducha%20BS-7710\" target=\"_blank\" class=\"button primary is-primary is-medium\" rel=\"noopener\" >\n\t\t<span>Solicite mais informa\u00e7\u00f5es<\/span>\n\t<\/a>","protected":false},"featured_media":3224,"comment_status":"open","ping_status":"closed","template":"","meta":[],"product_brand":[],"product_cat":[255],"product_tag":[],"class_list":{"0":"post-3359","1":"product","2":"type-product","3":"status-publish","4":"has-post-thumbnail","6":"product_cat-serie-7000","8":"first","9":"instock","10":"featured","11":"taxable","12":"shipping-taxable","13":"product-type-simple"},"_links":{"self":[{"href":"https:\/\/pabano.com\/pt\/wp-json\/wp\/v2\/product\/3359","targetHints":{"allow":["GET"]}}],"collection":[{"href":"https:\/\/pabano.com\/pt\/wp-json\/wp\/v2\/product"}],"about":[{"href":"https:\/\/pabano.com\/pt\/wp-json\/wp\/v2\/types\/product"}],"replies":[{"embeddable":true,"href":"https:\/\/pabano.com\/pt\/wp-json\/wp\/v2\/comments?post=3359"}],"wp:featuredmedia":[{"embeddable":true,"href":"https:\/\/pabano.com\/pt\/wp-json\/wp\/v2\/media\/3224"}],"wp:attachment":[{"href":"https:\/\/pabano.com\/pt\/wp-json\/wp\/v2\/media?parent=3359"}],"wp:term":[{"taxonomy":"product_brand","embeddable":true,"href":"https:\/\/pabano.com\/pt\/wp-json\/wp\/v2\/product_brand?post=3359"},{"taxonomy":"product_cat","embeddable":true,"href":"https:\/\/pabano.com\/pt\/wp-json\/wp\/v2\/product_cat?post=3359"},{"taxonomy":"product_tag","embeddable":true,"href":"https:\/\/pabano.com\/pt\/wp-json\/wp\/v2\/product_tag?post=3359"}],"curies":[{"name":"wp","href":"https:\/\/api.w.org\/{rel}","templated":true}]}}