{"id":3360,"date":"2023-09-28T20:26:29","date_gmt":"2023-09-28T18:26:29","guid":{"rendered":"https:\/\/pabano.com\/?post_type=product&#038;p=3360"},"modified":"2025-01-22T09:51:05","modified_gmt":"2025-01-22T08:51:05","slug":"mampara-bs-7711","status":"publish","type":"product","link":"https:\/\/pabano.com\/pt\/produto\/mampara-bs-7711\/","title":{"rendered":"Divis\u00f3ria de duche BS-7711"},"content":{"rendered":"<p>Divis\u00f3ria de duche com um painel articulado e dois pain\u00e9is fixos. Perfil de base inclu\u00eddo. Ajuste de at\u00e9 10 mm por caixilho. Espessura do vidro: 6mm. Abertura interior e exterior ou apenas exterior consoante a dobradi\u00e7a.<\/p>\n<p>Outras op\u00e7\u00f5es dispon\u00edveis:<br \/>\n- Aumentar a altura ou a largura<br \/>\n- Tiranta<br \/>\n- Chanfro ou forma irregular<br \/>\n- Medida superior a 100 cm<br \/>\n- Tratamento anti-calc\u00e1rio<br \/>\n- Serigrafia com tinta de esmalte v\u00edtreo colorida<br \/>\n- Vidro espelhado<br \/>\n- Vidro em 8mm<\/p>\n<p>As cabinas de duche com um painel articulado s\u00e3o uma excelente escolha para casas de banho pequenas ou apertadas. Economizam espa\u00e7o abrindo para fora e s\u00e3o muito c\u00f3modas de utilizar.<\/p>\n<p>Vantagens:<\/p>\n<p>- Poupan\u00e7a de espa\u00e7o: as divis\u00f3rias de duche com painel articulado abrem para fora, pelo que n\u00e3o necessitam de espa\u00e7o adicional para abrir. Isto torna-as ideais para casas de banho pequenas ou apertadas.<br \/>\n- F\u00e1cil de utilizar: os resguardos de duche com uma porta articulada s\u00e3o muito f\u00e1ceis de utilizar. Basta abrir a porta para o exterior para aceder ao duche. Isto torna-as ideais para pessoas idosas ou com dificuldades de mobilidade.<br \/>\n- S\u00e3o seguros: os resguardos de duche com uma porta articulada s\u00e3o muito seguros. As dobradi\u00e7as s\u00e3o concebidas para suportar um peso elevado e a porta \u00e9 feita de materiais de alta qualidade.<\/p>\n<p>As cabinas de duche com um painel articulado s\u00e3o uma excelente escolha para casas de banho pequenas ou apertadas. S\u00e3o confort\u00e1veis de utilizar, seguros e f\u00e1ceis de limpar.<\/p>","protected":false},"excerpt":{"rendered":"<p>Divis\u00f3ria de duche com um painel articulado e dois pain\u00e9is fixos. Perfil de base inclu\u00eddo. Ajuste de at\u00e9 10 mm por caixilho. Espessura do vidro: 6mm. Abertura interior e exterior ou apenas exterior consoante a dobradi\u00e7a.<\/p>\n<a href=\"https:\/\/pabano.com\/pt\/contacto\/?producto=Mampara%20de%20ducha%20BS-7711\" target=\"_blank\" class=\"button primary is-primary is-medium\" rel=\"noopener\" >\n\t\t<span>Solicite mais informa\u00e7\u00f5es<\/span>\n\t<\/a>","protected":false},"featured_media":3225,"comment_status":"open","ping_status":"closed","template":"","meta":[],"product_brand":[],"product_cat":[255],"product_tag":[],"class_list":{"0":"post-3360","1":"product","2":"type-product","3":"status-publish","4":"has-post-thumbnail","6":"product_cat-serie-7000","8":"first","9":"instock","10":"featured","11":"taxable","12":"shipping-taxable","13":"product-type-simple"},"_links":{"self":[{"href":"https:\/\/pabano.com\/pt\/wp-json\/wp\/v2\/product\/3360","targetHints":{"allow":["GET"]}}],"collection":[{"href":"https:\/\/pabano.com\/pt\/wp-json\/wp\/v2\/product"}],"about":[{"href":"https:\/\/pabano.com\/pt\/wp-json\/wp\/v2\/types\/product"}],"replies":[{"embeddable":true,"href":"https:\/\/pabano.com\/pt\/wp-json\/wp\/v2\/comments?post=3360"}],"wp:featuredmedia":[{"embeddable":true,"href":"https:\/\/pabano.com\/pt\/wp-json\/wp\/v2\/media\/3225"}],"wp:attachment":[{"href":"https:\/\/pabano.com\/pt\/wp-json\/wp\/v2\/media?parent=3360"}],"wp:term":[{"taxonomy":"product_brand","embeddable":true,"href":"https:\/\/pabano.com\/pt\/wp-json\/wp\/v2\/product_brand?post=3360"},{"taxonomy":"product_cat","embeddable":true,"href":"https:\/\/pabano.com\/pt\/wp-json\/wp\/v2\/product_cat?post=3360"},{"taxonomy":"product_tag","embeddable":true,"href":"https:\/\/pabano.com\/pt\/wp-json\/wp\/v2\/product_tag?post=3360"}],"curies":[{"name":"wp","href":"https:\/\/api.w.org\/{rel}","templated":true}]}}