{"id":3361,"date":"2023-09-28T20:26:29","date_gmt":"2023-09-28T18:26:29","guid":{"rendered":"https:\/\/pabano.com\/?post_type=product&#038;p=3361"},"modified":"2025-02-11T08:33:43","modified_gmt":"2025-02-11T07:33:43","slug":"mampara-lc-9300","status":"publish","type":"product","link":"https:\/\/pabano.com\/pt\/produto\/mampara-lc-9300\/","title":{"rendered":"Divis\u00f3ria de chuveiro fixa LC-9300"},"content":{"rendered":"<p>Divis\u00f3ria de chuveiro fixa com dois pain\u00e9is fixos e dois pain\u00e9is deslizantes. Espessura fixa do vidro: 8 mm. Espessura da chapa de vidro: 6 mm. Feito de a\u00e7o inoxid\u00e1vel.<\/p>\n<p data-start=\"165\" data-end=\"470\">O <strong data-start=\"169\" data-end=\"196\">divis\u00f3rias de chuveiro fixas<\/strong> com duas folhas fixas e duas folhas deslizantes, oferecem uma solu\u00e7\u00e3o funcional e elegante para o seu banheiro. Essas divis\u00f3rias combinam a estabilidade dos pain\u00e9is fixos com a versatilidade dos pain\u00e9is deslizantes, proporcionando acesso confort\u00e1vel e pr\u00e1tico ao chuveiro, sem abrir m\u00e3o do design.<\/p>\n<p data-start=\"472\" data-end=\"537\"><strong data-start=\"472\" data-end=\"536\">Vantagens das divis\u00f3rias de duche fixas com pain\u00e9is deslizantes<\/strong>:<\/p>\n<ul data-start=\"539\" data-end=\"1850\">\n<li data-start=\"539\" data-end=\"830\">\n<p data-start=\"541\" data-end=\"830\"><strong data-start=\"541\" data-end=\"570\">Conveni\u00eancia e acessibilidade<\/strong>: O <strong data-start=\"576\" data-end=\"603\">divis\u00f3rias de chuveiro fixas<\/strong> com duas portas deslizantes permitindo acesso fluido e confort\u00e1vel de ambos os lados. Isso \u00e9 especialmente \u00fatil para quem precisa de uma entrada sem obst\u00e1culos, como pessoas com mobilidade limitada ou em casas com crian\u00e7as pequenas.<\/p>\n<\/li>\n<li data-start=\"832\" data-end=\"1136\">\n<p data-start=\"834\" data-end=\"1136\"><strong data-start=\"834\" data-end=\"865\">Design elegante e funcional<\/strong>: Estas divis\u00f3rias de chuveiro fixas combinam dois pain\u00e9is fixos de 8 mm de espessura com dois pain\u00e9is deslizantes de 6 mm, oferecendo uma est\u00e9tica moderna e minimalista que se adapta a qualquer estilo de banheiro. Al\u00e9m disso, sua estrutura em a\u00e7o inoxid\u00e1vel garante durabilidade e resist\u00eancia.<\/p>\n<\/li>\n<li data-start=\"1138\" data-end=\"1479\">\n<p data-start=\"1140\" data-end=\"1479\"><strong data-start=\"1140\" data-end=\"1170\">Facilidade de manuten\u00e7\u00e3o<\/strong>:Sendo feito de materiais de alta qualidade, o <strong data-start=\"1228\" data-end=\"1255\">divis\u00f3rias de chuveiro fixas<\/strong> Eles s\u00e3o f\u00e1ceis de limpar e manter. Ele <strong data-start=\"1294\" data-end=\"1317\">tratamento anti-calc\u00e1rio<\/strong> e a op\u00e7\u00e3o de <strong data-start=\"1333\" data-end=\"1379\">Serigrafia com tinta vitrificada colorida<\/strong> Eles facilitam ainda mais o cuidado com o seu vidro, mantendo-o livre de manchas e ac\u00famulo de sujeira.<\/p>\n<\/li>\n<li data-start=\"1481\" data-end=\"1850\">\n<p data-start=\"1483\" data-end=\"1653\"><strong data-start=\"1483\" data-end=\"1517\">Versatilidade e personaliza\u00e7\u00e3o<\/strong>: Divis\u00f3rias de chuveiro fixas com dois pain\u00e9is deslizantes permitem op\u00e7\u00f5es personalizadas para atender \u00e0s suas necessidades. Voc\u00ea pode escolher:<\/p>\n<ul data-start=\"1658\" data-end=\"1850\">\n<li data-start=\"1658\" data-end=\"1728\"><strong data-start=\"1660\" data-end=\"1690\">Aumentar altura ou largura<\/strong> para caber no espa\u00e7o do seu banheiro.<\/li>\n<li data-start=\"1733\" data-end=\"1786\"><strong data-start=\"1735\" data-end=\"1764\">Chanfro ou forma irregular<\/strong> para um design \u00fanico.<\/li>\n<li data-start=\"1791\" data-end=\"1850\"><strong data-start=\"1793\" data-end=\"1818\">Vidro efeito espelho<\/strong> para um toque de sofistica\u00e7\u00e3o.<\/li>\n<\/ul>\n<\/li>\n<\/ul>\n<p data-start=\"1852\" data-end=\"1940\"><strong data-start=\"1852\" data-end=\"1939\">Principais caracter\u00edsticas das divis\u00f3rias de duche fixas com dois pain\u00e9is deslizantes<\/strong>:<\/p>\n<ul data-start=\"1942\" data-end=\"2296\">\n<li data-start=\"1942\" data-end=\"2018\"><strong data-start=\"1944\" data-end=\"1976\">Espessura fixa do vidro: 8mm<\/strong> e <strong data-start=\"1979\" data-end=\"2017\">espessura da folha de vidro: 6mm<\/strong>.<\/li>\n<li data-start=\"2019\" data-end=\"2133\"><strong data-start=\"2021\" data-end=\"2055\">Feito de a\u00e7o inoxid\u00e1vel<\/strong>, tornando-os uma op\u00e7\u00e3o dur\u00e1vel e resistente ao tempo.<\/li>\n<li data-start=\"2134\" data-end=\"2234\"><strong data-start=\"2136\" data-end=\"2170\">At\u00e9 100 cm na medida superior<\/strong>, oferecendo uma op\u00e7\u00e3o adequada para chuveiros maiores.<\/li>\n<li data-start=\"2235\" data-end=\"2296\"><strong data-start=\"2237\" data-end=\"2260\">Chave obrigat\u00f3ria<\/strong> para maior seguran\u00e7a e estabilidade.<\/li>\n<\/ul>\n<p data-start=\"2298\" data-end=\"2565\">O <strong data-start=\"2302\" data-end=\"2329\">divis\u00f3rias de chuveiro fixas<\/strong> com duas folhas fixas e duas folhas deslizantes, s\u00e3o uma op\u00e7\u00e3o ideal para quem busca funcionalidade, eleg\u00e2ncia e durabilidade. Seu design pr\u00e1tico e moderno se adapta a qualquer estilo de banheiro, garantindo um ambiente confort\u00e1vel e de f\u00e1cil acesso.<\/p>","protected":false},"excerpt":{"rendered":"<p>Divis\u00f3ria de chuveiro fixa com dois pain\u00e9is fixos e dois pain\u00e9is deslizantes. Espessura fixa do vidro: 8 mm. Espessura da chapa de vidro: 6 mm. Feito de a\u00e7o inoxid\u00e1vel.<\/p>\n<p>&nbsp;<\/p>\n<a href=\"https:\/\/pabano.com\/pt\/contacto\/?producto=Mampara%20de%20ducha%20LC-9300\" target=\"_blank\" class=\"button primary is-primary is-medium\" rel=\"noopener\" >\n\t\t<span>Solicite mais informa\u00e7\u00f5es<\/span>\n\t<\/a>","protected":false},"featured_media":3216,"comment_status":"open","ping_status":"closed","template":"","meta":[],"product_brand":[],"product_cat":[257],"product_tag":[],"class_list":{"0":"post-3361","1":"product","2":"type-product","3":"status-publish","4":"has-post-thumbnail","6":"product_cat-serie-9000","8":"first","9":"instock","10":"featured","11":"taxable","12":"shipping-taxable","13":"product-type-simple"},"_links":{"self":[{"href":"https:\/\/pabano.com\/pt\/wp-json\/wp\/v2\/product\/3361","targetHints":{"allow":["GET"]}}],"collection":[{"href":"https:\/\/pabano.com\/pt\/wp-json\/wp\/v2\/product"}],"about":[{"href":"https:\/\/pabano.com\/pt\/wp-json\/wp\/v2\/types\/product"}],"replies":[{"embeddable":true,"href":"https:\/\/pabano.com\/pt\/wp-json\/wp\/v2\/comments?post=3361"}],"wp:featuredmedia":[{"embeddable":true,"href":"https:\/\/pabano.com\/pt\/wp-json\/wp\/v2\/media\/3216"}],"wp:attachment":[{"href":"https:\/\/pabano.com\/pt\/wp-json\/wp\/v2\/media?parent=3361"}],"wp:term":[{"taxonomy":"product_brand","embeddable":true,"href":"https:\/\/pabano.com\/pt\/wp-json\/wp\/v2\/product_brand?post=3361"},{"taxonomy":"product_cat","embeddable":true,"href":"https:\/\/pabano.com\/pt\/wp-json\/wp\/v2\/product_cat?post=3361"},{"taxonomy":"product_tag","embeddable":true,"href":"https:\/\/pabano.com\/pt\/wp-json\/wp\/v2\/product_tag?post=3361"}],"curies":[{"name":"wp","href":"https:\/\/api.w.org\/{rel}","templated":true}]}}