{"id":3364,"date":"2023-09-28T20:26:29","date_gmt":"2023-09-28T18:26:29","guid":{"rendered":"https:\/\/pabano.com\/?post_type=product&#038;p=3364"},"modified":"2025-01-22T09:53:50","modified_gmt":"2025-01-22T08:53:50","slug":"mampara-vt-8121","status":"publish","type":"product","link":"https:\/\/pabano.com\/pt\/produto\/mampara-vt-8121\/","title":{"rendered":"Divis\u00f3ria de duche VT-8121"},"content":{"rendered":"<p>Divis\u00f3ria de duche com um painel lateral fixo, um painel fixo e um painel frontal deslizante. Sem regula\u00e7\u00e3o, apenas absor\u00e7\u00e3o de um m\u00e1ximo de 1cm de cada lado. Vidro com 6 mm de espessura. Sem guia inferior. Pega retangular em a\u00e7o inoxid\u00e1vel. Rod\u00edzio met\u00e1lico em tandem altamente regul\u00e1vel. Guia quadrada. Tratamento anti-calc\u00e1rio inclu\u00eddo.<\/p>\n<p>As divis\u00f3rias de duche deslizantes s\u00e3o a op\u00e7\u00e3o mais pr\u00e1tica para a sua casa de banho se procura uma solu\u00e7\u00e3o que economize espa\u00e7o e um acesso f\u00e1cil ao duche.<\/p>\n<p>As divis\u00f3rias de duche deslizantes de uma folha s\u00e3o a op\u00e7\u00e3o mais pr\u00e1tica para a sua casa de banho, se procura uma solu\u00e7\u00e3o que economize espa\u00e7o e um acesso f\u00e1cil ao duche. Estas divis\u00f3rias de duche oferecem uma variedade de vantagens e s\u00e3o f\u00e1ceis de escolher e manter.<\/p>\n<p>Algumas dicas para escolher uma divis\u00f3ria de duche com um painel de duche deslizante<\/p>\n<p>- Tenha em conta o espa\u00e7o dispon\u00edvel na sua casa de banho. As divis\u00f3rias de duche deslizantes de uma folha requerem uma largura m\u00ednima de 70 cm.<br \/>\n- Escolha um material de qualidade. O vidro temperado \u00e9 o material mais forte e dur\u00e1vel, mas \u00e9 tamb\u00e9m o mais caro. O acr\u00edlico e o poliestireno s\u00e3o mais baratos, mas tamb\u00e9m menos dur\u00e1veis.<br \/>\n- Decida qual o acabamento que mais lhe agrada. Um acabamento transparente oferece maior visibilidade, enquanto um acabamento acetinado ou mate oferece maior privacidade.<br \/>\n- Escolha um sistema de abertura que seja confort\u00e1vel para si. O sistema de abertura deslizante \u00e9 o mais comum e mais f\u00e1cil de usar, enquanto o sistema de abertura girat\u00f3rio pode ser mais conveniente se o chuveiro estiver localizado num espa\u00e7o confinado.<\/p>","protected":false},"excerpt":{"rendered":"<p>Divis\u00f3ria de duche com um painel lateral fixo, um painel fixo e um painel frontal deslizante. Sem regula\u00e7\u00e3o, apenas absor\u00e7\u00e3o de um m\u00e1ximo de 1cm de cada lado. Vidro com 6 mm de espessura. Sem guia inferior. Pega retangular em a\u00e7o inoxid\u00e1vel. Rod\u00edzio met\u00e1lico em tandem altamente regul\u00e1vel. Guia quadrada. Tratamento anti-calc\u00e1rio inclu\u00eddo.<\/p>\n<p>&nbsp;<\/p>\n<a href=\"https:\/\/pabano.com\/pt\/contacto\/?producto=Mampara%20de%20ducha%20VT-8121\" target=\"_blank\" class=\"button primary is-primary is-medium\" rel=\"noopener\" >\n\t\t<span>Solicite mais informa\u00e7\u00f5es<\/span>\n\t<\/a>","protected":false},"featured_media":3214,"comment_status":"open","ping_status":"closed","template":"","meta":[],"product_brand":[],"product_cat":[259],"product_tag":[],"class_list":{"0":"post-3364","1":"product","2":"type-product","3":"status-publish","4":"has-post-thumbnail","6":"product_cat-serie-vitaly","8":"first","9":"instock","10":"featured","11":"taxable","12":"shipping-taxable","13":"product-type-simple"},"_links":{"self":[{"href":"https:\/\/pabano.com\/pt\/wp-json\/wp\/v2\/product\/3364","targetHints":{"allow":["GET"]}}],"collection":[{"href":"https:\/\/pabano.com\/pt\/wp-json\/wp\/v2\/product"}],"about":[{"href":"https:\/\/pabano.com\/pt\/wp-json\/wp\/v2\/types\/product"}],"replies":[{"embeddable":true,"href":"https:\/\/pabano.com\/pt\/wp-json\/wp\/v2\/comments?post=3364"}],"wp:featuredmedia":[{"embeddable":true,"href":"https:\/\/pabano.com\/pt\/wp-json\/wp\/v2\/media\/3214"}],"wp:attachment":[{"href":"https:\/\/pabano.com\/pt\/wp-json\/wp\/v2\/media?parent=3364"}],"wp:term":[{"taxonomy":"product_brand","embeddable":true,"href":"https:\/\/pabano.com\/pt\/wp-json\/wp\/v2\/product_brand?post=3364"},{"taxonomy":"product_cat","embeddable":true,"href":"https:\/\/pabano.com\/pt\/wp-json\/wp\/v2\/product_cat?post=3364"},{"taxonomy":"product_tag","embeddable":true,"href":"https:\/\/pabano.com\/pt\/wp-json\/wp\/v2\/product_tag?post=3364"}],"curies":[{"name":"wp","href":"https:\/\/api.w.org\/{rel}","templated":true}]}}