{"id":3365,"date":"2023-09-28T20:26:30","date_gmt":"2023-09-28T18:26:30","guid":{"rendered":"https:\/\/pabano.com\/?post_type=product&#038;p=3365"},"modified":"2025-01-22T09:54:04","modified_gmt":"2025-01-22T08:54:04","slug":"mampara-vt-8295","status":"publish","type":"product","link":"https:\/\/pabano.com\/pt\/produto\/mampara-vt-8295\/","title":{"rendered":"Divis\u00f3ria de duche VT-8295"},"content":{"rendered":"<p>Divis\u00f3ria de duche com um painel fixo e um painel de correr. Sem regula\u00e7\u00e3o, apenas absor\u00e7\u00e3o de um m\u00e1ximo de 1cm de cada lado. Vidro de 6 mm de espessura. Sem guia inferior. Pega retangular em a\u00e7o inoxid\u00e1vel. Roda tandem met\u00e1lica altamente regul\u00e1vel. Guia quadrada. Tratamento anti-calc\u00e1rio inclu\u00eddo.<\/p>\n<p>As cabinas de duche com painel deslizante s\u00e3o uma escolha popular entre os consumidores, oferecendo uma combina\u00e7\u00e3o de praticidade e eleg\u00e2ncia.<br \/>\nAs principais vantagens das divis\u00f3rias de duche deslizantes de uma folha s\u00e3o as seguintes<\/p>\n<p>- Praticidade: A porta deslizante permite um acesso f\u00e1cil ao duche de ambos os lados, o que \u00e9 especialmente \u00fatil para pessoas com mobilidade reduzida.<br \/>\n- Versatilidade: As divis\u00f3rias de duche deslizantes de uma folha podem ser adaptadas a qualquer tipo de duche, independentemente da sua forma ou tamanho.<br \/>\n- F\u00e1cil instala\u00e7\u00e3o e manuten\u00e7\u00e3o: As divis\u00f3rias de duche deslizantes de uma folha s\u00e3o f\u00e1ceis de instalar e manter.<\/p>\n<p>As divis\u00f3rias de duche deslizantes simples s\u00e3o uma op\u00e7\u00e3o vers\u00e1til e pr\u00e1tica que pode ser adaptada a qualquer necessidade. Se procura uma divis\u00f3ria de duche confort\u00e1vel, elegante e funcional, as divis\u00f3rias de duche de correr simples s\u00e3o uma excelente escolha.<\/p>","protected":false},"excerpt":{"rendered":"<p>Divis\u00f3ria de duche com um painel fixo e um painel de correr. Sem regula\u00e7\u00e3o, apenas absor\u00e7\u00e3o de um m\u00e1ximo de 1cm de cada lado. Vidro de 6 mm de espessura. Sem guia inferior. Pega retangular em a\u00e7o inoxid\u00e1vel. Roda tandem met\u00e1lica altamente regul\u00e1vel. Guia quadrada. Tratamento anti-calc\u00e1rio inclu\u00eddo.<\/p>\n<p>&nbsp;<\/p>\n<a href=\"https:\/\/pabano.com\/pt\/contacto\/?producto=Mampara%20de%20ducha%20VT-8295\" target=\"_blank\" class=\"button primary is-primary is-medium\" rel=\"noopener\" >\n\t\t<span>Solicite mais informa\u00e7\u00f5es<\/span>\n\t<\/a>","protected":false},"featured_media":3215,"comment_status":"open","ping_status":"closed","template":"","meta":[],"product_brand":[],"product_cat":[259],"product_tag":[],"class_list":{"0":"post-3365","1":"product","2":"type-product","3":"status-publish","4":"has-post-thumbnail","6":"product_cat-serie-vitaly","8":"first","9":"instock","10":"featured","11":"taxable","12":"shipping-taxable","13":"product-type-simple"},"_links":{"self":[{"href":"https:\/\/pabano.com\/pt\/wp-json\/wp\/v2\/product\/3365","targetHints":{"allow":["GET"]}}],"collection":[{"href":"https:\/\/pabano.com\/pt\/wp-json\/wp\/v2\/product"}],"about":[{"href":"https:\/\/pabano.com\/pt\/wp-json\/wp\/v2\/types\/product"}],"replies":[{"embeddable":true,"href":"https:\/\/pabano.com\/pt\/wp-json\/wp\/v2\/comments?post=3365"}],"wp:featuredmedia":[{"embeddable":true,"href":"https:\/\/pabano.com\/pt\/wp-json\/wp\/v2\/media\/3215"}],"wp:attachment":[{"href":"https:\/\/pabano.com\/pt\/wp-json\/wp\/v2\/media?parent=3365"}],"wp:term":[{"taxonomy":"product_brand","embeddable":true,"href":"https:\/\/pabano.com\/pt\/wp-json\/wp\/v2\/product_brand?post=3365"},{"taxonomy":"product_cat","embeddable":true,"href":"https:\/\/pabano.com\/pt\/wp-json\/wp\/v2\/product_cat?post=3365"},{"taxonomy":"product_tag","embeddable":true,"href":"https:\/\/pabano.com\/pt\/wp-json\/wp\/v2\/product_tag?post=3365"}],"curies":[{"name":"wp","href":"https:\/\/api.w.org\/{rel}","templated":true}]}}