{"id":3367,"date":"2023-09-28T20:26:30","date_gmt":"2023-09-28T18:26:30","guid":{"rendered":"https:\/\/pabano.com\/?post_type=product&#038;p=3367"},"modified":"2025-02-11T09:13:30","modified_gmt":"2025-02-11T08:13:30","slug":"mampara-vt-8660","status":"publish","type":"product","link":"https:\/\/pabano.com\/pt\/produto\/mampara-vt-8660\/","title":{"rendered":"Divis\u00f3ria de chuveiro pequena VT-8660"},"content":{"rendered":"<p>Divis\u00f3ria de chuveiro pequena com abertura no v\u00e9rtice com dois pain\u00e9is fixos e dois pain\u00e9is deslizantes, para chuveiro. Sem regulagem, apenas absor\u00e7\u00e3o de no m\u00e1ximo 1cm de cada lado. Vidro de 6 mm de espessura. Sem guia inferior. Cabo retangular em a\u00e7o inoxid\u00e1vel. Roda tandem met\u00e1lica altamente ajust\u00e1vel. Guia quadrado. Inclui tratamento anticalc\u00e1rio.<\/p>\n<p data-start=\"280\" data-end=\"718\">O <strong data-start=\"302\" data-end=\"322\">telas de chuveiro<\/strong> pequeno com abertura no v\u00e9rtice e duas folhas fixas mais duas de correr, \u00e9 a escolha ideal para quem busca funcionalidade e estilo no seu banheiro. Com um design sem guias e uma estrutura limpa e moderna, esta tela permite acesso confort\u00e1vel e f\u00e1cil manuten\u00e7\u00e3o. Seu vidro de 6 mm de espessura e roda met\u00e1lica de alta regulagem garantem durabilidade e resist\u00eancia excepcionais.<\/p>\n<p data-start=\"720\" data-end=\"742\"><strong data-start=\"720\" data-end=\"739\">Caracter\u00edsticas<\/strong>:<\/p>\n<ul data-start=\"743\" data-end=\"2005\">\n<li data-start=\"743\" data-end=\"949\"><strong data-start=\"745\" data-end=\"771\">Abertura no v\u00e9rtice<\/strong>:Tem um <strong data-start=\"788\" data-end=\"814\">abertura no v\u00e9rtice<\/strong> com <strong data-start=\"819\" data-end=\"838\">duas folhas fixas<\/strong> lados e <strong data-start=\"851\" data-end=\"875\">duas folhas deslizantes<\/strong>, permitindo acesso amplo e f\u00e1cil de ambos os lados do chuveiro.<\/li>\n<li data-start=\"950\" data-end=\"1086\"><strong data-start=\"952\" data-end=\"973\">Sem guia inferior<\/strong>: A tela \u00e9 instalada sem guia inferior, o que facilita a limpeza e oferece um design mais limpo e moderno.<\/li>\n<li data-start=\"1087\" data-end=\"1211\"><strong data-start=\"1089\" data-end=\"1107\">Cristal de 6mm<\/strong>:O vidro tem uma espessura de <strong data-start=\"1139\" data-end=\"1146\">6mm<\/strong>, que proporciona estabilidade, resist\u00eancia e durabilidade.<\/li>\n<li data-start=\"1212\" data-end=\"1391\"><strong data-start=\"1214\" data-end=\"1249\">Absor\u00e7\u00e3o de 1 cm em cada lado<\/strong>:Sem necessidade de regulagem adicional, a tela contempla uma absor\u00e7\u00e3o de at\u00e9 <strong data-start=\"1332\" data-end=\"1353\">1cm de cada lado<\/strong> para garantir um ajuste perfeito.<\/li>\n<li data-start=\"1392\" data-end=\"1581\"><strong data-start=\"1394\" data-end=\"1437\">Al\u00e7a retangular de a\u00e7o inoxid\u00e1vel<\/strong>: Equipado com uma al\u00e7a retangular de a\u00e7o inoxid\u00e1vel que n\u00e3o s\u00f3 acrescenta um toque de eleg\u00e2ncia, mas tamb\u00e9m uma funcionalidade excepcional.<\/li>\n<li data-start=\"1582\" data-end=\"1749\"><strong data-start=\"1584\" data-end=\"1609\">Roda tandem met\u00e1lica<\/strong>: As rodas de metal altamente ajust\u00e1veis permitem um deslizamento suave e f\u00e1cil das portas deslizantes, garantindo um uso sem esfor\u00e7o.<\/li>\n<li data-start=\"1750\" data-end=\"1893\"><strong data-start=\"1752\" data-end=\"1775\">Tratamento anti-calc\u00e1rio<\/strong>: Inclui um <strong data-start=\"1788\" data-end=\"1811\">tratamento anti-calc\u00e1rio<\/strong> para evitar o ac\u00famulo de dep\u00f3sitos de \u00e1gua e facilitar a manuten\u00e7\u00e3o.<\/li>\n<li data-start=\"1894\" data-end=\"2005\"><strong data-start=\"1896\" data-end=\"1913\">Guia quadrado<\/strong>:A tela \u00e9 equipada com uma guia quadrada para uma opera\u00e7\u00e3o precisa e robusta.<\/li>\n<\/ul>\n<p data-start=\"2007\" data-end=\"2022\"><strong data-start=\"2007\" data-end=\"2019\">Vantagens<\/strong>:<\/p>\n<ul data-start=\"2023\" data-end=\"2892\">\n<li data-start=\"2023\" data-end=\"2254\"><strong data-start=\"2025\" data-end=\"2057\">Acesso conveniente e sem barreiras<\/strong>:As portas deslizantes permitem uma <strong data-start=\"2094\" data-end=\"2111\">f\u00e1cil acesso<\/strong> para o chuveiro sem a necessidade de espa\u00e7o adicional para abrir as portas, o que \u00e9 ideal para banheiros pequenos ou pessoas com mobilidade limitada.<\/li>\n<li data-start=\"2255\" data-end=\"2392\"><strong data-start=\"2257\" data-end=\"2273\">Versatilidade<\/strong>:Esta tela \u00e9 <strong data-start=\"2291\" data-end=\"2343\">adapt\u00e1vel a diferentes formas e tamanhos de chuveiro<\/strong>, do maior para o menor.<\/li>\n<li data-start=\"2393\" data-end=\"2571\"><strong data-start=\"2395\" data-end=\"2424\">Estilo moderno e elegante<\/strong>: Com seu design limpo, sem guia inferior e al\u00e7a de a\u00e7o inoxid\u00e1vel, esta divis\u00f3ria de chuveiro se encaixa perfeitamente em qualquer estilo de banheiro moderno.<\/li>\n<li data-start=\"2572\" data-end=\"2707\"><strong data-start=\"2574\" data-end=\"2597\">F\u00e1cil manuten\u00e7\u00e3o<\/strong>: Gra\u00e7as ao seu tratamento anticalc\u00e1rio e ao design sem guias inferiores, a tela \u00e9 f\u00e1cil de limpar e manter.<\/li>\n<li data-start=\"2708\" data-end=\"2892\"><strong data-start=\"2710\" data-end=\"2725\">Durabilidade<\/strong>: Vidro de 6 mm de espessura e rodas de metal de alta qualidade garantem uma longa vida \u00fatil, suportando o uso di\u00e1rio sem perder sua est\u00e9tica ou funcionalidade.<\/li>\n<\/ul>\n<p data-start=\"2894\" data-end=\"3247\"><strong data-start=\"2894\" data-end=\"2955\">Por que escolher esta pequena divis\u00f3ria de chuveiro com duas portas de correr?<br \/>\n<\/strong><br data-start=\"2955\" data-end=\"2958\" \/>Se procura uma solu\u00e7\u00e3o pr\u00e1tica, moderna e elegante para a sua casa de banho, <strong data-start=\"3029\" data-end=\"3068\">Divis\u00f3rias de chuveiro pequenas com duas portas de correr<\/strong> \u00e9 a op\u00e7\u00e3o perfeita. Seu design vers\u00e1til e f\u00e1cil acesso fazem dele a escolha ideal para otimizar o espa\u00e7o do seu banheiro, sem abrir m\u00e3o do estilo ou da funcionalidade.<\/p>","protected":false},"excerpt":{"rendered":"<p>Divis\u00f3ria de chuveiro pequena com abertura no v\u00e9rtice com dois pain\u00e9is fixos e dois pain\u00e9is deslizantes, para chuveiro. Sem regulagem, apenas absor\u00e7\u00e3o de no m\u00e1ximo 1cm de cada lado. Vidro de 6 mm de espessura. Sem guia inferior. Cabo retangular em a\u00e7o inoxid\u00e1vel.<\/p>\n<p>&nbsp;<\/p>\n<a href=\"https:\/\/pabano.com\/pt\/contacto\/?producto=Mampara%20de%20ducha%20VT-8660\" target=\"_blank\" class=\"button primary is-primary is-medium\" rel=\"noopener\" >\n\t\t<span>Solicite mais informa\u00e7\u00f5es<\/span>\n\t<\/a>","protected":false},"featured_media":3213,"comment_status":"open","ping_status":"closed","template":"","meta":[],"product_brand":[],"product_cat":[259],"product_tag":[],"class_list":{"0":"post-3367","1":"product","2":"type-product","3":"status-publish","4":"has-post-thumbnail","6":"product_cat-serie-vitaly","8":"first","9":"instock","10":"featured","11":"taxable","12":"shipping-taxable","13":"product-type-simple"},"_links":{"self":[{"href":"https:\/\/pabano.com\/pt\/wp-json\/wp\/v2\/product\/3367","targetHints":{"allow":["GET"]}}],"collection":[{"href":"https:\/\/pabano.com\/pt\/wp-json\/wp\/v2\/product"}],"about":[{"href":"https:\/\/pabano.com\/pt\/wp-json\/wp\/v2\/types\/product"}],"replies":[{"embeddable":true,"href":"https:\/\/pabano.com\/pt\/wp-json\/wp\/v2\/comments?post=3367"}],"wp:featuredmedia":[{"embeddable":true,"href":"https:\/\/pabano.com\/pt\/wp-json\/wp\/v2\/media\/3213"}],"wp:attachment":[{"href":"https:\/\/pabano.com\/pt\/wp-json\/wp\/v2\/media?parent=3367"}],"wp:term":[{"taxonomy":"product_brand","embeddable":true,"href":"https:\/\/pabano.com\/pt\/wp-json\/wp\/v2\/product_brand?post=3367"},{"taxonomy":"product_cat","embeddable":true,"href":"https:\/\/pabano.com\/pt\/wp-json\/wp\/v2\/product_cat?post=3367"},{"taxonomy":"product_tag","embeddable":true,"href":"https:\/\/pabano.com\/pt\/wp-json\/wp\/v2\/product_tag?post=3367"}],"curies":[{"name":"wp","href":"https:\/\/api.w.org\/{rel}","templated":true}]}}