{"id":3369,"date":"2023-09-28T20:26:30","date_gmt":"2023-09-28T18:26:30","guid":{"rendered":"https:\/\/pabano.com\/?post_type=product&#038;p=3369"},"modified":"2025-01-22T09:30:13","modified_gmt":"2025-01-22T08:30:13","slug":"mampara-ox-8121","status":"publish","type":"product","link":"https:\/\/pabano.com\/pt\/produto\/mampara-ox-8121\/","title":{"rendered":"Divis\u00f3ria de duche OX-8121"},"content":{"rendered":"<p>Divis\u00f3ria de duche com um painel frontal deslizante, um painel lateral fixo e um painel fixo. Sem regula\u00e7\u00e3o, apenas absor\u00e7\u00e3o de um m\u00e1ximo de 1cm por lado. Vidro com 6 mm de espessura. Sem guia inferior. Pega retangular em a\u00e7o inoxid\u00e1vel. Roda tandem met\u00e1lica altamente regul\u00e1vel. Guia quadrada. Tratamento anti-calc\u00e1rio inclu\u00eddo.<\/p>\n<p>As divis\u00f3rias de duche com painel frontal deslizante s\u00e3o a op\u00e7\u00e3o mais pr\u00e1tica para casas de banho pequenas. Estas divis\u00f3rias de duche oferecem uma vasta gama de vantagens, entre as quais se destacam as seguintes:<\/p>\n<p>- Grande versatilidade: As divis\u00f3rias de duche com painel frontal deslizante podem ser adaptadas a qualquer tipo de duche, independentemente da sua forma ou tamanho.<br \/>\n- F\u00e1cil acesso: A porta deslizante permite um f\u00e1cil acesso ao duche, mesmo para pessoas com mobilidade reduzida.<br \/>\n- Design moderno: As cabinas de duche com um painel frontal deslizante s\u00e3o uma op\u00e7\u00e3o elegante e moderna que se enquadra em qualquer estilo de casa de banho.<br \/>\n- F\u00e1cil manuten\u00e7\u00e3o: As cabinas de duche com um painel frontal deslizante s\u00e3o f\u00e1ceis de limpar e manter.<\/p>\n<p>As divis\u00f3rias de duche com um painel frontal deslizante s\u00e3o a op\u00e7\u00e3o mais pr\u00e1tica para casas de banho pequenas. Estas divis\u00f3rias de duche oferecem uma variedade de vantagens e s\u00e3o f\u00e1ceis de escolher e manter.<\/p>","protected":false},"excerpt":{"rendered":"<p>Divis\u00f3ria de duche com um painel frontal deslizante, um painel lateral fixo e um painel fixo. Sem regula\u00e7\u00e3o, apenas absor\u00e7\u00e3o de um m\u00e1ximo de 1cm por lado. Vidro com 6 mm de espessura. Sem guia inferior. Pega retangular em a\u00e7o inoxid\u00e1vel. Roda tandem met\u00e1lica altamente regul\u00e1vel. Guia quadrada. Tratamento anti-calc\u00e1rio inclu\u00eddo.<\/p>\n<p>&nbsp;<\/p>\n<a href=\"https:\/\/pabano.com\/pt\/contacto\/?producto=Mampara%20de%20ducha%20OX-8121\" target=\"_blank\" class=\"button primary is-primary is-medium\" rel=\"noopener\" >\n\t\t<span>Solicite mais informa\u00e7\u00f5es<\/span>\n\t<\/a>","protected":false},"featured_media":3219,"comment_status":"open","ping_status":"closed","template":"","meta":[],"product_brand":[],"product_cat":[258],"product_tag":[],"class_list":{"0":"post-3369","1":"product","2":"type-product","3":"status-publish","4":"has-post-thumbnail","6":"product_cat-serie-onyx","8":"first","9":"instock","10":"featured","11":"taxable","12":"shipping-taxable","13":"product-type-simple"},"_links":{"self":[{"href":"https:\/\/pabano.com\/pt\/wp-json\/wp\/v2\/product\/3369","targetHints":{"allow":["GET"]}}],"collection":[{"href":"https:\/\/pabano.com\/pt\/wp-json\/wp\/v2\/product"}],"about":[{"href":"https:\/\/pabano.com\/pt\/wp-json\/wp\/v2\/types\/product"}],"replies":[{"embeddable":true,"href":"https:\/\/pabano.com\/pt\/wp-json\/wp\/v2\/comments?post=3369"}],"wp:featuredmedia":[{"embeddable":true,"href":"https:\/\/pabano.com\/pt\/wp-json\/wp\/v2\/media\/3219"}],"wp:attachment":[{"href":"https:\/\/pabano.com\/pt\/wp-json\/wp\/v2\/media?parent=3369"}],"wp:term":[{"taxonomy":"product_brand","embeddable":true,"href":"https:\/\/pabano.com\/pt\/wp-json\/wp\/v2\/product_brand?post=3369"},{"taxonomy":"product_cat","embeddable":true,"href":"https:\/\/pabano.com\/pt\/wp-json\/wp\/v2\/product_cat?post=3369"},{"taxonomy":"product_tag","embeddable":true,"href":"https:\/\/pabano.com\/pt\/wp-json\/wp\/v2\/product_tag?post=3369"}],"curies":[{"name":"wp","href":"https:\/\/api.w.org\/{rel}","templated":true}]}}