{"id":3371,"date":"2023-09-28T20:26:31","date_gmt":"2023-09-28T18:26:31","guid":{"rendered":"https:\/\/pabano.com\/?post_type=product&#038;p=3371"},"modified":"2025-02-11T08:15:15","modified_gmt":"2025-02-11T07:15:15","slug":"mampara-ox-8495","status":"publish","type":"product","link":"https:\/\/pabano.com\/pt\/produto\/mampara-ox-8495\/","title":{"rendered":"Divis\u00f3ria de chuveiro deslizante OX-8495"},"content":{"rendered":"<p>Divis\u00f3ria de chuveiro deslizante com dois pain\u00e9is fixos e dois pain\u00e9is deslizantes. Sem regulagem, apenas absor\u00e7\u00e3o de no m\u00e1ximo 1cm de cada lado. Vidro de 6 mm de espessura. Sem guia inferior. Cabo retangular em a\u00e7o inoxid\u00e1vel. Roda tandem met\u00e1lica altamente ajust\u00e1vel. Guia quadrado. Inclui tratamento anticalc\u00e1rio.<\/p>\n<p data-start=\"276\" data-end=\"684\">O <strong data-start=\"280\" data-end=\"312\">divis\u00f3rias de chuveiro deslizantes<\/strong> com duas folhas fixas e duas folhas deslizantes s\u00e3o a escolha ideal para quem busca maximizar o espa\u00e7o no banheiro. Essas telas n\u00e3o s\u00e3o apenas funcionais, mas tamb\u00e9m elegantes, proporcionando acesso amplo e f\u00e1cil gra\u00e7as ao seu sistema de portas deslizantes. Al\u00e9m disso, seu design sem guia inferior facilita a limpeza e evita ac\u00famulo de \u00e1gua no ch\u00e3o.<\/p>\n<p data-start=\"686\" data-end=\"786\">Ao escolher <strong data-start=\"706\" data-end=\"738\">divis\u00f3rias de chuveiro deslizantes<\/strong>, considere os seguintes aspectos importantes:<\/p>\n<ul data-start=\"788\" data-end=\"1937\">\n<li data-start=\"788\" data-end=\"1092\">\n<p data-start=\"790\" data-end=\"1092\"><strong data-start=\"790\" data-end=\"812\">Tamanho do chuveiro<\/strong>: \u00c9 essencial selecionar uma divis\u00f3ria de chuveiro deslizante que se ajuste ao tamanho do seu chuveiro. Os pain\u00e9is fixos devem corresponder \u00e0s dimens\u00f5es do box, enquanto os pain\u00e9is deslizantes devem oferecer espa\u00e7o suficiente para permitir a passagem de uma pessoa confortavelmente.<\/p>\n<\/li>\n<li data-start=\"1096\" data-end=\"1425\">\n<p data-start=\"1098\" data-end=\"1425\"><strong data-start=\"1098\" data-end=\"1110\">Material<\/strong>: O <strong data-start=\"1116\" data-end=\"1148\">divis\u00f3rias de chuveiro deslizantes<\/strong> Eles est\u00e3o dispon\u00edveis em materiais como vidro, acr\u00edlico e policarbonato. O vidro de 6 mm de espessura \u00e9 uma escolha muito popular devido \u00e0 sua durabilidade, resist\u00eancia e f\u00e1cil manuten\u00e7\u00e3o. Al\u00e9m disso, seu tratamento anticalc\u00e1rio incluso ajuda a manter o vidro limpo por mais tempo.<\/p>\n<\/li>\n<li data-start=\"1427\" data-end=\"1651\">\n<p data-start=\"1429\" data-end=\"1651\"><strong data-start=\"1429\" data-end=\"1440\">Terminar<\/strong>: Escolha entre acabamentos como transparente, fosco ou fosco. O acabamento transparente \u00e9 a escolha mais popular, pois traz luz ao banheiro e permite que voc\u00ea aproveite a beleza do espa\u00e7o sem obst\u00e1culos visuais.<\/p>\n<\/li>\n<li data-start=\"1653\" data-end=\"1937\">\n<p data-start=\"1655\" data-end=\"1937\"><strong data-start=\"1655\" data-end=\"1684\">Design pr\u00e1tico e moderno<\/strong>:Com uma al\u00e7a retangular de a\u00e7o inoxid\u00e1vel e rodas de metal tandem altamente ajust\u00e1veis, nossa <strong data-start=\"1789\" data-end=\"1821\">divis\u00f3rias de chuveiro deslizantes<\/strong> Eles oferecem um deslizamento suave e sem esfor\u00e7o, proporcionando uma experi\u00eancia de banho agrad\u00e1vel e sem obst\u00e1culos.<\/p>\n<\/li>\n<\/ul>\n<p data-start=\"1939\" data-end=\"2267\">O <strong data-start=\"1943\" data-end=\"1975\">divis\u00f3rias de chuveiro deslizantes<\/strong> Eles s\u00e3o perfeitos para banheiros grandes, pois seu design permite que se adaptem a diversas configura\u00e7\u00f5es e aproveitem ao m\u00e1ximo o espa\u00e7o dispon\u00edvel. Gra\u00e7as \u00e0 sua est\u00e9tica moderna e vers\u00e1til, essas telas n\u00e3o apenas melhoram a funcionalidade do seu banheiro, mas tamb\u00e9m elevam seu design a outro n\u00edvel.<\/p>","protected":false},"excerpt":{"rendered":"<p>Divis\u00f3ria de chuveiro deslizante com dois pain\u00e9is fixos e dois pain\u00e9is deslizantes. Sem regulagem, apenas absor\u00e7\u00e3o de no m\u00e1ximo 1cm de cada lado. Vidro de 6 mm de espessura. Sem guia inferior. Cabo retangular em a\u00e7o inoxid\u00e1vel. Roda tandem met\u00e1lica altamente ajust\u00e1vel. Guia quadrado. Inclui tratamento anticalc\u00e1rio.<\/p>\n<p>&nbsp;<\/p>\n<a href=\"https:\/\/pabano.com\/pt\/contacto\/?producto=Mampara%20de%20ducha%20OX-8495\" target=\"_blank\" class=\"button primary is-primary is-medium\" rel=\"noopener\" >\n\t\t<span>Solicite mais informa\u00e7\u00f5es<\/span>\n\t<\/a>","protected":false},"featured_media":3211,"comment_status":"open","ping_status":"closed","template":"","meta":[],"product_brand":[],"product_cat":[258],"product_tag":[],"class_list":{"0":"post-3371","1":"product","2":"type-product","3":"status-publish","4":"has-post-thumbnail","6":"product_cat-serie-onyx","8":"first","9":"instock","10":"featured","11":"taxable","12":"shipping-taxable","13":"product-type-simple"},"_links":{"self":[{"href":"https:\/\/pabano.com\/pt\/wp-json\/wp\/v2\/product\/3371","targetHints":{"allow":["GET"]}}],"collection":[{"href":"https:\/\/pabano.com\/pt\/wp-json\/wp\/v2\/product"}],"about":[{"href":"https:\/\/pabano.com\/pt\/wp-json\/wp\/v2\/types\/product"}],"replies":[{"embeddable":true,"href":"https:\/\/pabano.com\/pt\/wp-json\/wp\/v2\/comments?post=3371"}],"wp:featuredmedia":[{"embeddable":true,"href":"https:\/\/pabano.com\/pt\/wp-json\/wp\/v2\/media\/3211"}],"wp:attachment":[{"href":"https:\/\/pabano.com\/pt\/wp-json\/wp\/v2\/media?parent=3371"}],"wp:term":[{"taxonomy":"product_brand","embeddable":true,"href":"https:\/\/pabano.com\/pt\/wp-json\/wp\/v2\/product_brand?post=3371"},{"taxonomy":"product_cat","embeddable":true,"href":"https:\/\/pabano.com\/pt\/wp-json\/wp\/v2\/product_cat?post=3371"},{"taxonomy":"product_tag","embeddable":true,"href":"https:\/\/pabano.com\/pt\/wp-json\/wp\/v2\/product_tag?post=3371"}],"curies":[{"name":"wp","href":"https:\/\/api.w.org\/{rel}","templated":true}]}}