{"id":3372,"date":"2023-09-28T20:26:31","date_gmt":"2023-09-28T18:26:31","guid":{"rendered":"https:\/\/pabano.com\/?post_type=product&#038;p=3372"},"modified":"2025-02-11T08:39:06","modified_gmt":"2025-02-11T07:39:06","slug":"mampara-ox-8660","status":"publish","type":"product","link":"https:\/\/pabano.com\/pt\/produto\/mampara-ox-8660\/","title":{"rendered":"Divis\u00f3ria de chuveiro preta OX-8660"},"content":{"rendered":"<p>Divis\u00f3ria de chuveiro preta com abertura no v\u00e9rtice com duas folhas fixas e duas folhas deslizantes. Sem regulagem, apenas absor\u00e7\u00e3o de no m\u00e1ximo 1cm de cada lado. Vidro de 6 mm de espessura. Sem guia inferior. Cabo retangular em a\u00e7o inoxid\u00e1vel. Roda tandem met\u00e1lica altamente ajust\u00e1vel. Guia quadrado. Inclui tratamento anticalc\u00e1rio.<\/p>\n<p data-start=\"147\" data-end=\"526\">O box de chuveiro preto com abertura no v\u00e9rtice e dois pain\u00e9is fixos e dois pain\u00e9is deslizantes \u00e9 a solu\u00e7\u00e3o perfeita para quem busca um design elegante e moderno, sem abrir m\u00e3o da funcionalidade. Com vidro de 6 mm de espessura, esta tela preta garante resist\u00eancia e durabilidade, e sua cor elegante a torna um destaque no seu banheiro.<\/p>\n<p data-start=\"528\" data-end=\"550\"><strong data-start=\"528\" data-end=\"547\">Caracter\u00edsticas<\/strong>:<\/p>\n<ul data-start=\"551\" data-end=\"1363\">\n<li data-start=\"551\" data-end=\"712\"><strong data-start=\"553\" data-end=\"579\">Abertura no v\u00e9rtice<\/strong>: A abertura central permite que as portas deslizem para o centro, maximizando o espa\u00e7o e facilitando o acesso ao chuveiro.<\/li>\n<li data-start=\"713\" data-end=\"846\"><strong data-start=\"715\" data-end=\"736\">Sem guia inferior<\/strong>: O design sem guia inferior elimina obst\u00e1culos e facilita a limpeza, proporcionando um banheiro mais higi\u00eanico.<\/li>\n<li data-start=\"847\" data-end=\"967\"><strong data-start=\"849\" data-end=\"867\">Cristal de 6mm<\/strong>:Feita de vidro dur\u00e1vel, esta tela garante durabilidade a longo prazo e seguran\u00e7a adicional.<\/li>\n<li data-start=\"968\" data-end=\"1098\"><strong data-start=\"970\" data-end=\"1013\">Al\u00e7a retangular de a\u00e7o inoxid\u00e1vel<\/strong>: A al\u00e7a reta de a\u00e7o inoxid\u00e1vel adiciona um toque de sofistica\u00e7\u00e3o \u00e0 divis\u00f3ria do chuveiro.<\/li>\n<li data-start=\"1099\" data-end=\"1220\"><strong data-start=\"1101\" data-end=\"1128\">Rodas tandem met\u00e1licas<\/strong>: Seu sistema de rodas met\u00e1licas permite um deslizamento suave e silencioso das portas.<\/li>\n<li data-start=\"1221\" data-end=\"1363\"><strong data-start=\"1223\" data-end=\"1246\">Tratamento anti-calc\u00e1rio<\/strong>: Inclui tratamento anticalc\u00e1rio para evitar o ac\u00famulo de res\u00edduos de \u00e1gua e manter o vidro limpo por mais tempo.<\/li>\n<\/ul>\n<p data-start=\"1365\" data-end=\"1380\"><strong data-start=\"1365\" data-end=\"1377\">Vantagens<\/strong>:<\/p>\n<ul data-start=\"1381\" data-end=\"1810\">\n<li data-start=\"1381\" data-end=\"1512\"><strong data-start=\"1383\" data-end=\"1404\">Economia de espa\u00e7o<\/strong>: Ideal para banheiros pequenos, a abertura central permite amplo acesso sem ocupar mais espa\u00e7o no banheiro.<\/li>\n<li data-start=\"1513\" data-end=\"1670\"><strong data-start=\"1515\" data-end=\"1533\">Design moderno<\/strong>: A cor preta da tela proporciona um estilo elegante e contempor\u00e2neo, adaptando-se perfeitamente a banheiros modernos ou minimalistas.<\/li>\n<li data-start=\"1671\" data-end=\"1810\"><strong data-start=\"1673\" data-end=\"1693\">Facilidade de uso<\/strong>: Portas deslizantes e um design sem guias proporcionam conforto e funcionalidade sem sacrificar a est\u00e9tica.<\/li>\n<\/ul>\n<p data-start=\"1812\" data-end=\"1839\"><strong data-start=\"1812\" data-end=\"1836\">Op\u00e7\u00f5es adicionais<\/strong>:<\/p>\n<ul data-start=\"1840\" data-end=\"1979\">\n<li data-start=\"1840\" data-end=\"1871\">Aumento de altura ou largura.<\/li>\n<li data-start=\"1872\" data-end=\"1908\">Cristais com tratamento anti-calc\u00e1rio.<\/li>\n<li data-start=\"1909\" data-end=\"1954\">Serigrafia com tinta vitrificada colorida.<\/li>\n<li data-start=\"1955\" data-end=\"1979\">Vidro com efeito espelho.<\/li>\n<\/ul>","protected":false},"excerpt":{"rendered":"<p>Divis\u00f3ria de chuveiro preta com abertura no v\u00e9rtice com duas folhas fixas e duas folhas deslizantes. Sem regulagem, apenas absor\u00e7\u00e3o de no m\u00e1ximo 1cm de cada lado. Vidro de 6 mm de espessura. Sem guia inferior. Cabo retangular em a\u00e7o inoxid\u00e1vel. Roda tandem met\u00e1lica altamente ajust\u00e1vel. Guia quadrado. Inclui tratamento anticalc\u00e1rio.<\/p>\n<p>&nbsp;<\/p>\n<a href=\"https:\/\/pabano.com\/pt\/contacto\/?producto=Mampara%20de%20ducha%20OX-8660\" target=\"_blank\" class=\"button primary is-primary is-medium\" rel=\"noopener\" >\n\t\t<span>Solicite mais informa\u00e7\u00f5es<\/span>\n\t<\/a>","protected":false},"featured_media":3212,"comment_status":"open","ping_status":"closed","template":"","meta":[],"product_brand":[],"product_cat":[258],"product_tag":[],"class_list":{"0":"post-3372","1":"product","2":"type-product","3":"status-publish","4":"has-post-thumbnail","6":"product_cat-serie-onyx","8":"first","9":"instock","10":"featured","11":"taxable","12":"shipping-taxable","13":"product-type-simple"},"_links":{"self":[{"href":"https:\/\/pabano.com\/pt\/wp-json\/wp\/v2\/product\/3372","targetHints":{"allow":["GET"]}}],"collection":[{"href":"https:\/\/pabano.com\/pt\/wp-json\/wp\/v2\/product"}],"about":[{"href":"https:\/\/pabano.com\/pt\/wp-json\/wp\/v2\/types\/product"}],"replies":[{"embeddable":true,"href":"https:\/\/pabano.com\/pt\/wp-json\/wp\/v2\/comments?post=3372"}],"wp:featuredmedia":[{"embeddable":true,"href":"https:\/\/pabano.com\/pt\/wp-json\/wp\/v2\/media\/3212"}],"wp:attachment":[{"href":"https:\/\/pabano.com\/pt\/wp-json\/wp\/v2\/media?parent=3372"}],"wp:term":[{"taxonomy":"product_brand","embeddable":true,"href":"https:\/\/pabano.com\/pt\/wp-json\/wp\/v2\/product_brand?post=3372"},{"taxonomy":"product_cat","embeddable":true,"href":"https:\/\/pabano.com\/pt\/wp-json\/wp\/v2\/product_cat?post=3372"},{"taxonomy":"product_tag","embeddable":true,"href":"https:\/\/pabano.com\/pt\/wp-json\/wp\/v2\/product_tag?post=3372"}],"curies":[{"name":"wp","href":"https:\/\/api.w.org\/{rel}","templated":true}]}}