{"id":3373,"date":"2023-09-28T20:26:31","date_gmt":"2023-09-28T18:26:31","guid":{"rendered":"https:\/\/pabano.com\/?post_type=product&#038;p=3373"},"modified":"2025-02-11T08:47:29","modified_gmt":"2025-02-11T07:47:29","slug":"mampara-ox-8717","status":"publish","type":"product","link":"https:\/\/pabano.com\/pt\/produto\/mampara-ox-8717\/","title":{"rendered":"Divis\u00f3ria de chuveiro deslizante sem moldura OX-8717"},"content":{"rendered":"<p>Divis\u00f3ria de chuveiro deslizante sem moldura com dois pain\u00e9is fixos e um painel deslizante. Sem regulagem, apenas absor\u00e7\u00e3o de no m\u00e1ximo 1cm de cada lado. Vidro de 6 mm de espessura. Sem guia inferior. Cabo retangular em a\u00e7o inoxid\u00e1vel. Roda tandem met\u00e1lica altamente ajust\u00e1vel. Guia quadrado. Inclui tratamento anticalc\u00e1rio.<\/p>\n<p data-start=\"178\" data-end=\"570\">O box de chuveiro deslizante sem perfil \u00e9 a op\u00e7\u00e3o ideal para quem busca uma est\u00e9tica moderna e minimalista. Com dois pain\u00e9is fixos e um painel deslizante, este design elegante n\u00e3o s\u00f3 otimiza o espa\u00e7o, mas tamb\u00e9m oferece funcionalidade, seguran\u00e7a e facilidade de acesso ao chuveiro. Sem perfis vis\u00edveis, esta tela proporciona uma apar\u00eancia limpa e sofisticada.<\/p>\n<p data-start=\"572\" data-end=\"594\"><strong data-start=\"572\" data-end=\"591\">Caracter\u00edsticas<\/strong>:<\/p>\n<ul data-start=\"595\" data-end=\"1374\">\n<li data-start=\"595\" data-end=\"723\"><strong data-start=\"597\" data-end=\"626\">Vidro de 6 mm de espessura<\/strong>: Garante alta resist\u00eancia e durabilidade, mantendo um design limpo e minimalista.<\/li>\n<li data-start=\"724\" data-end=\"845\"><strong data-start=\"726\" data-end=\"747\">Sem guia inferior<\/strong>: Isso facilita a limpeza do piso e elimina o ac\u00famulo de \u00e1gua ou sujeira nos cantos.<\/li>\n<li data-start=\"846\" data-end=\"968\"><strong data-start=\"848\" data-end=\"891\">Al\u00e7a retangular de a\u00e7o inoxid\u00e1vel<\/strong>: Traz um toque moderno e funcional ao design, garantindo facilidade de uso.<\/li>\n<li data-start=\"969\" data-end=\"1116\"><strong data-start=\"971\" data-end=\"1015\">Roda tandem de metal altamente ajust\u00e1vel<\/strong>: Oferece um deslizamento suave e sem esfor\u00e7o, permitindo abertura e fechamento perfeitos.<\/li>\n<li data-start=\"1117\" data-end=\"1238\"><strong data-start=\"1119\" data-end=\"1136\">Guia quadrado<\/strong>: Proporciona estabilidade e suporte \u00e0 porta deslizante, garantindo seu funcionamento suave.<\/li>\n<li data-start=\"1239\" data-end=\"1374\"><strong data-start=\"1241\" data-end=\"1273\">Tratamento anti-calc\u00e1rio inclu\u00eddo<\/strong>: O tratamento especial evita o ac\u00famulo de calc\u00e1rio e mant\u00e9m o vidro limpo por mais tempo.<\/li>\n<\/ul>\n<p data-start=\"1376\" data-end=\"1389\"><strong data-start=\"1376\" data-end=\"1388\">Vantagens<\/strong>:<\/p>\n<ul data-start=\"1390\" data-end=\"2023\">\n<li data-start=\"1390\" data-end=\"1547\"><strong data-start=\"1392\" data-end=\"1413\">Economia de espa\u00e7o<\/strong>: A porta deslizante permite acesso f\u00e1cil e pr\u00e1tico sem ocupar espa\u00e7o extra quando aberta, o que \u00e9 ideal para banheiros menores.<\/li>\n<li data-start=\"1548\" data-end=\"1710\"><strong data-start=\"1550\" data-end=\"1573\">Design sem perfil<\/strong>: A aus\u00eancia de perfis vis\u00edveis contribui para um design mais limpo e minimalista, adaptando-se perfeitamente a qualquer estilo de banheiro.<\/li>\n<li data-start=\"1711\" data-end=\"1848\"><strong data-start=\"1713\" data-end=\"1743\">Facilidade de manuten\u00e7\u00e3o<\/strong>: Sem guias ou perfis inferiores, a tela \u00e9 mais f\u00e1cil de limpar e manter em condi\u00e7\u00f5es ideais.<\/li>\n<li data-start=\"1849\" data-end=\"2020\"><strong data-start=\"1851\" data-end=\"1867\">Versatilidade<\/strong>: Dispon\u00edvel em uma variedade de acabamentos, incluindo vidro transparente, fosco ou fosco, para atender \u00e0s prefer\u00eancias est\u00e9ticas de qualquer usu\u00e1rio.<\/li>\n<\/ul>\n<p data-start=\"2024\" data-end=\"2329\"><strong data-start=\"2024\" data-end=\"2057\">Por que escolher esta tela?<\/strong><br data-start=\"2057\" data-end=\"2060\" \/>A divis\u00f3ria de chuveiro deslizante sem perfil \u00e9 perfeita se voc\u00ea procura uma solu\u00e7\u00e3o que combine est\u00e9tica e funcionalidade. Seu design elegante e f\u00e1cil manuten\u00e7\u00e3o fazem dele a escolha ideal para quem deseja um banheiro moderno e pr\u00e1tico, sem abrir m\u00e3o do conforto.<\/p>","protected":false},"excerpt":{"rendered":"<p>Divis\u00f3ria de chuveiro deslizante sem perfil com dois pain\u00e9is fixos e um painel deslizante. Sem regulagem, apenas absor\u00e7\u00e3o de no m\u00e1ximo 1cm de cada lado. Vidro de 6 mm de espessura. Sem guia inferior. Cabo retangular em a\u00e7o inoxid\u00e1vel. Roda tandem met\u00e1lica altamente ajust\u00e1vel. Guia quadrado. Inclui tratamento anticalc\u00e1rio.<\/p>\n<p>&nbsp;<\/p>\n<a href=\"https:\/\/pabano.com\/pt\/contacto\/?producto=Mampara%20de%20ducha%20OX-8717\" target=\"_blank\" class=\"button primary is-primary is-medium\" rel=\"noopener\" >\n\t\t<span>Solicite mais informa\u00e7\u00f5es<\/span>\n\t<\/a>","protected":false},"featured_media":3311,"comment_status":"open","ping_status":"closed","template":"","meta":[],"product_brand":[],"product_cat":[258],"product_tag":[],"class_list":{"0":"post-3373","1":"product","2":"type-product","3":"status-publish","4":"has-post-thumbnail","6":"product_cat-serie-onyx","8":"first","9":"instock","10":"featured","11":"taxable","12":"shipping-taxable","13":"product-type-simple"},"_links":{"self":[{"href":"https:\/\/pabano.com\/pt\/wp-json\/wp\/v2\/product\/3373","targetHints":{"allow":["GET"]}}],"collection":[{"href":"https:\/\/pabano.com\/pt\/wp-json\/wp\/v2\/product"}],"about":[{"href":"https:\/\/pabano.com\/pt\/wp-json\/wp\/v2\/types\/product"}],"replies":[{"embeddable":true,"href":"https:\/\/pabano.com\/pt\/wp-json\/wp\/v2\/comments?post=3373"}],"wp:featuredmedia":[{"embeddable":true,"href":"https:\/\/pabano.com\/pt\/wp-json\/wp\/v2\/media\/3311"}],"wp:attachment":[{"href":"https:\/\/pabano.com\/pt\/wp-json\/wp\/v2\/media?parent=3373"}],"wp:term":[{"taxonomy":"product_brand","embeddable":true,"href":"https:\/\/pabano.com\/pt\/wp-json\/wp\/v2\/product_brand?post=3373"},{"taxonomy":"product_cat","embeddable":true,"href":"https:\/\/pabano.com\/pt\/wp-json\/wp\/v2\/product_cat?post=3373"},{"taxonomy":"product_tag","embeddable":true,"href":"https:\/\/pabano.com\/pt\/wp-json\/wp\/v2\/product_tag?post=3373"}],"curies":[{"name":"wp","href":"https:\/\/api.w.org\/{rel}","templated":true}]}}