{"id":3374,"date":"2023-09-28T20:26:31","date_gmt":"2023-09-28T18:26:31","guid":{"rendered":"https:\/\/pabano.com\/?post_type=product&#038;p=3374"},"modified":"2025-02-11T08:35:35","modified_gmt":"2025-02-11T07:35:35","slug":"mampara-sn-8121","status":"publish","type":"product","link":"https:\/\/pabano.com\/pt\/produto\/mampara-sn-8121\/","title":{"rendered":"Divis\u00f3ria de chuveiro frontal SN-8121"},"content":{"rendered":"<p>Divis\u00f3ria de duche frontal com um painel deslizante, um painel fixo e um painel fixo lateral. Sem regula\u00e7\u00e3o, apenas absor\u00e7\u00e3o de um m\u00e1ximo de 1cm de cada lado. Vidro com 6 mm de espessura. Sem guia inferior. Pega retangular em a\u00e7o inoxid\u00e1vel. Roda tandem met\u00e1lica altamente regul\u00e1vel. Guia quadrada. Tratamento anti-calc\u00e1rio inclu\u00eddo.<\/p>\n<p data-start=\"135\" data-end=\"397\">Esta divis\u00f3ria de chuveiro frontal \u00e9 uma solu\u00e7\u00e3o ideal para manter o banheiro organizado e livre de respingos. Com uma porta de correr e duas portas laterais fixas, esta tela oferece uma est\u00e9tica moderna e funcional, perfeita para qualquer banheiro.<\/p>\n<p data-start=\"399\" data-end=\"421\"><strong data-start=\"399\" data-end=\"418\">Caracter\u00edsticas<\/strong>:<\/p>\n<ul data-start=\"422\" data-end=\"1319\">\n<li data-start=\"422\" data-end=\"602\"><strong data-start=\"424\" data-end=\"443\">Design pr\u00e1tico<\/strong>: A tela \u00e9 composta por um painel deslizante e dois pain\u00e9is laterais fixos, o que garante um acesso confort\u00e1vel e amplo ao chuveiro sem comprometer o espa\u00e7o.<\/li>\n<li data-start=\"603\" data-end=\"835\"><strong data-start=\"605\" data-end=\"632\">Cristal de alta qualidade<\/strong>: Feito com vidro de 6 mm de espessura, garante resist\u00eancia e durabilidade. Al\u00e9m disso, a tela conta com tratamento anticalc\u00e1rio, o que facilita a limpeza e mant\u00e9m o aspecto impec\u00e1vel por mais tempo.<\/li>\n<li data-start=\"836\" data-end=\"950\"><strong data-start=\"838\" data-end=\"859\">Sem guia inferior<\/strong>: O design sem guia inferior evita o ac\u00famulo de sujeira e facilita a manuten\u00e7\u00e3o.<\/li>\n<li data-start=\"951\" data-end=\"1056\"><strong data-start=\"953\" data-end=\"976\">Al\u00e7a retangular<\/strong>: A al\u00e7a de a\u00e7o inoxid\u00e1vel d\u00e1 um toque elegante e moderno \u00e0 tela.<\/li>\n<li data-start=\"1057\" data-end=\"1181\"><strong data-start=\"1059\" data-end=\"1086\">Rodas tandem met\u00e1licas<\/strong>: As grandes rodas de ajuste garantem um deslizamento suave e f\u00e1cil da porta deslizante.<\/li>\n<li data-start=\"1182\" data-end=\"1319\"><strong data-start=\"1184\" data-end=\"1205\">Regulamenta\u00e7\u00e3o m\u00ednima<\/strong>: \u00c9 permitida uma absor\u00e7\u00e3o de at\u00e9 1 cm de cada lado, permitindo que ele se adapte \u00e0s medidas exatas do seu banheiro.<\/li>\n<\/ul>\n<p data-start=\"1321\" data-end=\"1334\"><strong data-start=\"1321\" data-end=\"1333\">Vantagens<\/strong>:<\/p>\n<ul data-start=\"1335\" data-end=\"1754\">\n<li data-start=\"1335\" data-end=\"1483\"><strong data-start=\"1337\" data-end=\"1371\">Prote\u00e7\u00e3o contra respingos<\/strong>: Perfeito para manter o piso do seu banheiro seco, especialmente em banheiros pequenos onde o espa\u00e7o \u00e9 limitado.<\/li>\n<li data-start=\"1484\" data-end=\"1612\"><strong data-start=\"1486\" data-end=\"1509\">Facilidade de acesso<\/strong>:A porta deslizante facilita a entrada e sa\u00edda do chuveiro sem interferir no espa\u00e7o dispon\u00edvel.<\/li>\n<li data-start=\"1613\" data-end=\"1754\"><strong data-start=\"1615\" data-end=\"1641\">Estilo e funcionalidade<\/strong>: Dispon\u00edveis em uma variedade de acabamentos e estilos, essas telas adicionam um toque elegante e moderno ao seu banheiro.<\/li>\n<\/ul>\n<p data-start=\"1756\" data-end=\"1781\"><strong data-start=\"1756\" data-end=\"1780\">Op\u00e7\u00f5es adicionais<\/strong>:<\/p>\n<ul data-start=\"1782\" data-end=\"1907\">\n<li data-start=\"1782\" data-end=\"1813\">Aumento de altura ou largura.<\/li>\n<li data-start=\"1814\" data-end=\"1836\">Tratamento anti-calc\u00e1rio.<\/li>\n<li data-start=\"1837\" data-end=\"1882\">Serigrafia com tinta vitrificada colorida.<\/li>\n<li data-start=\"1883\" data-end=\"1907\">Vidro com efeito espelho.<\/li>\n<\/ul>","protected":false},"excerpt":{"rendered":"<p>Divis\u00f3ria de duche frontal com um painel deslizante, um painel fixo e um painel fixo lateral. Sem regula\u00e7\u00e3o, apenas absor\u00e7\u00e3o de um m\u00e1ximo de 1cm de cada lado. Vidro com 6 mm de espessura. Sem guia inferior. Pega retangular em a\u00e7o inoxid\u00e1vel. Roda tandem met\u00e1lica altamente regul\u00e1vel. Guia quadrada. Tratamento anti-calc\u00e1rio inclu\u00eddo.<\/p>\n<p>&nbsp;<\/p>\n<a href=\"https:\/\/pabano.com\/pt\/contacto\/?producto=Mampara%20de%20ducha%20SN-8121\" target=\"_blank\" class=\"button primary is-primary is-medium\" rel=\"noopener\" >\n\t\t<span>Solicite mais informa\u00e7\u00f5es<\/span>\n\t<\/a>","protected":false},"featured_media":3312,"comment_status":"open","ping_status":"closed","template":"","meta":[],"product_brand":[],"product_cat":[262],"product_tag":[],"class_list":{"0":"post-3374","1":"product","2":"type-product","3":"status-publish","4":"has-post-thumbnail","6":"product_cat-serie-saten","8":"first","9":"instock","10":"featured","11":"taxable","12":"shipping-taxable","13":"product-type-simple"},"_links":{"self":[{"href":"https:\/\/pabano.com\/pt\/wp-json\/wp\/v2\/product\/3374","targetHints":{"allow":["GET"]}}],"collection":[{"href":"https:\/\/pabano.com\/pt\/wp-json\/wp\/v2\/product"}],"about":[{"href":"https:\/\/pabano.com\/pt\/wp-json\/wp\/v2\/types\/product"}],"replies":[{"embeddable":true,"href":"https:\/\/pabano.com\/pt\/wp-json\/wp\/v2\/comments?post=3374"}],"wp:featuredmedia":[{"embeddable":true,"href":"https:\/\/pabano.com\/pt\/wp-json\/wp\/v2\/media\/3312"}],"wp:attachment":[{"href":"https:\/\/pabano.com\/pt\/wp-json\/wp\/v2\/media?parent=3374"}],"wp:term":[{"taxonomy":"product_brand","embeddable":true,"href":"https:\/\/pabano.com\/pt\/wp-json\/wp\/v2\/product_brand?post=3374"},{"taxonomy":"product_cat","embeddable":true,"href":"https:\/\/pabano.com\/pt\/wp-json\/wp\/v2\/product_cat?post=3374"},{"taxonomy":"product_tag","embeddable":true,"href":"https:\/\/pabano.com\/pt\/wp-json\/wp\/v2\/product_tag?post=3374"}],"curies":[{"name":"wp","href":"https:\/\/api.w.org\/{rel}","templated":true}]}}