{"id":3375,"date":"2023-09-28T20:26:31","date_gmt":"2023-09-28T18:26:31","guid":{"rendered":"https:\/\/pabano.com\/?post_type=product&#038;p=3375"},"modified":"2025-01-22T09:52:37","modified_gmt":"2025-01-22T08:52:37","slug":"mampara-sn-8295","status":"publish","type":"product","link":"https:\/\/pabano.com\/pt\/produto\/mampara-sn-8295\/","title":{"rendered":"Divis\u00f3ria de duche SN-8295"},"content":{"rendered":"<p>Divis\u00f3ria de duche com um painel fixo e um painel de correr. Sem regula\u00e7\u00e3o, apenas absor\u00e7\u00e3o de um m\u00e1ximo de 1cm de cada lado. Vidro de 6 mm de espessura. Sem guia inferior. Pega retangular em a\u00e7o inoxid\u00e1vel. Roda tandem met\u00e1lica altamente regul\u00e1vel. Guia quadrada. Tratamento anti-calc\u00e1rio inclu\u00eddo.<\/p>\n<p>As cabinas de duche com painel deslizante s\u00e3o uma escolha popular para casas de banho de todas as dimens\u00f5es. Estas divis\u00f3rias oferecem um design elegante e funcional e poupam espa\u00e7o, permitindo que a porta deslize sobre calhas.<\/p>\n<p>As cabinas de duche com um painel deslizante oferecem uma s\u00e9rie de vantagens, incluindo as seguintes<br \/>\n- Design: As cabinas de duche com painel deslizante oferecem um design elegante e moderno. A porta desliza suavemente sobre os carris, criando uma sensa\u00e7\u00e3o de espa\u00e7o e leveza.<br \/>\n- Funcionalidade: As divis\u00f3rias de duche com um painel deslizante poupam espa\u00e7o, permitindo que a porta deslize sobre os carris. Isto \u00e9 ideal para casas de banho pequenas, pois permite um espa\u00e7o de acesso amplo e confort\u00e1vel.<br \/>\n- Est\u00e9tica: As divis\u00f3rias de duche com painel deslizante est\u00e3o dispon\u00edveis numa grande variedade de estilos e acabamentos, tornando poss\u00edvel encontrar a divis\u00f3ria de duche perfeita para qualquer casa de banho.<\/p>\n<p>As cabinas de duche com painel deslizante s\u00e3o uma op\u00e7\u00e3o elegante e funcional para casas de banho de todas as dimens\u00f5es. Estas divis\u00f3rias oferecem um design moderno e econ\u00f3mico em termos de espa\u00e7o e est\u00e3o dispon\u00edveis numa grande variedade de tamanhos, materiais e acabamentos.<\/p>","protected":false},"excerpt":{"rendered":"<p>Divis\u00f3ria de duche com um painel fixo e um painel de correr. Sem regula\u00e7\u00e3o, apenas absor\u00e7\u00e3o de um m\u00e1ximo de 1cm de cada lado. Vidro de 6 mm de espessura. Sem guia inferior. Pega retangular em a\u00e7o inoxid\u00e1vel. Roda tandem met\u00e1lica altamente regul\u00e1vel. Guia quadrada. Tratamento anti-calc\u00e1rio inclu\u00eddo.<\/p>\n<p>&nbsp;<\/p>\n<a href=\"https:\/\/pabano.com\/pt\/contacto\/?producto=Mampara%20de%20ducha%20SN-8295\" target=\"_blank\" class=\"button primary is-primary is-medium\" rel=\"noopener\" >\n\t\t<span>Solicite mais informa\u00e7\u00f5es<\/span>\n\t<\/a>","protected":false},"featured_media":3313,"comment_status":"open","ping_status":"closed","template":"","meta":[],"product_brand":[],"product_cat":[262],"product_tag":[],"class_list":{"0":"post-3375","1":"product","2":"type-product","3":"status-publish","4":"has-post-thumbnail","6":"product_cat-serie-saten","8":"first","9":"instock","10":"featured","11":"taxable","12":"shipping-taxable","13":"product-type-simple"},"_links":{"self":[{"href":"https:\/\/pabano.com\/pt\/wp-json\/wp\/v2\/product\/3375","targetHints":{"allow":["GET"]}}],"collection":[{"href":"https:\/\/pabano.com\/pt\/wp-json\/wp\/v2\/product"}],"about":[{"href":"https:\/\/pabano.com\/pt\/wp-json\/wp\/v2\/types\/product"}],"replies":[{"embeddable":true,"href":"https:\/\/pabano.com\/pt\/wp-json\/wp\/v2\/comments?post=3375"}],"wp:featuredmedia":[{"embeddable":true,"href":"https:\/\/pabano.com\/pt\/wp-json\/wp\/v2\/media\/3313"}],"wp:attachment":[{"href":"https:\/\/pabano.com\/pt\/wp-json\/wp\/v2\/media?parent=3375"}],"wp:term":[{"taxonomy":"product_brand","embeddable":true,"href":"https:\/\/pabano.com\/pt\/wp-json\/wp\/v2\/product_brand?post=3375"},{"taxonomy":"product_cat","embeddable":true,"href":"https:\/\/pabano.com\/pt\/wp-json\/wp\/v2\/product_cat?post=3375"},{"taxonomy":"product_tag","embeddable":true,"href":"https:\/\/pabano.com\/pt\/wp-json\/wp\/v2\/product_tag?post=3375"}],"curies":[{"name":"wp","href":"https:\/\/api.w.org\/{rel}","templated":true}]}}