{"id":3376,"date":"2023-09-28T20:26:31","date_gmt":"2023-09-28T18:26:31","guid":{"rendered":"https:\/\/pabano.com\/?post_type=product&#038;p=3376"},"modified":"2025-01-22T09:52:54","modified_gmt":"2025-01-22T08:52:54","slug":"mampara-sn-8495","status":"publish","type":"product","link":"https:\/\/pabano.com\/pt\/produto\/mampara-sn-8495\/","title":{"rendered":"Divis\u00f3ria de duche SN-8495"},"content":{"rendered":"<p>Divis\u00f3ria de duche com dois pain\u00e9is deslizantes e dois pain\u00e9is fixos. Sem regula\u00e7\u00e3o, apenas absor\u00e7\u00e3o de um m\u00e1ximo de 1cm de cada lado. Vidro de 6mm de espessura. Sem guia inferior. Pega retangular em a\u00e7o inoxid\u00e1vel. Roda tandem met\u00e1lica altamente regul\u00e1vel. Guia quadrada. Tratamento anti-calc\u00e1rio inclu\u00eddo.<\/p>\n<p>As divis\u00f3rias de duche deslizantes duplas s\u00e3o uma escolha popular para as casas de banho modernas. S\u00e3o elegantes, pr\u00e1ticas e f\u00e1ceis de instalar.<\/p>\n<p>As cabinas de duche com dois pain\u00e9is deslizantes oferecem uma s\u00e9rie de vantagens que as tornam uma boa escolha para casas de banho modernas:<br \/>\n- Pr\u00e1ticas: S\u00e3o f\u00e1ceis de abrir e fechar, mesmo com as m\u00e3os molhadas.<br \/>\n- Espa\u00e7oso: Os pain\u00e9is deslizantes poupam espa\u00e7o na casa de banho.<br \/>\n- Vers\u00e1teis: podem ser adaptados a diferentes tamanhos e formas de duche.<br \/>\n- Intemporal: O seu design elegante torna-os ideais para qualquer estilo de casa de banho.<\/p>\n<p>As divis\u00f3rias de duche com dois pain\u00e9is deslizantes s\u00e3o aquelas que abrem e fecham por meio de dois pain\u00e9is deslizantes. Estes pain\u00e9is deslizam sobre calhas instaladas na parte superior e inferior da cabina de duche, o que poupa espa\u00e7o e permite um acesso c\u00f3modo ao duche.<\/p>\n<p>As divis\u00f3rias de duche deslizantes duplas s\u00e3o uma op\u00e7\u00e3o muito vers\u00e1til e pr\u00e1tica para as casas de banho modernas. Oferecem uma s\u00e9rie de vantagens que as tornam uma boa escolha para qualquer casa.<\/p>","protected":false},"excerpt":{"rendered":"<p>Divis\u00f3ria de duche com dois pain\u00e9is deslizantes e dois pain\u00e9is fixos. Sem regula\u00e7\u00e3o, apenas absor\u00e7\u00e3o de um m\u00e1ximo de 1cm de cada lado. Vidro de 6mm de espessura. Sem guia inferior. Pega retangular em a\u00e7o inoxid\u00e1vel. Roda tandem met\u00e1lica altamente regul\u00e1vel. Guia quadrada. Tratamento anti-calc\u00e1rio inclu\u00eddo.<\/p>\n<p>&nbsp;<\/p>\n<a href=\"https:\/\/pabano.com\/pt\/contacto\/?producto=Mampara%20de%20ducha%20SN-8495\" target=\"_blank\" class=\"button primary is-primary is-medium\" rel=\"noopener\" >\n\t\t<span>Solicite mais informa\u00e7\u00f5es<\/span>\n\t<\/a>","protected":false},"featured_media":3314,"comment_status":"open","ping_status":"closed","template":"","meta":[],"product_brand":[],"product_cat":[262],"product_tag":[],"class_list":{"0":"post-3376","1":"product","2":"type-product","3":"status-publish","4":"has-post-thumbnail","6":"product_cat-serie-saten","8":"first","9":"instock","10":"featured","11":"taxable","12":"shipping-taxable","13":"product-type-simple"},"_links":{"self":[{"href":"https:\/\/pabano.com\/pt\/wp-json\/wp\/v2\/product\/3376","targetHints":{"allow":["GET"]}}],"collection":[{"href":"https:\/\/pabano.com\/pt\/wp-json\/wp\/v2\/product"}],"about":[{"href":"https:\/\/pabano.com\/pt\/wp-json\/wp\/v2\/types\/product"}],"replies":[{"embeddable":true,"href":"https:\/\/pabano.com\/pt\/wp-json\/wp\/v2\/comments?post=3376"}],"wp:featuredmedia":[{"embeddable":true,"href":"https:\/\/pabano.com\/pt\/wp-json\/wp\/v2\/media\/3314"}],"wp:attachment":[{"href":"https:\/\/pabano.com\/pt\/wp-json\/wp\/v2\/media?parent=3376"}],"wp:term":[{"taxonomy":"product_brand","embeddable":true,"href":"https:\/\/pabano.com\/pt\/wp-json\/wp\/v2\/product_brand?post=3376"},{"taxonomy":"product_cat","embeddable":true,"href":"https:\/\/pabano.com\/pt\/wp-json\/wp\/v2\/product_cat?post=3376"},{"taxonomy":"product_tag","embeddable":true,"href":"https:\/\/pabano.com\/pt\/wp-json\/wp\/v2\/product_tag?post=3376"}],"curies":[{"name":"wp","href":"https:\/\/api.w.org\/{rel}","templated":true}]}}