{"id":3377,"date":"2023-09-28T20:26:31","date_gmt":"2023-09-28T18:26:31","guid":{"rendered":"https:\/\/pabano.com\/?post_type=product&#038;p=3377"},"modified":"2025-01-22T09:53:09","modified_gmt":"2025-01-22T08:53:09","slug":"mampara-sn-8660","status":"publish","type":"product","link":"https:\/\/pabano.com\/pt\/produto\/mampara-sn-8660\/","title":{"rendered":"Divis\u00f3ria de duche SN-8660"},"content":{"rendered":"<p>Divis\u00f3ria de duche com abertura central, dois pain\u00e9is deslizantes e dois pain\u00e9is fixos. Sem regula\u00e7\u00e3o, apenas absor\u00e7\u00e3o de um m\u00e1ximo de 1cm de cada lado. Vidro de 6mm de espessura. Sem guia inferior. Pega retangular em a\u00e7o inoxid\u00e1vel. Roda tandem met\u00e1lica altamente regul\u00e1vel. Guia quadrada. Tratamento anti-calc\u00e1rio inclu\u00eddo.<\/p>\n<p>As divis\u00f3rias de duche de abertura central com dois pain\u00e9is deslizantes s\u00e3o a escolha ideal para casas de banho pequenas. S\u00e3o elegantes, pr\u00e1ticas e economizam espa\u00e7o.<\/p>\n<p>Os resguardos de duche de abertura central s\u00e3o aqueles que t\u00eam uma porta de correr no centro. Esta porta desliza sobre calhas instaladas na parte superior e inferior da divis\u00f3ria, permitindo que a abertura seja mais larga.<\/p>\n<p>As cabinas de duche de abertura central oferecem uma s\u00e9rie de vantagens que as tornam uma boa escolha para casas de banho pequenas:<br \/>\n- Economia de espa\u00e7o: As portas de correr permitem aproveitar ao m\u00e1ximo o espa\u00e7o do duche.<br \/>\n- Acesso c\u00f3modo: A abertura central facilita o acesso ao duche, mesmo para pessoas com mobilidade reduzida.<br \/>\n- Design elegante: As cabinas de duche de abertura central t\u00eam um design moderno e elegante que se enquadra em qualquer estilo de casa de banho.<\/p>\n<p>As divis\u00f3rias de duche de abertura central com dois pain\u00e9is deslizantes s\u00e3o uma op\u00e7\u00e3o muito pr\u00e1tica e vers\u00e1til para casas de banho pequenas. Oferecem uma s\u00e9rie de vantagens que as tornam uma escolha perfeita para qualquer casa.<\/p>","protected":false},"excerpt":{"rendered":"<p>Divis\u00f3ria de duche com abertura central, dois pain\u00e9is deslizantes e dois pain\u00e9is fixos. Sem regula\u00e7\u00e3o, apenas absor\u00e7\u00e3o de um m\u00e1ximo de 1cm de cada lado. Vidro de 6mm de espessura. Sem guia inferior. Pega retangular em a\u00e7o inoxid\u00e1vel. Roda tandem met\u00e1lica altamente regul\u00e1vel. Guia quadrada. Tratamento anti-calc\u00e1rio inclu\u00eddo.<\/p>\n<p>&nbsp;<\/p>\n<a href=\"https:\/\/pabano.com\/pt\/contacto\/?producto=Mampara%20de%20ducha%20SN-8660\" target=\"_blank\" class=\"button primary is-primary is-medium\" rel=\"noopener\" >\n\t\t<span>Solicite mais informa\u00e7\u00f5es<\/span>\n\t<\/a>","protected":false},"featured_media":3315,"comment_status":"open","ping_status":"closed","template":"","meta":[],"product_brand":[],"product_cat":[262],"product_tag":[],"class_list":{"0":"post-3377","1":"product","2":"type-product","3":"status-publish","4":"has-post-thumbnail","6":"product_cat-serie-saten","8":"first","9":"instock","10":"featured","11":"taxable","12":"shipping-taxable","13":"product-type-simple"},"_links":{"self":[{"href":"https:\/\/pabano.com\/pt\/wp-json\/wp\/v2\/product\/3377","targetHints":{"allow":["GET"]}}],"collection":[{"href":"https:\/\/pabano.com\/pt\/wp-json\/wp\/v2\/product"}],"about":[{"href":"https:\/\/pabano.com\/pt\/wp-json\/wp\/v2\/types\/product"}],"replies":[{"embeddable":true,"href":"https:\/\/pabano.com\/pt\/wp-json\/wp\/v2\/comments?post=3377"}],"wp:featuredmedia":[{"embeddable":true,"href":"https:\/\/pabano.com\/pt\/wp-json\/wp\/v2\/media\/3315"}],"wp:attachment":[{"href":"https:\/\/pabano.com\/pt\/wp-json\/wp\/v2\/media?parent=3377"}],"wp:term":[{"taxonomy":"product_brand","embeddable":true,"href":"https:\/\/pabano.com\/pt\/wp-json\/wp\/v2\/product_brand?post=3377"},{"taxonomy":"product_cat","embeddable":true,"href":"https:\/\/pabano.com\/pt\/wp-json\/wp\/v2\/product_cat?post=3377"},{"taxonomy":"product_tag","embeddable":true,"href":"https:\/\/pabano.com\/pt\/wp-json\/wp\/v2\/product_tag?post=3377"}],"curies":[{"name":"wp","href":"https:\/\/api.w.org\/{rel}","templated":true}]}}