{"id":3379,"date":"2023-09-28T20:26:32","date_gmt":"2023-09-28T18:26:32","guid":{"rendered":"https:\/\/pabano.com\/?post_type=product&#038;p=3379"},"modified":"2025-01-22T08:20:24","modified_gmt":"2025-01-22T07:20:24","slug":"plato-de-ducha-zenit","status":"publish","type":"product","link":"https:\/\/pabano.com\/pt\/produto\/plato-de-ducha-zenit\/","title":{"rendered":"Base de duche ZENIT"},"content":{"rendered":"<p>Base de duche em resina de poli\u00e9ster com cargas minerais de \u00faltima gera\u00e7\u00e3o. Possibilidade de corte noutras medidas. Dispon\u00edvel em branco, para outras cores, consultar a disponibilidade.<br \/>\nV\u00e1lvula inclu\u00edda. Dreno oculto com evacua\u00e7\u00e3o de 30 litros por minuto.<br \/>\nRevestido com material antibacteriano GelCoat e antiderrapante C3.<\/p>\n<p>Tamanhos dispon\u00edveis:<br \/>\n- Largura: de 70cm a 100cm<br \/>\n- Comprimento: de 100cm a 200cm<\/p>\n<p>O peso total da placa \u00e9 40% inferior ao de outras no mercado. F\u00e1cil remo\u00e7\u00e3o de eventuais riscos pelo utilizador. Dispon\u00edvel em RAL: 9001, 9003, 1001, 7016, 7035, 7037. Tabuleiros com um comprimento igual ou superior a 2 metros, o escoamento \u00e9 sempre no centro. N\u00e3o pode ir para o lado.<\/p>","protected":false},"excerpt":{"rendered":"<p>Base de duche em resina de poli\u00e9ster com cargas minerais de \u00faltima gera\u00e7\u00e3o. Possibilidade de corte noutras medidas. Dispon\u00edvel em branco, para outras cores, consultar a disponibilidade.<\/p>\n<p>&nbsp;<\/p>\n<a href=\"https:\/\/pabano.com\/pt\/contacto\/?producto=Plato%20de%20Ducha%20ZENIT\" target=\"_blank\" class=\"button primary is-primary is-medium\" rel=\"noopener\" >\n\t\t<span>Solicite mais informa\u00e7\u00f5es<\/span>\n\t<\/a>","protected":false},"featured_media":3210,"comment_status":"open","ping_status":"closed","template":"","meta":[],"product_brand":[],"product_cat":[263],"product_tag":[],"class_list":{"0":"post-3379","1":"product","2":"type-product","3":"status-publish","4":"has-post-thumbnail","6":"product_cat-serie-zenit","8":"first","9":"instock","10":"featured","11":"taxable","12":"shipping-taxable","13":"product-type-simple"},"_links":{"self":[{"href":"https:\/\/pabano.com\/pt\/wp-json\/wp\/v2\/product\/3379","targetHints":{"allow":["GET"]}}],"collection":[{"href":"https:\/\/pabano.com\/pt\/wp-json\/wp\/v2\/product"}],"about":[{"href":"https:\/\/pabano.com\/pt\/wp-json\/wp\/v2\/types\/product"}],"replies":[{"embeddable":true,"href":"https:\/\/pabano.com\/pt\/wp-json\/wp\/v2\/comments?post=3379"}],"wp:featuredmedia":[{"embeddable":true,"href":"https:\/\/pabano.com\/pt\/wp-json\/wp\/v2\/media\/3210"}],"wp:attachment":[{"href":"https:\/\/pabano.com\/pt\/wp-json\/wp\/v2\/media?parent=3379"}],"wp:term":[{"taxonomy":"product_brand","embeddable":true,"href":"https:\/\/pabano.com\/pt\/wp-json\/wp\/v2\/product_brand?post=3379"},{"taxonomy":"product_cat","embeddable":true,"href":"https:\/\/pabano.com\/pt\/wp-json\/wp\/v2\/product_cat?post=3379"},{"taxonomy":"product_tag","embeddable":true,"href":"https:\/\/pabano.com\/pt\/wp-json\/wp\/v2\/product_tag?post=3379"}],"curies":[{"name":"wp","href":"https:\/\/api.w.org\/{rel}","templated":true}]}}