{"id":3813,"date":"2025-03-29T10:16:30","date_gmt":"2025-03-29T09:16:30","guid":{"rendered":"https:\/\/pabano.com\/?post_type=product&#038;p=3813"},"modified":"2025-12-09T12:27:56","modified_gmt":"2025-12-09T11:27:56","slug":"burlete-universal","status":"publish","type":"product","link":"https:\/\/pabano.com\/pt\/produto\/burlete-universal\/","title":{"rendered":"Guarni\u00e7\u00e3o universal"},"content":{"rendered":"<p>Mantenga su ba\u00f1o impecable y seco con nuestro Burlete Universal, la soluci\u00f3n ideal para asegurar la estanqueidad perfecta de su mampara de ducha. Un componente esencial para la durabilidad y funcionalidad de su espacio.<\/p>\n<ul>\n<li>Compatibilidad universal con la mayor\u00eda de mamparas.<\/li>\n<li>Fabricado con PVC de alta calidad, resistente y flexible.<\/li>\n<li>Dise\u00f1o optimizado para una instalaci\u00f3n sencilla y r\u00e1pida.<\/li>\n<li>Sellado eficaz que previene fugas de agua.<\/li>\n<\/ul>\n<p>Este burlete no solo evita molestos derrames, sino que tambi\u00e9n protege su suelo y mobiliario del da\u00f1o por humedad, prolongando la vida \u00fatil de su ba\u00f1o. Su f\u00e1cil colocaci\u00f3n le permite renovar el rendimiento de su mampara sin complicaciones. Disfrute de un ba\u00f1o m\u00e1s limpio y seguro.<\/p>\n<p>El material de PVC garantiza una larga durabilidad y es f\u00e1cil de limpiar, manteniendo la higiene. Una inversi\u00f3n inteligente para el mantenimiento \u00f3ptimo de su mampara.<\/p>","protected":false},"excerpt":{"rendered":"<p>Se voc\u00ea precisar de uma veda\u00e7\u00e3o para sua tela que n\u00e3o seja da Paba\u00f1o<\/p>\n<p>N\u00c3O SE PREOCUPE!<\/p>\n<p>Solicite &quot;Mais informa\u00e7\u00f5es&quot; para entrar em contato com nossa equipe e fornecer detalhes sobre sua veda\u00e7\u00e3o (marca, modelo, medidas e at\u00e9 fotos). Gra\u00e7as a essas informa\u00e7\u00f5es, podemos lhe entregar sua pe\u00e7a de reposi\u00e7\u00e3o, independentemente da marca, num piscar de olhos.<\/p>\n<a href=\"https:\/\/pabano.com\/pt\/contacto\/?producto=Repuestos\" class=\"button primary is-primary is-medium\" >\n\t\t<span>Mais informa\u00e7\u00f5es<\/span>\n\t<\/a>","protected":false},"featured_media":3865,"comment_status":"closed","ping_status":"closed","template":"","meta":[],"product_brand":[],"product_cat":[299,63],"product_tag":[],"class_list":{"0":"post-3813","1":"product","2":"type-product","3":"status-publish","4":"has-post-thumbnail","6":"product_cat-burletes-mampara","7":"product_cat-products","9":"first","10":"onbackorder","11":"taxable","12":"shipping-taxable","13":"product-type-simple"},"_links":{"self":[{"href":"https:\/\/pabano.com\/pt\/wp-json\/wp\/v2\/product\/3813","targetHints":{"allow":["GET"]}}],"collection":[{"href":"https:\/\/pabano.com\/pt\/wp-json\/wp\/v2\/product"}],"about":[{"href":"https:\/\/pabano.com\/pt\/wp-json\/wp\/v2\/types\/product"}],"replies":[{"embeddable":true,"href":"https:\/\/pabano.com\/pt\/wp-json\/wp\/v2\/comments?post=3813"}],"wp:featuredmedia":[{"embeddable":true,"href":"https:\/\/pabano.com\/pt\/wp-json\/wp\/v2\/media\/3865"}],"wp:attachment":[{"href":"https:\/\/pabano.com\/pt\/wp-json\/wp\/v2\/media?parent=3813"}],"wp:term":[{"taxonomy":"product_brand","embeddable":true,"href":"https:\/\/pabano.com\/pt\/wp-json\/wp\/v2\/product_brand?post=3813"},{"taxonomy":"product_cat","embeddable":true,"href":"https:\/\/pabano.com\/pt\/wp-json\/wp\/v2\/product_cat?post=3813"},{"taxonomy":"product_tag","embeddable":true,"href":"https:\/\/pabano.com\/pt\/wp-json\/wp\/v2\/product_tag?post=3813"}],"curies":[{"name":"wp","href":"https:\/\/api.w.org\/{rel}","templated":true}]}}