{"id":3816,"date":"2025-03-29T10:24:41","date_gmt":"2025-03-29T09:24:41","guid":{"rendered":"https:\/\/pabano.com\/?post_type=product&#038;p=3816"},"modified":"2025-12-09T12:32:20","modified_gmt":"2025-12-09T11:32:20","slug":"guia-universal","status":"publish","type":"product","link":"https:\/\/pabano.com\/pt\/produto\/guia-universal\/","title":{"rendered":"Guia Universal"},"content":{"rendered":"[BOS] Introduction: La Gu\u00eda Universal es una soluci\u00f3n vers\u00e1til y de alta calidad dise\u00f1ada para garantizar la estabilidad y durabilidad de las mamparas de ba\u00f1o. Perfecta para instalaciones nuevas o para reemplazar gu\u00edas da\u00f1adas, esta pieza es esencial para el correcto funcionamiento de las puertas de ducha o mamparas. Key Features: &#8211; Compatible con la mayor\u00eda de mamparas de ba\u00f1o est\u00e1ndar. &#8211; Fabricada en materiales resistentes a la corrosi\u00f3n y al \u00f3xido. &#8211; F\u00e1cil instalaci\u00f3n sin necesidad de herramientas especializadas. &#8211; Dise\u00f1o universal que se adapta a diferentes modelos y tama\u00f1os. Benefits &amp; Usage: Con la Gu\u00eda Universal, podr\u00e1s mantener la alineaci\u00f3n perfecta de tus mamparas, evitando fugas de agua y asegurando un cerrado herm\u00e9tico. Ideal tanto para profesionales de la construcci\u00f3n como para aficionados al bricolaje, esta gu\u00eda no solo prolonga la vida \u00fatil de tu mampara, sino que tambi\u00e9n mejora su funcionalidad. Additional Info: Hecha de aleaciones de alta calidad, esta gu\u00eda es resistente a la humedad y a los cambios de temperatura, garantizando un rendimiento \u00f3ptimo durante a\u00f1os. Su dise\u00f1o modular permite ajustes precisos, asegurando un ajuste perfecto en cualquier instalaci\u00f3n. [\/BOS]\n","protected":false},"excerpt":{"rendered":"<p>Se voc\u00ea precisar de um guia para sua tela que n\u00e3o seja da Paba\u00f1o<\/p>\n<p>N\u00c3O SE PREOCUPE!<\/p>\n<p>Solicite &quot;Mais Informa\u00e7\u00f5es&quot; para entrar em contato com nossa equipe e detalhar todas as caracter\u00edsticas do seu guia (marca, modelo, medidas e at\u00e9 fotografias). Gra\u00e7as a essas informa\u00e7\u00f5es, podemos lhe entregar sua pe\u00e7a de reposi\u00e7\u00e3o, independentemente da marca, num piscar de olhos.<\/p>\n<a href=\"https:\/\/pabano.com\/pt\/contacto\/?producto=Repuestos\" class=\"button primary is-primary is-medium\" >\n\t\t<span>Mais informa\u00e7\u00f5es<\/span>\n\t<\/a>","protected":false},"featured_media":3852,"comment_status":"closed","ping_status":"closed","template":"","meta":[],"product_brand":[],"product_cat":[302,63],"product_tag":[],"class_list":{"0":"post-3816","1":"product","2":"type-product","3":"status-publish","4":"has-post-thumbnail","6":"product_cat-guias-mampara","7":"product_cat-products","9":"first","10":"onbackorder","11":"taxable","12":"shipping-taxable","13":"product-type-simple"},"_links":{"self":[{"href":"https:\/\/pabano.com\/pt\/wp-json\/wp\/v2\/product\/3816","targetHints":{"allow":["GET"]}}],"collection":[{"href":"https:\/\/pabano.com\/pt\/wp-json\/wp\/v2\/product"}],"about":[{"href":"https:\/\/pabano.com\/pt\/wp-json\/wp\/v2\/types\/product"}],"replies":[{"embeddable":true,"href":"https:\/\/pabano.com\/pt\/wp-json\/wp\/v2\/comments?post=3816"}],"wp:featuredmedia":[{"embeddable":true,"href":"https:\/\/pabano.com\/pt\/wp-json\/wp\/v2\/media\/3852"}],"wp:attachment":[{"href":"https:\/\/pabano.com\/pt\/wp-json\/wp\/v2\/media?parent=3816"}],"wp:term":[{"taxonomy":"product_brand","embeddable":true,"href":"https:\/\/pabano.com\/pt\/wp-json\/wp\/v2\/product_brand?post=3816"},{"taxonomy":"product_cat","embeddable":true,"href":"https:\/\/pabano.com\/pt\/wp-json\/wp\/v2\/product_cat?post=3816"},{"taxonomy":"product_tag","embeddable":true,"href":"https:\/\/pabano.com\/pt\/wp-json\/wp\/v2\/product_tag?post=3816"}],"curies":[{"name":"wp","href":"https:\/\/api.w.org\/{rel}","templated":true}]}}