{"id":3817,"date":"2025-03-29T10:26:39","date_gmt":"2025-03-29T09:26:39","guid":{"rendered":"https:\/\/pabano.com\/?post_type=product&#038;p=3817"},"modified":"2025-12-09T12:32:19","modified_gmt":"2025-12-09T11:32:19","slug":"iman-universal","status":"publish","type":"product","link":"https:\/\/pabano.com\/pt\/produto\/iman-universal\/","title":{"rendered":"\u00cdm\u00e3 Universal"},"content":{"rendered":"<p>Elevate la funcionalidad de tu mampara de ba\u00f1o con nuestro Im\u00e1n Universal, una soluci\u00f3n pr\u00e1ctica y vers\u00e1til para mantenerla en su lugar de manera segura y eficiente. Este accesorio es ideal para garantizar un cierre herm\u00e9tico, evitando fugas de agua y mejorando la privacidad en tu espacio de ba\u00f1o.<\/p>\n<ul>\n<li>Material duradero: Fabricado en acero de alta calidad, resiste la humedad y la corrosi\u00f3n.<\/li>\n<li>Dise\u00f1o universal: Compatible con la mayor\u00eda de mamparas de ba\u00f1o, independientemente del modelo.<\/li>\n<li>F\u00e1cil instalaci\u00f3n: Se adhiere sin necesidad de herramientas complicadas, ofreciendo una soluci\u00f3n r\u00e1pida y sencilla.<\/li>\n<li>Cierre seguro: Mantiene la mampara en su lugar, evitando golpes o movimientos no deseados.<\/li>\n<\/ul>\n<p>Con nuestro Im\u00e1n Universal, disfrutar\u00e1s de un ba\u00f1o m\u00e1s ordenado y funcional. Ideal para familias con ni\u00f1os, este im\u00e1n evita que la mampara se abra accidentalmente, protegiendo tanto la mampara como a quienes la usan. Adem\u00e1s, su dise\u00f1o discreto se integra perfectamente con cualquier estilo de ba\u00f1o, sin comprometer la est\u00e9tica.<\/p>\n<p>Fabricado en acero inoxidable, este im\u00e1n es resistente a la oxidaci\u00f3n y al desgaste, asegurando una larga vida \u00fatil. Para mantenerlo en \u00f3ptimas condiciones, limpie con un pa\u00f1o h\u00famedo y evite el uso de productos abrasivos.<\/p>","protected":false},"excerpt":{"rendered":"<p>Se voc\u00ea precisa de um \u00edm\u00e3 para sua tela que n\u00e3o seja da Paba\u00f1o<\/p>\n<p>N\u00c3O SE PREOCUPE!<\/p>\n<p>Solicite &quot;Mais Informa\u00e7\u00f5es&quot; para entrar em contato com nossa equipe e detalhar todas as caracter\u00edsticas do seu \u00edm\u00e3 (marca, modelo, medidas e at\u00e9 fotografias). Gra\u00e7as a essas informa\u00e7\u00f5es, podemos lhe entregar sua pe\u00e7a de reposi\u00e7\u00e3o, independentemente da marca, num piscar de olhos.<\/p>\n<a href=\"https:\/\/pabano.com\/pt\/contacto\/?producto=Repuestos\" class=\"button primary is-primary is-medium\" >\n\t\t<span>Mais informa\u00e7\u00f5es<\/span>\n\t<\/a>","protected":false},"featured_media":3853,"comment_status":"closed","ping_status":"closed","template":"","meta":[],"product_brand":[],"product_cat":[312,63],"product_tag":[],"class_list":{"0":"post-3817","1":"product","2":"type-product","3":"status-publish","4":"has-post-thumbnail","6":"product_cat-imanes-mampara","7":"product_cat-products","9":"first","10":"onbackorder","11":"taxable","12":"shipping-taxable","13":"product-type-simple"},"_links":{"self":[{"href":"https:\/\/pabano.com\/pt\/wp-json\/wp\/v2\/product\/3817","targetHints":{"allow":["GET"]}}],"collection":[{"href":"https:\/\/pabano.com\/pt\/wp-json\/wp\/v2\/product"}],"about":[{"href":"https:\/\/pabano.com\/pt\/wp-json\/wp\/v2\/types\/product"}],"replies":[{"embeddable":true,"href":"https:\/\/pabano.com\/pt\/wp-json\/wp\/v2\/comments?post=3817"}],"wp:featuredmedia":[{"embeddable":true,"href":"https:\/\/pabano.com\/pt\/wp-json\/wp\/v2\/media\/3853"}],"wp:attachment":[{"href":"https:\/\/pabano.com\/pt\/wp-json\/wp\/v2\/media?parent=3817"}],"wp:term":[{"taxonomy":"product_brand","embeddable":true,"href":"https:\/\/pabano.com\/pt\/wp-json\/wp\/v2\/product_brand?post=3817"},{"taxonomy":"product_cat","embeddable":true,"href":"https:\/\/pabano.com\/pt\/wp-json\/wp\/v2\/product_cat?post=3817"},{"taxonomy":"product_tag","embeddable":true,"href":"https:\/\/pabano.com\/pt\/wp-json\/wp\/v2\/product_tag?post=3817"}],"curies":[{"name":"wp","href":"https:\/\/api.w.org\/{rel}","templated":true}]}}