{"id":3819,"date":"2025-03-29T10:28:19","date_gmt":"2025-03-29T09:28:19","guid":{"rendered":"https:\/\/pabano.com\/?post_type=product&#038;p=3819"},"modified":"2025-12-09T12:33:10","modified_gmt":"2025-12-09T11:33:10","slug":"junta-universal","status":"publish","type":"product","link":"https:\/\/pabano.com\/pt\/produto\/junta-universal\/","title":{"rendered":"Conselho Universal"},"content":{"rendered":"<p>La Junta Universal es la soluci\u00f3n perfecta para reparar y mantener tus puertas de ba\u00f1o en \u00f3ptimas condiciones. Dise\u00f1ada para garantizar un cierre suave y eficiente, esta junta es esencial para prolongar la vida \u00fatil de tus puertas y evitar fugas de agua. Ideal para usuarios que buscan una soluci\u00f3n r\u00e1pida y duradera, nuestra Junta Universal se adapta a m\u00faltiples modelos de puertas de ba\u00f1o, ofreciendo versatilidad y facilidad de instalaci\u00f3n. &#8211; Compatible con una amplia gama de puertas de ba\u00f1o. &#8211; Fabricada en materiales de alta calidad para mayor durabilidad. &#8211; Dise\u00f1o antideslizante para un cierre perfecto. &#8211; F\u00e1cil de instalar, sin necesidad de herramientas especiales. La Junta Universal no solo mejora el rendimiento de tus puertas, sino que tambi\u00e9n previene la humedad y posibles da\u00f1os en el ba\u00f1o. Su instalaci\u00f3n r\u00e1pida permite ahorrar tiempo y esfuerzo, haciendo que sea una inversi\u00f3n inteligente para el mantenimiento de tu ba\u00f1o. Fabricada con materiales resistentes a la humedad y al desgaste, esta junta garantiza un funcionamiento \u00f3ptimo durante a\u00f1os. Para mantenerla en perfectas condiciones, limpia con un pa\u00f1o h\u00famedo y evita productos abrasivos. Ideal para reparaciones o mejoras en ba\u00f1os, la Junta Universal es la elecci\u00f3n confiable para quienes buscan calidad y eficiencia.<\/p>","protected":false},"excerpt":{"rendered":"<p>Se voc\u00ea precisar de uma junta para sua tela que n\u00e3o seja da Paba\u00f1o<\/p>\n<p>N\u00c3O SE PREOCUPE!<\/p>\n<p>Solicite &quot;Mais informa\u00e7\u00f5es&quot; para entrar em contato com nossa equipe e fornecer detalhes da sua junta (marca, modelo, medidas e at\u00e9 fotos). Gra\u00e7as a essas informa\u00e7\u00f5es, podemos lhe entregar sua pe\u00e7a de reposi\u00e7\u00e3o, independentemente da marca, num piscar de olhos.<\/p>\n<a href=\"https:\/\/pabano.com\/pt\/contacto\/?producto=Repuestos\" class=\"button primary is-primary is-medium\" >\n\t\t<span>Mais informa\u00e7\u00f5es<\/span>\n\t<\/a>","protected":false},"featured_media":3854,"comment_status":"closed","ping_status":"closed","template":"","meta":[],"product_brand":[],"product_cat":[304,63],"product_tag":[],"class_list":{"0":"post-3819","1":"product","2":"type-product","3":"status-publish","4":"has-post-thumbnail","6":"product_cat-juntas-mampara","7":"product_cat-products","9":"first","10":"onbackorder","11":"taxable","12":"shipping-taxable","13":"product-type-simple"},"_links":{"self":[{"href":"https:\/\/pabano.com\/pt\/wp-json\/wp\/v2\/product\/3819","targetHints":{"allow":["GET"]}}],"collection":[{"href":"https:\/\/pabano.com\/pt\/wp-json\/wp\/v2\/product"}],"about":[{"href":"https:\/\/pabano.com\/pt\/wp-json\/wp\/v2\/types\/product"}],"replies":[{"embeddable":true,"href":"https:\/\/pabano.com\/pt\/wp-json\/wp\/v2\/comments?post=3819"}],"wp:featuredmedia":[{"embeddable":true,"href":"https:\/\/pabano.com\/pt\/wp-json\/wp\/v2\/media\/3854"}],"wp:attachment":[{"href":"https:\/\/pabano.com\/pt\/wp-json\/wp\/v2\/media?parent=3819"}],"wp:term":[{"taxonomy":"product_brand","embeddable":true,"href":"https:\/\/pabano.com\/pt\/wp-json\/wp\/v2\/product_brand?post=3819"},{"taxonomy":"product_cat","embeddable":true,"href":"https:\/\/pabano.com\/pt\/wp-json\/wp\/v2\/product_cat?post=3819"},{"taxonomy":"product_tag","embeddable":true,"href":"https:\/\/pabano.com\/pt\/wp-json\/wp\/v2\/product_tag?post=3819"}],"curies":[{"name":"wp","href":"https:\/\/api.w.org\/{rel}","templated":true}]}}