{"id":3826,"date":"2025-03-29T10:32:13","date_gmt":"2025-03-29T09:32:13","guid":{"rendered":"https:\/\/pabano.com\/?post_type=product&#038;p=3826"},"modified":"2025-12-09T12:27:50","modified_gmt":"2025-12-09T11:27:50","slug":"rueda-universal","status":"publish","type":"product","link":"https:\/\/pabano.com\/pt\/produto\/rueda-universal\/","title":{"rendered":"Roda Universal"},"content":{"rendered":"<p>Asegure el deslizamiento impecable de su mampara de ba\u00f1o con nuestra Rueda Universal. Dise\u00f1ada para la m\u00e1xima funcionalidad, esta rueda es el recambio esencial para mantener su ducha en \u00f3ptimas condiciones.<\/p>\n<ul>\n<li>Compatibilidad universal con la mayor\u00eda de mamparas.<\/li>\n<li>Fabricaci\u00f3n robusta para una durabilidad prolongada.<\/li>\n<li>Rodamiento suave que evita atascos y ruidos.<\/li>\n<li>Instalaci\u00f3n sencilla para un reemplazo r\u00e1pido.<\/li>\n<\/ul>\n<p>Esta rueda garantiza un funcionamiento fluido y silencioso de su mampara, eliminando la fricci\u00f3n y el esfuerzo al abrir o cerrar. Prolonge la vida \u00fatil de su mampara y disfrute de una experiencia de ducha sin interrupciones. Es la soluci\u00f3n ideal para restaurar la funcionalidad original.<\/p>\n<p>Fabricada con materiales de alta calidad, incluyendo un eje resistente y rodamientos de precisi\u00f3n, esta rueda est\u00e1 dise\u00f1ada para soportar el uso diario en ambientes h\u00famedos. Opte por la calidad y funcionalidad que su ba\u00f1o merece.<\/p>","protected":false},"excerpt":{"rendered":"<p>Se voc\u00ea precisa de uma roda para sua tela que n\u00e3o seja da Paba\u00f1o<\/p>\n<p>N\u00c3O SE PREOCUPE!<\/p>\n<p>Solicite &quot;Mais informa\u00e7\u00f5es&quot; para entrar em contato com nossa equipe e fornecer detalhes da sua roda (marca, modelo, medidas e at\u00e9 fotos). Gra\u00e7as a essas informa\u00e7\u00f5es, podemos lhe entregar sua pe\u00e7a de reposi\u00e7\u00e3o, independentemente da marca, num piscar de olhos.<\/p>\n<a href=\"https:\/\/pabano.com\/pt\/contacto\/?producto=Repuestos\" class=\"button primary is-primary is-medium\" >\n\t\t<span>Mais informa\u00e7\u00f5es<\/span>\n\t<\/a>","protected":false},"featured_media":3859,"comment_status":"closed","ping_status":"closed","template":"","meta":[],"product_brand":[],"product_cat":[63,309],"product_tag":[],"class_list":{"0":"post-3826","1":"product","2":"type-product","3":"status-publish","4":"has-post-thumbnail","6":"product_cat-products","7":"product_cat-ruedas-mampara","9":"first","10":"onbackorder","11":"taxable","12":"shipping-taxable","13":"product-type-simple"},"_links":{"self":[{"href":"https:\/\/pabano.com\/pt\/wp-json\/wp\/v2\/product\/3826","targetHints":{"allow":["GET"]}}],"collection":[{"href":"https:\/\/pabano.com\/pt\/wp-json\/wp\/v2\/product"}],"about":[{"href":"https:\/\/pabano.com\/pt\/wp-json\/wp\/v2\/types\/product"}],"replies":[{"embeddable":true,"href":"https:\/\/pabano.com\/pt\/wp-json\/wp\/v2\/comments?post=3826"}],"wp:featuredmedia":[{"embeddable":true,"href":"https:\/\/pabano.com\/pt\/wp-json\/wp\/v2\/media\/3859"}],"wp:attachment":[{"href":"https:\/\/pabano.com\/pt\/wp-json\/wp\/v2\/media?parent=3826"}],"wp:term":[{"taxonomy":"product_brand","embeddable":true,"href":"https:\/\/pabano.com\/pt\/wp-json\/wp\/v2\/product_brand?post=3826"},{"taxonomy":"product_cat","embeddable":true,"href":"https:\/\/pabano.com\/pt\/wp-json\/wp\/v2\/product_cat?post=3826"},{"taxonomy":"product_tag","embeddable":true,"href":"https:\/\/pabano.com\/pt\/wp-json\/wp\/v2\/product_tag?post=3826"}],"curies":[{"name":"wp","href":"https:\/\/api.w.org\/{rel}","templated":true}]}}